{"id":7351,"date":"2021-02-09T16:10:40","date_gmt":"2021-02-09T16:10:40","guid":{"rendered":"https:\/\/back.mascotarea.com\/producto\/royal-canin-maxi-dermacomfort-12kg\/"},"modified":"2023-06-04T06:09:38","modified_gmt":"2023-06-04T06:09:38","slug":"royal-canin-maxi-dermacomfort-12kg","status":"publish","type":"product","link":"https:\/\/back.mascotarea.com\/?product=royal-canin-maxi-dermacomfort-12kg","title":{"rendered":"Royal Canin Maxi Dermacomfort 12kg"},"content":{"rendered":"<p>Composici\u00f3n: trigo, aislado de prote\u00ednas vegetales*, arroz, grasas animales, gluten de ma\u00edz, ma\u00edz, avena descascarillada, minerales, hidrolizado de prote\u00ednas animales, aceite de soja, pulpa de remolacha, aceite de pescado, semillas de lino, fructo-oligosac\u00e1ridos, aceite de borraja, extracto de rosa de la India (fuente de lute\u00edna).<\/p>\n<p><\/p>\n<p>Aditivos (por kg): Aditivos nutricionales: Vitamina A: 29500 UI, Vitamina D3: 800 UI, E1 (Hierro): 73 mg, E2 (Yodo): 6,1 mg, E4 (Cobre): 15 mg, E5 (Manganeso): 75 mg, E6 (Zinc): 148 mg, E8 (Selenio): 0,19 mg &#8211; Conservantes &#8211; Antioxidantes.<\/p>\n<p><\/p>\n<p>Componentes anal\u00edticos: Prote\u00edna bruta: 25,0% &#8211; Grasa bruta: 17,0% &#8211; Ceniza bruta: 5,9% &#8211; Fibra bruta: 1,6% &#8211; Por kg: \u00c1cidos grasos omega 6: 36,0 g incluyendo \u00e1cido gamma linol\u00e9nico: 0,3 g &#8211; \u00c1cidos grasos omega 3: 11,4 g incluyendo EPA\/DHA: 4,0 g. <\/p>\n","protected":false},"excerpt":{"rendered":"<p><\/p>\n<p>Alimento completo para perros &#8211; Para perros adultos y maduros de razas grandes (de 26 a 44 kg) &#8211; A partir de los 15 meses de edad &#8211; Perros propensos a la irritaci\u00f3n cut\u00e1nea y a los picores.<\/p>\n","protected":false},"featured_media":7350,"comment_status":"open","ping_status":"closed","template":"","meta":{"_uag_custom_page_level_css":"","_themeisle_gutenberg_block_has_review":false},"product_cat":[192],"product_tag":[],"class_list":{"0":"post-7351","1":"product","2":"type-product","3":"status-publish","4":"has-post-thumbnail","6":"product_cat-pienso-seco-para-perro","8":"first","9":"outofstock","10":"taxable","11":"shipping-taxable","12":"purchasable","13":"product-type-simple","14":"customify-col"},"uagb_featured_image_src":{"full":["https:\/\/back.mascotarea.com\/wp-content\/uploads\/2021\/02\/royal-canin-maxi-dermacomfort-12kg_25612.jpg",800,1000,false],"thumbnail":["https:\/\/back.mascotarea.com\/wp-content\/uploads\/2021\/02\/royal-canin-maxi-dermacomfort-12kg_25612-150x150.jpg",150,150,true],"medium":["https:\/\/back.mascotarea.com\/wp-content\/uploads\/2021\/02\/royal-canin-maxi-dermacomfort-12kg_25612-240x300.jpg",240,300,true],"medium_large":["https:\/\/back.mascotarea.com\/wp-content\/uploads\/2021\/02\/royal-canin-maxi-dermacomfort-12kg_25612-768x960.jpg",768,960,true],"large":["https:\/\/back.mascotarea.com\/wp-content\/uploads\/2021\/02\/royal-canin-maxi-dermacomfort-12kg_25612.jpg",800,1000,false],"1536x1536":["https:\/\/back.mascotarea.com\/wp-content\/uploads\/2021\/02\/royal-canin-maxi-dermacomfort-12kg_25612.jpg",800,1000,false],"2048x2048":["https:\/\/back.mascotarea.com\/wp-content\/uploads\/2021\/02\/royal-canin-maxi-dermacomfort-12kg_25612.jpg",800,1000,false],"woocommerce_thumbnail":["https:\/\/back.mascotarea.com\/wp-content\/uploads\/2021\/02\/royal-canin-maxi-dermacomfort-12kg_25612-200x200.jpg",200,200,true],"woocommerce_single":["https:\/\/back.mascotarea.com\/wp-content\/uploads\/2021\/02\/royal-canin-maxi-dermacomfort-12kg_25612-200x250.jpg",200,250,true],"woocommerce_gallery_thumbnail":["https:\/\/back.mascotarea.com\/wp-content\/uploads\/2021\/02\/royal-canin-maxi-dermacomfort-12kg_25612-100x100.jpg",100,100,true],"dgwt-wcas-product-suggestion":["https:\/\/back.mascotarea.com\/wp-content\/uploads\/2021\/02\/royal-canin-maxi-dermacomfort-12kg_25612-64x80.jpg",64,80,true]},"uagb_author_info":{"display_name":"Roberto","author_link":"https:\/\/back.mascotarea.com\/?author=0"},"uagb_comment_info":0,"uagb_excerpt":"Alimento completo para perros - Para perros adultos y maduros de razas grandes (de 26 a 44 kg) - A partir de los 15 meses de edad - Perros propensos a la irritaci\u00f3n cut\u00e1nea y a los picores.","_links":{"self":[{"href":"https:\/\/back.mascotarea.com\/index.php?rest_route=\/wp\/v2\/product\/7351","targetHints":{"allow":["GET"]}}],"collection":[{"href":"https:\/\/back.mascotarea.com\/index.php?rest_route=\/wp\/v2\/product"}],"about":[{"href":"https:\/\/back.mascotarea.com\/index.php?rest_route=\/wp\/v2\/types\/product"}],"replies":[{"embeddable":true,"href":"https:\/\/back.mascotarea.com\/index.php?rest_route=%2Fwp%2Fv2%2Fcomments&post=7351"}],"wp:featuredmedia":[{"embeddable":true,"href":"https:\/\/back.mascotarea.com\/index.php?rest_route=\/wp\/v2\/media\/7350"}],"wp:attachment":[{"href":"https:\/\/back.mascotarea.com\/index.php?rest_route=%2Fwp%2Fv2%2Fmedia&parent=7351"}],"wp:term":[{"taxonomy":"product_cat","embeddable":true,"href":"https:\/\/back.mascotarea.com\/index.php?rest_route=%2Fwp%2Fv2%2Fproduct_cat&post=7351"},{"taxonomy":"product_tag","embeddable":true,"href":"https:\/\/back.mascotarea.com\/index.php?rest_route=%2Fwp%2Fv2%2Fproduct_tag&post=7351"}],"curies":[{"name":"wp","href":"https:\/\/api.w.org\/{rel}","templated":true}]}}