{"id":7361,"date":"2021-02-12T11:30:25","date_gmt":"2021-02-12T11:30:25","guid":{"rendered":"https:\/\/back.mascotarea.com\/producto\/royal-canin-medium-adult-15-3kg\/"},"modified":"2024-07-09T11:27:08","modified_gmt":"2024-07-09T11:27:08","slug":"royal-canin-medium-adult-15-3kg","status":"publish","type":"product","link":"https:\/\/back.mascotarea.com\/?product=royal-canin-medium-adult-15-3kg","title":{"rendered":"Royal Canin Medium Adult 15+3kg"},"content":{"rendered":"<p>Composici\u00f3n: prote\u00ednas de ave deshidratadas, ma\u00edz, harina de ma\u00edz, harina de trigo, grasas animales, trigo, hidrolizado de prote\u00ednas animales, pulpa de remolacha, aceite de pescado, aceite de soja, levaduras completas y partes de las mismas, minerales, hidrolizado de levaduras (fuente de manano-oligosac\u00e1ridos (0,05%)).<\/p>\n<p><\/p>\n<p>Aditivos (por kg): Aditivos nutricionales: Vitamina A: 12500 UI, Vitamina D3: 800 UI, E1 (Hierro): 40 mg, E2 (Yodo): 4 mg, E4 (Cobre): 12 mg, E5 (Manganeso): 52 mg, E6 (Zinc): 126 mg, E8 (Selenio): 0,1 mg &#8211; Conservantes &#8211; Antioxidantes.<\/p>\n<p><\/p>\n<p>Componentes anal\u00edticos: Prote\u00edna bruta: 25,0% &#8211; Grasa bruta: 14,0% &#8211; Ceniza bruta: 6,1% &#8211; Fibra bruta: 1,3% &#8211; Por kg: \u00c1cidos grasos omega 3: 6,1 g incluyendo EPA\/DHA: 3,1 g. <\/p>\n","protected":false},"excerpt":{"rendered":"<p>Perros adultos de razas medianas (de 11 a 25 kg) &#8211; Desde los 12 meses hasta los 7 a\u00f1os de edad.<\/p>\n","protected":false},"featured_media":7360,"comment_status":"open","ping_status":"closed","template":"","meta":{"_uag_custom_page_level_css":"","_themeisle_gutenberg_block_has_review":false},"product_cat":[192],"product_tag":[],"class_list":{"0":"post-7361","1":"product","2":"type-product","3":"status-publish","4":"has-post-thumbnail","6":"product_cat-pienso-seco-para-perro","8":"first","9":"instock","10":"taxable","11":"shipping-taxable","12":"purchasable","13":"product-type-simple","14":"customify-col"},"uagb_featured_image_src":{"full":["https:\/\/back.mascotarea.com\/wp-content\/uploads\/2021\/02\/royal-canin-medium-adult-15-3kg_4268.jpg",800,1000,false],"thumbnail":["https:\/\/back.mascotarea.com\/wp-content\/uploads\/2021\/02\/royal-canin-medium-adult-15-3kg_4268-150x150.jpg",150,150,true],"medium":["https:\/\/back.mascotarea.com\/wp-content\/uploads\/2021\/02\/royal-canin-medium-adult-15-3kg_4268-240x300.jpg",240,300,true],"medium_large":["https:\/\/back.mascotarea.com\/wp-content\/uploads\/2021\/02\/royal-canin-medium-adult-15-3kg_4268-768x960.jpg",768,960,true],"large":["https:\/\/back.mascotarea.com\/wp-content\/uploads\/2021\/02\/royal-canin-medium-adult-15-3kg_4268.jpg",800,1000,false],"1536x1536":["https:\/\/back.mascotarea.com\/wp-content\/uploads\/2021\/02\/royal-canin-medium-adult-15-3kg_4268.jpg",800,1000,false],"2048x2048":["https:\/\/back.mascotarea.com\/wp-content\/uploads\/2021\/02\/royal-canin-medium-adult-15-3kg_4268.jpg",800,1000,false],"woocommerce_thumbnail":["https:\/\/back.mascotarea.com\/wp-content\/uploads\/2021\/02\/royal-canin-medium-adult-15-3kg_4268-200x200.jpg",200,200,true],"woocommerce_single":["https:\/\/back.mascotarea.com\/wp-content\/uploads\/2021\/02\/royal-canin-medium-adult-15-3kg_4268-200x250.jpg",200,250,true],"woocommerce_gallery_thumbnail":["https:\/\/back.mascotarea.com\/wp-content\/uploads\/2021\/02\/royal-canin-medium-adult-15-3kg_4268-100x100.jpg",100,100,true],"dgwt-wcas-product-suggestion":["https:\/\/back.mascotarea.com\/wp-content\/uploads\/2021\/02\/royal-canin-medium-adult-15-3kg_4268-64x80.jpg",64,80,true]},"uagb_author_info":{"display_name":"Roberto","author_link":"https:\/\/back.mascotarea.com\/?author=0"},"uagb_comment_info":0,"uagb_excerpt":"Perros adultos de razas medianas (de 11 a 25 kg) - Desde los 12 meses hasta los 7 a\u00f1os de edad.","_links":{"self":[{"href":"https:\/\/back.mascotarea.com\/index.php?rest_route=\/wp\/v2\/product\/7361","targetHints":{"allow":["GET"]}}],"collection":[{"href":"https:\/\/back.mascotarea.com\/index.php?rest_route=\/wp\/v2\/product"}],"about":[{"href":"https:\/\/back.mascotarea.com\/index.php?rest_route=\/wp\/v2\/types\/product"}],"replies":[{"embeddable":true,"href":"https:\/\/back.mascotarea.com\/index.php?rest_route=%2Fwp%2Fv2%2Fcomments&post=7361"}],"wp:featuredmedia":[{"embeddable":true,"href":"https:\/\/back.mascotarea.com\/index.php?rest_route=\/wp\/v2\/media\/7360"}],"wp:attachment":[{"href":"https:\/\/back.mascotarea.com\/index.php?rest_route=%2Fwp%2Fv2%2Fmedia&parent=7361"}],"wp:term":[{"taxonomy":"product_cat","embeddable":true,"href":"https:\/\/back.mascotarea.com\/index.php?rest_route=%2Fwp%2Fv2%2Fproduct_cat&post=7361"},{"taxonomy":"product_tag","embeddable":true,"href":"https:\/\/back.mascotarea.com\/index.php?rest_route=%2Fwp%2Fv2%2Fproduct_tag&post=7361"}],"curies":[{"name":"wp","href":"https:\/\/api.w.org\/{rel}","templated":true}]}}