{"id":7373,"date":"2021-02-12T11:30:37","date_gmt":"2021-02-12T11:30:37","guid":{"rendered":"https:\/\/back.mascotarea.com\/producto\/royal-canin-maxi-joint-care-3kg\/"},"modified":"2023-06-04T06:09:38","modified_gmt":"2023-06-04T06:09:38","slug":"royal-canin-maxi-joint-care-3kg","status":"publish","type":"product","link":"https:\/\/back.mascotarea.com\/?product=royal-canin-maxi-joint-care-3kg","title":{"rendered":"Royal Canin Maxi Joint Care 3kg"},"content":{"rendered":"<p>Composici\u00f3n: ma\u00edz, prote\u00ednas de ave deshidratadas, trigo, grasas animales, fibras vegetales, aislado de prote\u00ednas vegetales*, harina de ma\u00edz, arroz, hidrolizado de prote\u00ednas animales, gluten de ma\u00edz, pulpa de remolacha, aceite de pescado, levaduras completas y partes de las mismas, minerales, aceite de soja, col\u00e1geno hidrolizado (0,84%), extracto de rosa de la India (fuente de lute\u00edna), hidrolizado de cart\u00edlago (fuente de condroitina).<\/p>\n<p><\/p>\n<p>Aditivos (por kg): Aditivos nutricionales: Vitamina A: 16500 UI, Vitamina D3: 1000 UI, E1 (Hierro): 42 mg, E2 (Yodo): 4,2 mg, E4 (Cobre): 13 mg, E5 (Manganeso): 55 mg, E6 (Zinc): 141 mg, E8 (Selenio): 0,08 mg &#8211; Aditivos tecnol\u00f3gicos: Clinoptilolita de origen sedimentario: 10 g &#8211; Aditivos organol\u00e9pticos: Extracto de t\u00e9 verde (fuente de polifenoles): 2,5 g &#8211; Conservantes &#8211; Antioxidantes.<\/p>\n<p><\/p>\n<p>Componentes anal\u00edticos: Prote\u00edna bruta: 26,0% &#8211; Grasa bruta: 15,0% &#8211; Ceniza bruta: 6,3% &#8211; Fibra bruta: 6,3%. <\/p>\n","protected":false},"excerpt":{"rendered":"<p><\/p>\n<p>Alimento completo para perros &#8211; Para perros adultos y maduros de razas grandes (de 26 a 44 kg) &#8211; A partir de los 15 meses de edad &#8211; Perros propensos a sensibilidad articula<\/p>\n","protected":false},"featured_media":7372,"comment_status":"open","ping_status":"closed","template":"","meta":{"_uag_custom_page_level_css":"","_themeisle_gutenberg_block_has_review":false},"product_cat":[192],"product_tag":[],"class_list":{"0":"post-7373","1":"product","2":"type-product","3":"status-publish","4":"has-post-thumbnail","6":"product_cat-pienso-seco-para-perro","8":"first","9":"outofstock","10":"taxable","11":"shipping-taxable","12":"purchasable","13":"product-type-simple","14":"customify-col"},"uagb_featured_image_src":{"full":["https:\/\/back.mascotarea.com\/wp-content\/uploads\/2021\/02\/royal-canin-maxi-joint-care-3kg_4349.jpg",800,1000,false],"thumbnail":["https:\/\/back.mascotarea.com\/wp-content\/uploads\/2021\/02\/royal-canin-maxi-joint-care-3kg_4349-150x150.jpg",150,150,true],"medium":["https:\/\/back.mascotarea.com\/wp-content\/uploads\/2021\/02\/royal-canin-maxi-joint-care-3kg_4349-240x300.jpg",240,300,true],"medium_large":["https:\/\/back.mascotarea.com\/wp-content\/uploads\/2021\/02\/royal-canin-maxi-joint-care-3kg_4349-768x960.jpg",768,960,true],"large":["https:\/\/back.mascotarea.com\/wp-content\/uploads\/2021\/02\/royal-canin-maxi-joint-care-3kg_4349.jpg",800,1000,false],"1536x1536":["https:\/\/back.mascotarea.com\/wp-content\/uploads\/2021\/02\/royal-canin-maxi-joint-care-3kg_4349.jpg",800,1000,false],"2048x2048":["https:\/\/back.mascotarea.com\/wp-content\/uploads\/2021\/02\/royal-canin-maxi-joint-care-3kg_4349.jpg",800,1000,false],"woocommerce_thumbnail":["https:\/\/back.mascotarea.com\/wp-content\/uploads\/2021\/02\/royal-canin-maxi-joint-care-3kg_4349-200x200.jpg",200,200,true],"woocommerce_single":["https:\/\/back.mascotarea.com\/wp-content\/uploads\/2021\/02\/royal-canin-maxi-joint-care-3kg_4349-200x250.jpg",200,250,true],"woocommerce_gallery_thumbnail":["https:\/\/back.mascotarea.com\/wp-content\/uploads\/2021\/02\/royal-canin-maxi-joint-care-3kg_4349-100x100.jpg",100,100,true],"dgwt-wcas-product-suggestion":["https:\/\/back.mascotarea.com\/wp-content\/uploads\/2021\/02\/royal-canin-maxi-joint-care-3kg_4349-64x80.jpg",64,80,true]},"uagb_author_info":{"display_name":"Roberto","author_link":"https:\/\/back.mascotarea.com\/?author=0"},"uagb_comment_info":0,"uagb_excerpt":"Alimento completo para perros - Para perros adultos y maduros de razas grandes (de 26 a 44 kg) - A partir de los 15 meses de edad - Perros propensos a sensibilidad articula","_links":{"self":[{"href":"https:\/\/back.mascotarea.com\/index.php?rest_route=\/wp\/v2\/product\/7373","targetHints":{"allow":["GET"]}}],"collection":[{"href":"https:\/\/back.mascotarea.com\/index.php?rest_route=\/wp\/v2\/product"}],"about":[{"href":"https:\/\/back.mascotarea.com\/index.php?rest_route=\/wp\/v2\/types\/product"}],"replies":[{"embeddable":true,"href":"https:\/\/back.mascotarea.com\/index.php?rest_route=%2Fwp%2Fv2%2Fcomments&post=7373"}],"wp:featuredmedia":[{"embeddable":true,"href":"https:\/\/back.mascotarea.com\/index.php?rest_route=\/wp\/v2\/media\/7372"}],"wp:attachment":[{"href":"https:\/\/back.mascotarea.com\/index.php?rest_route=%2Fwp%2Fv2%2Fmedia&parent=7373"}],"wp:term":[{"taxonomy":"product_cat","embeddable":true,"href":"https:\/\/back.mascotarea.com\/index.php?rest_route=%2Fwp%2Fv2%2Fproduct_cat&post=7373"},{"taxonomy":"product_tag","embeddable":true,"href":"https:\/\/back.mascotarea.com\/index.php?rest_route=%2Fwp%2Fv2%2Fproduct_tag&post=7373"}],"curies":[{"name":"wp","href":"https:\/\/api.w.org\/{rel}","templated":true}]}}