{"id":7383,"date":"2021-02-12T14:42:29","date_gmt":"2021-02-12T14:42:29","guid":{"rendered":"https:\/\/back.mascotarea.com\/producto\/royal-canin-mini-light-3kg\/"},"modified":"2024-07-11T11:18:16","modified_gmt":"2024-07-11T11:18:16","slug":"royal-canin-mini-light-3kg","status":"publish","type":"product","link":"https:\/\/back.mascotarea.com\/?product=royal-canin-mini-light-3kg","title":{"rendered":"Royal Canin Mini Light 3kg"},"content":{"rendered":"<p>Composici\u00f3n: prote\u00ednas de ave deshidratadas, ma\u00edz, cebada, arroz, aislado de prote\u00ednas vegetales*, gluten de ma\u00edz, hidrolizado de prote\u00ednas animales, fibras vegetales, grasas animales, pulpa de remolacha, celulosa en polvo, minerales, aceite de pescado, levaduras completas y partes de las mismas, aceite de soja, semillas e integumentos de psyllium, fructo-oligosac\u00e1ridos, aceite de borraja, extracto de rosa de la India (fuente de lute\u00edna).<\/p>\n<p><\/p>\n<p>Aditivos (por kg): Aditivos nutricionales: Vitamina A: 22000 UI, Vitamina D3: 1000 UI, E1 (Hierro): 36 mg, E2 (Yodo): 3,6 mg, E4 (Cobre): 11 mg, E5 (Manganeso): 47 mg, E6 (Zinc): 136 mg, E8 (Selenio): 0,04 mg &#8211; Conservantes &#8211; Antioxidantes.<\/p>\n<p><\/p>\n<p>Componentes anal\u00edticos: Prote\u00edna bruta: 30,0% &#8211; Grasa bruta: 11,0% &#8211; Ceniza bruta: 5,2% &#8211; Fibra bruta: 6,6% &#8211; \u00c1cidos grasos omega 3: 5,2 g\/kg.<\/p>\n","protected":false},"excerpt":{"rendered":"<p>Alimento completo para perros &#8211; Para perros adultos y maduros de razas peque\u00f1as (de 1 a 10 kg) &#8211; A partir de los 10 meses de edad &#8211; Perros con tendencia al aumento de peso.<\/p>\n","protected":false},"featured_media":7382,"comment_status":"open","ping_status":"closed","template":"","meta":{"_uag_custom_page_level_css":"","_themeisle_gutenberg_block_has_review":false},"product_cat":[192],"product_tag":[],"class_list":{"0":"post-7383","1":"product","2":"type-product","3":"status-publish","4":"has-post-thumbnail","6":"product_cat-pienso-seco-para-perro","8":"first","9":"instock","10":"taxable","11":"shipping-taxable","12":"purchasable","13":"product-type-simple","14":"customify-col"},"uagb_featured_image_src":{"full":["https:\/\/back.mascotarea.com\/wp-content\/uploads\/2021\/02\/royal-canin-mini-light-3kg_22123.jpg",800,1000,false],"thumbnail":["https:\/\/back.mascotarea.com\/wp-content\/uploads\/2021\/02\/royal-canin-mini-light-3kg_22123-150x150.jpg",150,150,true],"medium":["https:\/\/back.mascotarea.com\/wp-content\/uploads\/2021\/02\/royal-canin-mini-light-3kg_22123-240x300.jpg",240,300,true],"medium_large":["https:\/\/back.mascotarea.com\/wp-content\/uploads\/2021\/02\/royal-canin-mini-light-3kg_22123-768x960.jpg",768,960,true],"large":["https:\/\/back.mascotarea.com\/wp-content\/uploads\/2021\/02\/royal-canin-mini-light-3kg_22123.jpg",800,1000,false],"1536x1536":["https:\/\/back.mascotarea.com\/wp-content\/uploads\/2021\/02\/royal-canin-mini-light-3kg_22123.jpg",800,1000,false],"2048x2048":["https:\/\/back.mascotarea.com\/wp-content\/uploads\/2021\/02\/royal-canin-mini-light-3kg_22123.jpg",800,1000,false],"woocommerce_thumbnail":["https:\/\/back.mascotarea.com\/wp-content\/uploads\/2021\/02\/royal-canin-mini-light-3kg_22123-200x200.jpg",200,200,true],"woocommerce_single":["https:\/\/back.mascotarea.com\/wp-content\/uploads\/2021\/02\/royal-canin-mini-light-3kg_22123-200x250.jpg",200,250,true],"woocommerce_gallery_thumbnail":["https:\/\/back.mascotarea.com\/wp-content\/uploads\/2021\/02\/royal-canin-mini-light-3kg_22123-100x100.jpg",100,100,true],"dgwt-wcas-product-suggestion":["https:\/\/back.mascotarea.com\/wp-content\/uploads\/2021\/02\/royal-canin-mini-light-3kg_22123-64x80.jpg",64,80,true]},"uagb_author_info":{"display_name":"Roberto","author_link":"https:\/\/back.mascotarea.com\/?author=0"},"uagb_comment_info":0,"uagb_excerpt":"Alimento completo para perros - Para perros adultos y maduros de razas peque\u00f1as (de 1 a 10 kg) - A partir de los 10 meses de edad - Perros con tendencia al aumento de peso.","_links":{"self":[{"href":"https:\/\/back.mascotarea.com\/index.php?rest_route=\/wp\/v2\/product\/7383","targetHints":{"allow":["GET"]}}],"collection":[{"href":"https:\/\/back.mascotarea.com\/index.php?rest_route=\/wp\/v2\/product"}],"about":[{"href":"https:\/\/back.mascotarea.com\/index.php?rest_route=\/wp\/v2\/types\/product"}],"replies":[{"embeddable":true,"href":"https:\/\/back.mascotarea.com\/index.php?rest_route=%2Fwp%2Fv2%2Fcomments&post=7383"}],"wp:featuredmedia":[{"embeddable":true,"href":"https:\/\/back.mascotarea.com\/index.php?rest_route=\/wp\/v2\/media\/7382"}],"wp:attachment":[{"href":"https:\/\/back.mascotarea.com\/index.php?rest_route=%2Fwp%2Fv2%2Fmedia&parent=7383"}],"wp:term":[{"taxonomy":"product_cat","embeddable":true,"href":"https:\/\/back.mascotarea.com\/index.php?rest_route=%2Fwp%2Fv2%2Fproduct_cat&post=7383"},{"taxonomy":"product_tag","embeddable":true,"href":"https:\/\/back.mascotarea.com\/index.php?rest_route=%2Fwp%2Fv2%2Fproduct_tag&post=7383"}],"curies":[{"name":"wp","href":"https:\/\/api.w.org\/{rel}","templated":true}]}}