{"id":7387,"date":"2021-02-12T14:42:32","date_gmt":"2021-02-12T14:42:32","guid":{"rendered":"https:\/\/back.mascotarea.com\/producto\/royal-canin-yorkshire-terrier-adult-8-1-5kg\/"},"modified":"2023-06-04T06:09:37","modified_gmt":"2023-06-04T06:09:37","slug":"royal-canin-yorkshire-terrier-adult-8-1-5kg","status":"publish","type":"product","link":"https:\/\/back.mascotarea.com\/?product=royal-canin-yorkshire-terrier-adult-8-1-5kg","title":{"rendered":"Royal Canin Yorkshire Terrier Adult 8+ 1,5kg"},"content":{"rendered":"<p>COMPOSICI\u00d3N: harina de ma\u00edz, prote\u00ednas de ave deshidratadas, gluten de trigo*, arroz, grasas animales, ma\u00edz, gluten de ma\u00edz, hidrolizado de prote\u00ednas animales, fibras vegetales, pulpa de remolacha, minerales, aceite de pescado, aceite de soja, levadura de cerveza, pulpa de tomate deshidratada (fuente de licopeno), fructo-oligosac\u00e1ridos, hidrolizado de levaduras (fuente de manano-oligosac\u00e1ridos), aceite de borraja (0,1 %), hidrolizado de crust\u00e1ceo (fuente de glucosamina), extracto de rosa de la India (fuente de lute\u00edna), hidrolizado de cart\u00edlago (fuente de condroitina).<\/p>\n<p><\/p>\n<p>Aditivos nutricionales: Vitamina A: 29000 UI, Vitamina D3: 800 UI, Hierro (3b103): 43 mg, Yodo (3b201, 3b202): 4,3 mg, Cobre (3b405, 3b406): 13 mg, Manganeso (3b502, 3b504): 55 mg, Zinc (3b603, 3b605, 3b606): 135 mg, Selenio (3b801, 3b811, 3b812): 0,09 mg &#8211; Aditivos tecnol\u00f3gicos: Clinoptilolita de origen sedimentario: 5 g &#8211; Aditivos organol\u00e9pticos: Extracto de t\u00e9 (fuente de polifenoles): 150 mg &#8211; Conservantes &#8211; Antioxidantes.  Prote\u00edna bruta: 29,0 % &#8211; Grasa bruta: 18,0 % &#8211; Ceniza bruta: 5,0 % &#8211; Fibra bruta: 2,9 % &#8211; F\u00f3sforo: 0,53 % &#8211; \u00c1cidos grasos omega 3: 0,68 % &#8211; \u00c1cidos grasos omega 6: 3,39 % &#8211; Biotina: 3,08 mg\/kg &#8211; Trifosfato pentas\u00f3dico: 3,5 g\/kg.<\/p>\n<p><\/p>\n<p>Prote\u00edna bruta: 29,0% &#8211; Grasa bruta: 18,0% &#8211; Ceniza bruta: 5,0% &#8211; Fibra bruta: 2,9% &#8211; F\u00f3sforo: 0,53% &#8211; \u00c1cidos grasos omega 3: 0,68% &#8211; \u00c1cidos grasos omega 6: 3,39% &#8211; Biotina: 3,08 mg\/kg &#8211; Trifosfato pentas\u00f3dico: 3,5 g\/kg.<\/p>\n","protected":false},"excerpt":{"rendered":"<p><\/p>\n<p>Alimento completo para perros &#8211; Especial para el Yorkshire Terrier maduro &#8211; A partir de los 8 a\u00f1os de edad<\/p>\n","protected":false},"featured_media":7386,"comment_status":"open","ping_status":"closed","template":"","meta":{"_uag_custom_page_level_css":"","_themeisle_gutenberg_block_has_review":false},"product_cat":[192],"product_tag":[],"class_list":{"0":"post-7387","1":"product","2":"type-product","3":"status-publish","4":"has-post-thumbnail","6":"product_cat-pienso-seco-para-perro","8":"first","9":"outofstock","10":"taxable","11":"shipping-taxable","12":"purchasable","13":"product-type-simple","14":"customify-col"},"uagb_featured_image_src":{"full":["https:\/\/back.mascotarea.com\/wp-content\/uploads\/2021\/02\/royal-canin-yorkshire-terrier-adult-8-1-5kg_28685.jpg",800,1000,false],"thumbnail":["https:\/\/back.mascotarea.com\/wp-content\/uploads\/2021\/02\/royal-canin-yorkshire-terrier-adult-8-1-5kg_28685-150x150.jpg",150,150,true],"medium":["https:\/\/back.mascotarea.com\/wp-content\/uploads\/2021\/02\/royal-canin-yorkshire-terrier-adult-8-1-5kg_28685-240x300.jpg",240,300,true],"medium_large":["https:\/\/back.mascotarea.com\/wp-content\/uploads\/2021\/02\/royal-canin-yorkshire-terrier-adult-8-1-5kg_28685-768x960.jpg",768,960,true],"large":["https:\/\/back.mascotarea.com\/wp-content\/uploads\/2021\/02\/royal-canin-yorkshire-terrier-adult-8-1-5kg_28685.jpg",800,1000,false],"1536x1536":["https:\/\/back.mascotarea.com\/wp-content\/uploads\/2021\/02\/royal-canin-yorkshire-terrier-adult-8-1-5kg_28685.jpg",800,1000,false],"2048x2048":["https:\/\/back.mascotarea.com\/wp-content\/uploads\/2021\/02\/royal-canin-yorkshire-terrier-adult-8-1-5kg_28685.jpg",800,1000,false],"woocommerce_thumbnail":["https:\/\/back.mascotarea.com\/wp-content\/uploads\/2021\/02\/royal-canin-yorkshire-terrier-adult-8-1-5kg_28685-200x200.jpg",200,200,true],"woocommerce_single":["https:\/\/back.mascotarea.com\/wp-content\/uploads\/2021\/02\/royal-canin-yorkshire-terrier-adult-8-1-5kg_28685-200x250.jpg",200,250,true],"woocommerce_gallery_thumbnail":["https:\/\/back.mascotarea.com\/wp-content\/uploads\/2021\/02\/royal-canin-yorkshire-terrier-adult-8-1-5kg_28685-100x100.jpg",100,100,true],"dgwt-wcas-product-suggestion":["https:\/\/back.mascotarea.com\/wp-content\/uploads\/2021\/02\/royal-canin-yorkshire-terrier-adult-8-1-5kg_28685-64x80.jpg",64,80,true]},"uagb_author_info":{"display_name":"Roberto","author_link":"https:\/\/back.mascotarea.com\/?author=0"},"uagb_comment_info":0,"uagb_excerpt":"Alimento completo para perros - Especial para el Yorkshire Terrier maduro - A partir de los 8 a\u00f1os de edad","_links":{"self":[{"href":"https:\/\/back.mascotarea.com\/index.php?rest_route=\/wp\/v2\/product\/7387","targetHints":{"allow":["GET"]}}],"collection":[{"href":"https:\/\/back.mascotarea.com\/index.php?rest_route=\/wp\/v2\/product"}],"about":[{"href":"https:\/\/back.mascotarea.com\/index.php?rest_route=\/wp\/v2\/types\/product"}],"replies":[{"embeddable":true,"href":"https:\/\/back.mascotarea.com\/index.php?rest_route=%2Fwp%2Fv2%2Fcomments&post=7387"}],"wp:featuredmedia":[{"embeddable":true,"href":"https:\/\/back.mascotarea.com\/index.php?rest_route=\/wp\/v2\/media\/7386"}],"wp:attachment":[{"href":"https:\/\/back.mascotarea.com\/index.php?rest_route=%2Fwp%2Fv2%2Fmedia&parent=7387"}],"wp:term":[{"taxonomy":"product_cat","embeddable":true,"href":"https:\/\/back.mascotarea.com\/index.php?rest_route=%2Fwp%2Fv2%2Fproduct_cat&post=7387"},{"taxonomy":"product_tag","embeddable":true,"href":"https:\/\/back.mascotarea.com\/index.php?rest_route=%2Fwp%2Fv2%2Fproduct_tag&post=7387"}],"curies":[{"name":"wp","href":"https:\/\/api.w.org\/{rel}","templated":true}]}}