{"id":7443,"date":"2021-02-12T15:24:51","date_gmt":"2021-02-12T15:24:51","guid":{"rendered":"https:\/\/back.mascotarea.com\/producto\/true-instinct-dog-raw-boost-chicken-10kg\/"},"modified":"2023-06-04T06:08:42","modified_gmt":"2023-06-04T06:08:42","slug":"true-instinct-dog-raw-boost-chicken-10kg","status":"publish","type":"product","link":"https:\/\/back.mascotarea.com\/?product=true-instinct-dog-raw-boost-chicken-10kg","title":{"rendered":"Nature\u00b4S Variety Dog Selected Mboost Fr Chicken 10kg"},"content":{"rendered":"<p>BENEFICIOS<\/p>\n<p><\/p>\n<p>    NATURAL Y SABROSO<\/p>\n<p><\/p>\n<p>    Deliciosa combinaci\u00f3n de croquetas con un alto contenido en pollo y trozos de pollo liofilizados que aportan un intenso sabor de manera natural y saludable.<\/p>\n<p>    ENERG\u00cdA PARA UNA VIDA ACTIVA<\/p>\n<p><\/p>\n<p>    Pollo campero deshuesado, rico en prote\u00ednas y energ\u00eda que ayudan a mantener la masa muscular y a favorecer una vida activa.<\/p>\n<p>    SIN CEREALES ni GLUTEN<\/p>\n<p><\/p>\n<p>    Con patatas, guisantes y garbanzos como fuente de hidratos de carbono digeribles.<\/p>\n<p>    RICO EN NUTRIENTES<\/p>\n<p><\/p>\n<p>    Antioxidantes, vitaminas, sustancias minerales y prote\u00ednas que contribuyen a mantener un sistema inmunitario sano; \u00e1cidos grasos omega 3 y 6 para una piel saludable y un manto brillante.<\/p>\n<p><\/p>\n<p>COMPOSICI\u00d3N<\/p>\n<p><\/p>\n<p>Pollo campero deshuesado* (31%), pollo deshidratado (30%), guisantes deshidratados* (9%), harina de guisante*, grasa av\u00edcola* (6%) (estabilizada con tocoferoles naturales), patata deshidratada*, pollo campero liofilizado* (4%), hidrolizado de prote\u00edna (3,5%), ra\u00edz de achicoria deshidratada*, garbanzos*(1,5%), semillas de calabaza deshidratadas*, aceite de pescado (0,5%), sustancias minerales, manzana deshidratada* (0,3%), zanahoria deshidratada* (0,3%), pulpa de tomate deshidratada*, pulpa de remolacha*, frutos rojos deshidratados* (0,01%), br\u00f3coli deshidratado*, mezcla de hierbas deshidratadas* (romero (0,002%), t\u00e9 verde, yuca, perejil, ra\u00edz de diente de le\u00f3n, hoja de majuelo), alga marina deshidratada*. *Ingredientes naturales.<\/p>\n<p>ADITIVOS\/KG.<\/p>\n<p><\/p>\n<p>Vitamina A: 26000 UI; vitamina D3: 1700 UI; vitamina E: 390 mg; vitamina C: 330 mg; sulfato ferroso(II) monohidratado: 248 mg (Hierro: 81 mg); yoduro de potasio: 1,8 mg (Yodo 1,4 mg); sulfato de cobre(II) pentahidratado: 31 mg (Cobre: 8,4 mg); sulfato de manganeso monohidratado: 117 mg (Manganeso: 38 mg); sulfato de zinc monohidratado: 335 mg (Zinc: 122 mg); selenito de sodio: 0,3 mg (Selenio: 0,1 mg)..<\/p>\n<p>COMPONENTES ANAL\u00cdTICOS<\/p>\n<p><\/p>\n<p>    Prote\u00edna bruta: 39%<\/p>\n<p>    Grasa bruta: 21%<\/p>\n<p>    Fibra bruta: 3%<\/p>\n<p>    Ceniza bruta: 7,5%<\/p>\n<p>    \u03a93: 0,3%<\/p>\n<p>    \u03a96: 3%<\/p>\n","protected":false},"excerpt":{"rendered":"<p>RAW BOOST POLLO CAMPERO DESHUESADO &#8211; ALL SIZES &#8211; ADULT<\/p>\n<p>ALIMENTACI\u00d3N NATURAL CON CARNE DESHUESADA COMO 1er INGREDIENTE Y PART\u00cdCULAS DE CARNE LIOFILIZADA PARA PERROS ADULTOS, DE TODOS LOS TAMA\u00d1OS (+5Kg) <\/p>\n","protected":false},"featured_media":7442,"comment_status":"open","ping_status":"closed","template":"","meta":{"_uag_custom_page_level_css":"","_themeisle_gutenberg_block_has_review":false},"product_cat":[192],"product_tag":[],"class_list":{"0":"post-7443","1":"product","2":"type-product","3":"status-publish","4":"has-post-thumbnail","6":"product_cat-pienso-seco-para-perro","8":"first","9":"outofstock","10":"taxable","11":"shipping-taxable","12":"purchasable","13":"product-type-simple","14":"customify-col"},"uagb_featured_image_src":{"full":["https:\/\/back.mascotarea.com\/wp-content\/uploads\/2021\/02\/true-instinct-dog-raw-boost-chicken-10kg_15230.jpg",800,1000,false],"thumbnail":["https:\/\/back.mascotarea.com\/wp-content\/uploads\/2021\/02\/true-instinct-dog-raw-boost-chicken-10kg_15230-150x150.jpg",150,150,true],"medium":["https:\/\/back.mascotarea.com\/wp-content\/uploads\/2021\/02\/true-instinct-dog-raw-boost-chicken-10kg_15230-240x300.jpg",240,300,true],"medium_large":["https:\/\/back.mascotarea.com\/wp-content\/uploads\/2021\/02\/true-instinct-dog-raw-boost-chicken-10kg_15230-768x960.jpg",768,960,true],"large":["https:\/\/back.mascotarea.com\/wp-content\/uploads\/2021\/02\/true-instinct-dog-raw-boost-chicken-10kg_15230.jpg",800,1000,false],"1536x1536":["https:\/\/back.mascotarea.com\/wp-content\/uploads\/2021\/02\/true-instinct-dog-raw-boost-chicken-10kg_15230.jpg",800,1000,false],"2048x2048":["https:\/\/back.mascotarea.com\/wp-content\/uploads\/2021\/02\/true-instinct-dog-raw-boost-chicken-10kg_15230.jpg",800,1000,false],"woocommerce_thumbnail":["https:\/\/back.mascotarea.com\/wp-content\/uploads\/2021\/02\/true-instinct-dog-raw-boost-chicken-10kg_15230-200x200.jpg",200,200,true],"woocommerce_single":["https:\/\/back.mascotarea.com\/wp-content\/uploads\/2021\/02\/true-instinct-dog-raw-boost-chicken-10kg_15230-200x250.jpg",200,250,true],"woocommerce_gallery_thumbnail":["https:\/\/back.mascotarea.com\/wp-content\/uploads\/2021\/02\/true-instinct-dog-raw-boost-chicken-10kg_15230-100x100.jpg",100,100,true],"dgwt-wcas-product-suggestion":["https:\/\/back.mascotarea.com\/wp-content\/uploads\/2021\/02\/true-instinct-dog-raw-boost-chicken-10kg_15230-64x80.jpg",64,80,true]},"uagb_author_info":{"display_name":"Roberto","author_link":"https:\/\/back.mascotarea.com\/?author=0"},"uagb_comment_info":0,"uagb_excerpt":"RAW BOOST POLLO CAMPERO DESHUESADO - ALL SIZES - ADULTALIMENTACI\u00d3N NATURAL CON CARNE DESHUESADA COMO 1er INGREDIENTE Y PART\u00cdCULAS DE CARNE LIOFILIZADA PARA PERROS ADULTOS, DE TODOS LOS TAMA\u00d1OS (+5Kg)","_links":{"self":[{"href":"https:\/\/back.mascotarea.com\/index.php?rest_route=\/wp\/v2\/product\/7443","targetHints":{"allow":["GET"]}}],"collection":[{"href":"https:\/\/back.mascotarea.com\/index.php?rest_route=\/wp\/v2\/product"}],"about":[{"href":"https:\/\/back.mascotarea.com\/index.php?rest_route=\/wp\/v2\/types\/product"}],"replies":[{"embeddable":true,"href":"https:\/\/back.mascotarea.com\/index.php?rest_route=%2Fwp%2Fv2%2Fcomments&post=7443"}],"wp:featuredmedia":[{"embeddable":true,"href":"https:\/\/back.mascotarea.com\/index.php?rest_route=\/wp\/v2\/media\/7442"}],"wp:attachment":[{"href":"https:\/\/back.mascotarea.com\/index.php?rest_route=%2Fwp%2Fv2%2Fmedia&parent=7443"}],"wp:term":[{"taxonomy":"product_cat","embeddable":true,"href":"https:\/\/back.mascotarea.com\/index.php?rest_route=%2Fwp%2Fv2%2Fproduct_cat&post=7443"},{"taxonomy":"product_tag","embeddable":true,"href":"https:\/\/back.mascotarea.com\/index.php?rest_route=%2Fwp%2Fv2%2Fproduct_tag&post=7443"}],"curies":[{"name":"wp","href":"https:\/\/api.w.org\/{rel}","templated":true}]}}