{"id":7678,"date":"2021-02-19T14:46:27","date_gmt":"2021-02-19T14:46:27","guid":{"rendered":"https:\/\/back.mascotarea.com\/producto\/farmina-vet-life-dog-hypoallergenic-pescado-12-kg\/"},"modified":"2024-04-25T14:00:05","modified_gmt":"2024-04-25T14:00:05","slug":"farmina-vet-life-dog-hypoallergenic-pescado-12-kg","status":"publish","type":"product","link":"https:\/\/back.mascotarea.com\/?product=farmina-vet-life-dog-hypoallergenic-pescado-12-kg","title":{"rendered":"Farmina Vet Life Dog Hypoallergenic Pescado 12 Kg"},"content":{"rendered":"<p> composici\u00f3n<\/p>\n<p><\/p>\n<p>Patata (69%), pescado seco (14%), aceite de pescado, carbonato de calcio, fosfato mono-dic\u00e1lcico, cloruro de sodio. Fuente proteica: pescado. Fuente de carbohidratos: patata.<\/p>\n<p><\/p>\n","protected":false},"excerpt":{"rendered":"<p>Reduce las reacciones adversas a los alimentos. Farmina Vet Life Hypoallergenic Fish &amp; Potato es un alimento diet\u00e9tico completo para perros indicado para la reducci\u00f3n de la intolerancia a los alimentos. Tambi\u00e9n se recomienda como apoyo de la funci\u00f3n tr\u00f3fica de la piel y sus ap\u00e9ndices: ojos, o\u00eddos, sacos anales.<\/p>\n","protected":false},"featured_media":7677,"comment_status":"open","ping_status":"closed","template":"","meta":{"_uag_custom_page_level_css":"","_themeisle_gutenberg_block_has_review":false},"product_cat":[211],"product_tag":[],"class_list":{"0":"post-7678","1":"product","2":"type-product","3":"status-publish","4":"has-post-thumbnail","6":"product_cat-dieta-veterinaria-para-perro","8":"first","9":"outofstock","10":"taxable","11":"shipping-taxable","12":"purchasable","13":"product-type-simple","14":"customify-col"},"uagb_featured_image_src":{"full":["https:\/\/back.mascotarea.com\/wp-content\/uploads\/2021\/02\/farmina-vet-life-dog-hypoallergenic-pescado-12-kg_18629.jpg",800,1000,false],"thumbnail":["https:\/\/back.mascotarea.com\/wp-content\/uploads\/2021\/02\/farmina-vet-life-dog-hypoallergenic-pescado-12-kg_18629-150x150.jpg",150,150,true],"medium":["https:\/\/back.mascotarea.com\/wp-content\/uploads\/2021\/02\/farmina-vet-life-dog-hypoallergenic-pescado-12-kg_18629-240x300.jpg",240,300,true],"medium_large":["https:\/\/back.mascotarea.com\/wp-content\/uploads\/2021\/02\/farmina-vet-life-dog-hypoallergenic-pescado-12-kg_18629-768x960.jpg",768,960,true],"large":["https:\/\/back.mascotarea.com\/wp-content\/uploads\/2021\/02\/farmina-vet-life-dog-hypoallergenic-pescado-12-kg_18629.jpg",800,1000,false],"1536x1536":["https:\/\/back.mascotarea.com\/wp-content\/uploads\/2021\/02\/farmina-vet-life-dog-hypoallergenic-pescado-12-kg_18629.jpg",800,1000,false],"2048x2048":["https:\/\/back.mascotarea.com\/wp-content\/uploads\/2021\/02\/farmina-vet-life-dog-hypoallergenic-pescado-12-kg_18629.jpg",800,1000,false],"woocommerce_thumbnail":["https:\/\/back.mascotarea.com\/wp-content\/uploads\/2021\/02\/farmina-vet-life-dog-hypoallergenic-pescado-12-kg_18629-200x200.jpg",200,200,true],"woocommerce_single":["https:\/\/back.mascotarea.com\/wp-content\/uploads\/2021\/02\/farmina-vet-life-dog-hypoallergenic-pescado-12-kg_18629-200x250.jpg",200,250,true],"woocommerce_gallery_thumbnail":["https:\/\/back.mascotarea.com\/wp-content\/uploads\/2021\/02\/farmina-vet-life-dog-hypoallergenic-pescado-12-kg_18629-100x100.jpg",100,100,true],"dgwt-wcas-product-suggestion":["https:\/\/back.mascotarea.com\/wp-content\/uploads\/2021\/02\/farmina-vet-life-dog-hypoallergenic-pescado-12-kg_18629-64x80.jpg",64,80,true]},"uagb_author_info":{"display_name":"Roberto","author_link":"https:\/\/back.mascotarea.com\/?author=0"},"uagb_comment_info":0,"uagb_excerpt":"Reduce las reacciones adversas a los alimentos. Farmina Vet Life Hypoallergenic Fish &amp; Potato es un alimento diet\u00e9tico completo para perros indicado para la reducci\u00f3n de la intolerancia a los alimentos. Tambi\u00e9n se recomienda como apoyo de la funci\u00f3n tr\u00f3fica de la piel y sus ap\u00e9ndices: ojos, o\u00eddos, sacos anales.","_links":{"self":[{"href":"https:\/\/back.mascotarea.com\/index.php?rest_route=\/wp\/v2\/product\/7678","targetHints":{"allow":["GET"]}}],"collection":[{"href":"https:\/\/back.mascotarea.com\/index.php?rest_route=\/wp\/v2\/product"}],"about":[{"href":"https:\/\/back.mascotarea.com\/index.php?rest_route=\/wp\/v2\/types\/product"}],"replies":[{"embeddable":true,"href":"https:\/\/back.mascotarea.com\/index.php?rest_route=%2Fwp%2Fv2%2Fcomments&post=7678"}],"wp:featuredmedia":[{"embeddable":true,"href":"https:\/\/back.mascotarea.com\/index.php?rest_route=\/wp\/v2\/media\/7677"}],"wp:attachment":[{"href":"https:\/\/back.mascotarea.com\/index.php?rest_route=%2Fwp%2Fv2%2Fmedia&parent=7678"}],"wp:term":[{"taxonomy":"product_cat","embeddable":true,"href":"https:\/\/back.mascotarea.com\/index.php?rest_route=%2Fwp%2Fv2%2Fproduct_cat&post=7678"},{"taxonomy":"product_tag","embeddable":true,"href":"https:\/\/back.mascotarea.com\/index.php?rest_route=%2Fwp%2Fv2%2Fproduct_tag&post=7678"}],"curies":[{"name":"wp","href":"https:\/\/api.w.org\/{rel}","templated":true}]}}