{"id":7779,"date":"2021-02-23T16:12:25","date_gmt":"2021-02-23T16:12:25","guid":{"rendered":"https:\/\/back.mascotarea.com\/producto\/multipack-dentastix-grande\/"},"modified":"2024-06-19T11:26:12","modified_gmt":"2024-06-19T11:26:12","slug":"multipack-dentastix-grande","status":"publish","type":"product","link":"https:\/\/back.mascotarea.com\/?product=multipack-dentastix-grande","title":{"rendered":"Multipack Dentastix Grande"},"content":{"rendered":"<p>El 80% de los perros mayores de 3 a\u00f1os sufren enfermedades en las enc\u00edas. La enfermedad periodontal es uno de los mayores problemas en la salud de los perros.Tu perro utiliza sus dientes no s\u00f3lo para comer sino para llevar cosas, jugar\u2026Sus dientes son para ellos tan importantes como para nosotros son las manos. Por eso, necesitamos cuidarlos. Est\u00e1 cient\u00edficamente probado que un Pedigree Dentastix al d\u00eda ayuda a reducir la formaci\u00f3n de sarro hasta un 80%, previniendo as\u00ed el riesgo de enfermedades periodontales. Y por su sabor \u00fanico, adem\u00e1s de mantener sus dientes sanos simplemente le encanta. <\/p>\n","protected":false},"excerpt":{"rendered":"<p>Ya sea como recompensa durante el entrenamiento o como premio en una ocasi\u00f3n especial, todos los perros se merecen un premio. Tambi\u00e9n existen premios que tienen un beneficio para la salud de tu perro, como Dentastix\u00ae, que ayuda a que los dientes de tu perro se mantengan sanos. <\/p>\n","protected":false},"featured_media":7778,"comment_status":"open","ping_status":"closed","template":"","meta":{"_uag_custom_page_level_css":"","_themeisle_gutenberg_block_has_review":false},"product_cat":[208,193],"product_tag":[],"class_list":{"0":"post-7779","1":"product","2":"type-product","3":"status-publish","4":"has-post-thumbnail","6":"product_cat-cuidados-dentales","7":"product_cat-snack-para-perro","9":"first","10":"instock","11":"taxable","12":"shipping-taxable","13":"purchasable","14":"product-type-simple","15":"customify-col"},"uagb_featured_image_src":{"full":["https:\/\/back.mascotarea.com\/wp-content\/uploads\/2021\/02\/multipack-dentastix-grande_20852.jpg",800,1000,false],"thumbnail":["https:\/\/back.mascotarea.com\/wp-content\/uploads\/2021\/02\/multipack-dentastix-grande_20852-150x150.jpg",150,150,true],"medium":["https:\/\/back.mascotarea.com\/wp-content\/uploads\/2021\/02\/multipack-dentastix-grande_20852-240x300.jpg",240,300,true],"medium_large":["https:\/\/back.mascotarea.com\/wp-content\/uploads\/2021\/02\/multipack-dentastix-grande_20852-768x960.jpg",768,960,true],"large":["https:\/\/back.mascotarea.com\/wp-content\/uploads\/2021\/02\/multipack-dentastix-grande_20852.jpg",800,1000,false],"1536x1536":["https:\/\/back.mascotarea.com\/wp-content\/uploads\/2021\/02\/multipack-dentastix-grande_20852.jpg",800,1000,false],"2048x2048":["https:\/\/back.mascotarea.com\/wp-content\/uploads\/2021\/02\/multipack-dentastix-grande_20852.jpg",800,1000,false],"woocommerce_thumbnail":["https:\/\/back.mascotarea.com\/wp-content\/uploads\/2021\/02\/multipack-dentastix-grande_20852-200x200.jpg",200,200,true],"woocommerce_single":["https:\/\/back.mascotarea.com\/wp-content\/uploads\/2021\/02\/multipack-dentastix-grande_20852-200x250.jpg",200,250,true],"woocommerce_gallery_thumbnail":["https:\/\/back.mascotarea.com\/wp-content\/uploads\/2021\/02\/multipack-dentastix-grande_20852-100x100.jpg",100,100,true],"dgwt-wcas-product-suggestion":["https:\/\/back.mascotarea.com\/wp-content\/uploads\/2021\/02\/multipack-dentastix-grande_20852-64x80.jpg",64,80,true]},"uagb_author_info":{"display_name":"Roberto","author_link":"https:\/\/back.mascotarea.com\/?author=0"},"uagb_comment_info":0,"uagb_excerpt":"Ya sea como recompensa durante el entrenamiento o como premio en una ocasi\u00f3n especial, todos los perros se merecen un premio. Tambi\u00e9n existen premios que tienen un beneficio para la salud de tu perro, como Dentastix\u00ae, que ayuda a que los dientes de tu perro se mantengan sanos.","_links":{"self":[{"href":"https:\/\/back.mascotarea.com\/index.php?rest_route=\/wp\/v2\/product\/7779","targetHints":{"allow":["GET"]}}],"collection":[{"href":"https:\/\/back.mascotarea.com\/index.php?rest_route=\/wp\/v2\/product"}],"about":[{"href":"https:\/\/back.mascotarea.com\/index.php?rest_route=\/wp\/v2\/types\/product"}],"replies":[{"embeddable":true,"href":"https:\/\/back.mascotarea.com\/index.php?rest_route=%2Fwp%2Fv2%2Fcomments&post=7779"}],"wp:featuredmedia":[{"embeddable":true,"href":"https:\/\/back.mascotarea.com\/index.php?rest_route=\/wp\/v2\/media\/7778"}],"wp:attachment":[{"href":"https:\/\/back.mascotarea.com\/index.php?rest_route=%2Fwp%2Fv2%2Fmedia&parent=7779"}],"wp:term":[{"taxonomy":"product_cat","embeddable":true,"href":"https:\/\/back.mascotarea.com\/index.php?rest_route=%2Fwp%2Fv2%2Fproduct_cat&post=7779"},{"taxonomy":"product_tag","embeddable":true,"href":"https:\/\/back.mascotarea.com\/index.php?rest_route=%2Fwp%2Fv2%2Fproduct_tag&post=7779"}],"curies":[{"name":"wp","href":"https:\/\/api.w.org\/{rel}","templated":true}]}}