{"id":7958,"date":"2021-03-02T15:13:21","date_gmt":"2021-03-02T15:13:21","guid":{"rendered":"https:\/\/back.mascotarea.com\/producto\/royal-canine-diet-dog-satiety-small-dog-3-kg\/"},"modified":"2023-11-25T12:18:16","modified_gmt":"2023-11-25T12:18:16","slug":"royal-canine-diet-dog-satiety-small-dog-3-kg","status":"publish","type":"product","link":"https:\/\/back.mascotarea.com\/?product=royal-canine-diet-dog-satiety-small-dog-3-kg","title":{"rendered":"Royal Canine Diet Dog Satiety Small Dog 3 Kg"},"content":{"rendered":"<p><\/p>\n<p><\/p>\n<p>Alimento completo y balanceado para perros adultos<\/p>\n<p><\/p>\n<p>Favorece una p\u00e9rdida de peso saludable y ayuda a evitar la recuperaci\u00f3n del mismo.El 97% de los perros perdieron peso en un periodo de 3 meses.<\/p>\n<p><\/p>\n<p>Un alto nivel de fibras naturales mantiene a los perros satisfechos entre las comidas.Ayuda a controlar la demanda de alimento en el 83% de los perros durante el periodo de p\u00e9rdida de peso.<\/p>\n<p><\/p>\n<p>Harina de pollo, fibra de ch\u00edcharo, celulosa en polvo, gluten de trigo, tapioca, trigo, ra\u00edz de achicoria deshidratada, harina de gluten de ma\u00edz, ma\u00edz, saborizante natural (ave, cerdo y leche de vaca), grasa de pollo, c\u00e1scaras de semillas de pl\u00e1ntago psyllium, aceite de pescado, sal, cloruro de potasio, fructooligosac\u00e1ridos, tripolifosfato de sodio, carbonato de calcio, cloruro de colina, vitaminas [acetato DL-alfa-tocoferol (fuente de vitamina E), L-ascorbil-2-polifosfato (fuente de vitamina C), suplemento de niacina, biotina, suplemento de riboflavina, D-pantotenato de calcio, clorhidrato de piridoxina (vitamina B6), mononitrato de tiamina (vitamina B1), acetato de vitamina A, suplemento de vitamina B12, \u00e1cido f\u00f3lico, suplemento de vitamina D3], DL-metionina, taurina, \u00e1cido N-but\u00edrico, extracto de cempas\u00fachil (Tagetes erecta L.), clorhidrato de glucosamina, L-lisina, oligoelementos [proteinato de zinc, \u00f3xido de zinc, proteinato de manganeso, sulfato ferroso, \u00f3xido de manganeso, sulfato de cobre, yodato de calcio, selenito de sodio, proteinato de cobre], \u00f3xido de magnesio, L-carnitina, sulfato de condroitina, extracto de romero, conservado con mezcla de tocoferoles y \u00e1cido c\u00edtrico.<\/p>\n<p><\/p>\n","protected":false},"excerpt":{"rendered":"<p>Alimento completo y balanceado para perros adultos <\/p>\n","protected":false},"featured_media":7957,"comment_status":"open","ping_status":"closed","template":"","meta":{"_uag_custom_page_level_css":"","_themeisle_gutenberg_block_has_review":false},"product_cat":[211],"product_tag":[],"class_list":{"0":"post-7958","1":"product","2":"type-product","3":"status-publish","4":"has-post-thumbnail","6":"product_cat-dieta-veterinaria-para-perro","8":"first","9":"outofstock","10":"taxable","11":"shipping-taxable","12":"purchasable","13":"product-type-simple","14":"customify-col"},"uagb_featured_image_src":{"full":["https:\/\/back.mascotarea.com\/wp-content\/uploads\/2021\/03\/royal-canine-diet-dog-satiety-small-dog-3-kg_10564.jpg",800,1000,false],"thumbnail":["https:\/\/back.mascotarea.com\/wp-content\/uploads\/2021\/03\/royal-canine-diet-dog-satiety-small-dog-3-kg_10564-150x150.jpg",150,150,true],"medium":["https:\/\/back.mascotarea.com\/wp-content\/uploads\/2021\/03\/royal-canine-diet-dog-satiety-small-dog-3-kg_10564-240x300.jpg",240,300,true],"medium_large":["https:\/\/back.mascotarea.com\/wp-content\/uploads\/2021\/03\/royal-canine-diet-dog-satiety-small-dog-3-kg_10564-768x960.jpg",768,960,true],"large":["https:\/\/back.mascotarea.com\/wp-content\/uploads\/2021\/03\/royal-canine-diet-dog-satiety-small-dog-3-kg_10564.jpg",800,1000,false],"1536x1536":["https:\/\/back.mascotarea.com\/wp-content\/uploads\/2021\/03\/royal-canine-diet-dog-satiety-small-dog-3-kg_10564.jpg",800,1000,false],"2048x2048":["https:\/\/back.mascotarea.com\/wp-content\/uploads\/2021\/03\/royal-canine-diet-dog-satiety-small-dog-3-kg_10564.jpg",800,1000,false],"woocommerce_thumbnail":["https:\/\/back.mascotarea.com\/wp-content\/uploads\/2021\/03\/royal-canine-diet-dog-satiety-small-dog-3-kg_10564-200x200.jpg",200,200,true],"woocommerce_single":["https:\/\/back.mascotarea.com\/wp-content\/uploads\/2021\/03\/royal-canine-diet-dog-satiety-small-dog-3-kg_10564-200x250.jpg",200,250,true],"woocommerce_gallery_thumbnail":["https:\/\/back.mascotarea.com\/wp-content\/uploads\/2021\/03\/royal-canine-diet-dog-satiety-small-dog-3-kg_10564-100x100.jpg",100,100,true],"dgwt-wcas-product-suggestion":["https:\/\/back.mascotarea.com\/wp-content\/uploads\/2021\/03\/royal-canine-diet-dog-satiety-small-dog-3-kg_10564-64x80.jpg",64,80,true]},"uagb_author_info":{"display_name":"Roberto","author_link":"https:\/\/back.mascotarea.com\/?author=0"},"uagb_comment_info":0,"uagb_excerpt":"Alimento completo y balanceado para perros adultos","_links":{"self":[{"href":"https:\/\/back.mascotarea.com\/index.php?rest_route=\/wp\/v2\/product\/7958","targetHints":{"allow":["GET"]}}],"collection":[{"href":"https:\/\/back.mascotarea.com\/index.php?rest_route=\/wp\/v2\/product"}],"about":[{"href":"https:\/\/back.mascotarea.com\/index.php?rest_route=\/wp\/v2\/types\/product"}],"replies":[{"embeddable":true,"href":"https:\/\/back.mascotarea.com\/index.php?rest_route=%2Fwp%2Fv2%2Fcomments&post=7958"}],"wp:featuredmedia":[{"embeddable":true,"href":"https:\/\/back.mascotarea.com\/index.php?rest_route=\/wp\/v2\/media\/7957"}],"wp:attachment":[{"href":"https:\/\/back.mascotarea.com\/index.php?rest_route=%2Fwp%2Fv2%2Fmedia&parent=7958"}],"wp:term":[{"taxonomy":"product_cat","embeddable":true,"href":"https:\/\/back.mascotarea.com\/index.php?rest_route=%2Fwp%2Fv2%2Fproduct_cat&post=7958"},{"taxonomy":"product_tag","embeddable":true,"href":"https:\/\/back.mascotarea.com\/index.php?rest_route=%2Fwp%2Fv2%2Fproduct_tag&post=7958"}],"curies":[{"name":"wp","href":"https:\/\/api.w.org\/{rel}","templated":true}]}}