{"id":7962,"date":"2021-03-02T15:13:24","date_gmt":"2021-03-02T15:13:24","guid":{"rendered":"https:\/\/back.mascotarea.com\/producto\/royal-canin-diet-feline-urinary-s-o-lp34-1-5kg\/"},"modified":"2024-07-09T11:27:09","modified_gmt":"2024-07-09T11:27:09","slug":"royal-canin-diet-feline-urinary-s-o-lp34-1-5kg","status":"publish","type":"product","link":"https:\/\/back.mascotarea.com\/?product=royal-canin-diet-feline-urinary-s-o-lp34-1-5kg","title":{"rendered":"Royal Canin Diet Feline Urinary S\/O Lp34 1.5kg"},"content":{"rendered":"<p><\/p>\n<p>Disoluci\u00f3n de estruvita<\/p>\n<p><\/p>\n<p>Ayuda a disolver todo tipo de c\u00e1lculos de fosfato inorg\u00e1nico (estruvita).<\/p>\n<p>Diluci\u00f3n urinaria<\/p>\n<p><\/p>\n<p>La diluci\u00f3n urinaria promueve un medio urinario desfavorable para el desarrollo de c\u00e1lculos de estruvita y de oxalato de calcio.<\/p>\n<p>Baja SSR<\/p>\n<p><\/p>\n<p>Ayuda a reducir la concentraci\u00f3n de los iones que intervienen en la formaci\u00f3n de cristales de estruvita y oxalato.<\/p>\n<p>Bajo en magnesio<\/p>\n<p><\/p>\n<p>Contenido reducido de magnesio, componente natural de los cristales de estruvita.<\/p>\n<p><\/p>\n<p>Composici\u00f3n: Arroz, gluten de trigo*, prote\u00ednas de ave deshidratadas, harina de ma\u00edz, grasas animales, hidrolizado de prote\u00ednas animales, gluten de ma\u00edz, minerales, fibras vegetales, aceite de pescado, aceite de soja, fructo-oligosac\u00e1ridos, extracto de Rosa de la India (fuente de lute\u00edna).<\/p>\n<p><\/p>\n<p>Aditivos (por kg) Aditivos nutricionales: Vitamina A: 21500 UI Vitamina D3: 800 UI, E1 (hierro): 37 mg, E2 (yodo): 3.7 mg, E4 (cobre): 11 mg, E5 (manganeso): 48 mg, E6 (zinc): 136 mg, E8 (selenio): 0.06 mg &#8211; Conservantes &#8211; Antioxidantes.<\/p>\n<p><\/p>\n<p>Componentes anal\u00edticos: Prote\u00ednas: 34.5% &#8211; Grasas: 15.0% &#8211; Ceniza bruta: 8.9% &#8211; Fibra bruta: 2.9% &#8211; Calcio: 0.9% &#8211; F\u00f3sforo: 0.9% &#8211; Sodio: 1.3% &#8211; Cloruro: 2.26% &#8211; Potasio: 1% &#8211; Magnesio: 0.05% &#8211; Azufre: 0.7% &#8211; Taurina total: 0.23% &#8211; Sustancias urinarias acidificantes: sulfato de calcio(1.25%) &#8211; DL-metionina (0.39%)- EPA y DHA = 0.37%.* L.I.P.prote\u00edna seleccionada por su elevada digestibilidad.<\/p>\n<p><\/p>\n<p>* L.I.P.: prote\u00edna seleccionada por su elevada digestibilidad.<\/p>\n<p><\/p>\n","protected":false},"excerpt":{"rendered":"<p>Alimento diet\u00e9tico completo para gatos. <\/p>\n","protected":false},"featured_media":7961,"comment_status":"open","ping_status":"closed","template":"","meta":{"_uag_custom_page_level_css":"","_themeisle_gutenberg_block_has_review":false},"product_cat":[202],"product_tag":[],"class_list":{"0":"post-7962","1":"product","2":"type-product","3":"status-publish","4":"has-post-thumbnail","6":"product_cat-pienso-veterinario-seco-para-gato","8":"first","9":"instock","10":"taxable","11":"shipping-taxable","12":"purchasable","13":"product-type-simple","14":"customify-col"},"uagb_featured_image_src":{"full":["https:\/\/back.mascotarea.com\/wp-content\/uploads\/2021\/03\/royal-canin-diet-feline-urinary-s-o-lp34-1-5kg_29448.jpg",800,1000,false],"thumbnail":["https:\/\/back.mascotarea.com\/wp-content\/uploads\/2021\/03\/royal-canin-diet-feline-urinary-s-o-lp34-1-5kg_29448-150x150.jpg",150,150,true],"medium":["https:\/\/back.mascotarea.com\/wp-content\/uploads\/2021\/03\/royal-canin-diet-feline-urinary-s-o-lp34-1-5kg_29448-240x300.jpg",240,300,true],"medium_large":["https:\/\/back.mascotarea.com\/wp-content\/uploads\/2021\/03\/royal-canin-diet-feline-urinary-s-o-lp34-1-5kg_29448-768x960.jpg",768,960,true],"large":["https:\/\/back.mascotarea.com\/wp-content\/uploads\/2021\/03\/royal-canin-diet-feline-urinary-s-o-lp34-1-5kg_29448.jpg",800,1000,false],"1536x1536":["https:\/\/back.mascotarea.com\/wp-content\/uploads\/2021\/03\/royal-canin-diet-feline-urinary-s-o-lp34-1-5kg_29448.jpg",800,1000,false],"2048x2048":["https:\/\/back.mascotarea.com\/wp-content\/uploads\/2021\/03\/royal-canin-diet-feline-urinary-s-o-lp34-1-5kg_29448.jpg",800,1000,false],"woocommerce_thumbnail":["https:\/\/back.mascotarea.com\/wp-content\/uploads\/2021\/03\/royal-canin-diet-feline-urinary-s-o-lp34-1-5kg_29448-200x200.jpg",200,200,true],"woocommerce_single":["https:\/\/back.mascotarea.com\/wp-content\/uploads\/2021\/03\/royal-canin-diet-feline-urinary-s-o-lp34-1-5kg_29448-200x250.jpg",200,250,true],"woocommerce_gallery_thumbnail":["https:\/\/back.mascotarea.com\/wp-content\/uploads\/2021\/03\/royal-canin-diet-feline-urinary-s-o-lp34-1-5kg_29448-100x100.jpg",100,100,true],"dgwt-wcas-product-suggestion":["https:\/\/back.mascotarea.com\/wp-content\/uploads\/2021\/03\/royal-canin-diet-feline-urinary-s-o-lp34-1-5kg_29448-64x80.jpg",64,80,true]},"uagb_author_info":{"display_name":"Roberto","author_link":"https:\/\/back.mascotarea.com\/?author=0"},"uagb_comment_info":0,"uagb_excerpt":"Alimento diet\u00e9tico completo para gatos.","_links":{"self":[{"href":"https:\/\/back.mascotarea.com\/index.php?rest_route=\/wp\/v2\/product\/7962","targetHints":{"allow":["GET"]}}],"collection":[{"href":"https:\/\/back.mascotarea.com\/index.php?rest_route=\/wp\/v2\/product"}],"about":[{"href":"https:\/\/back.mascotarea.com\/index.php?rest_route=\/wp\/v2\/types\/product"}],"replies":[{"embeddable":true,"href":"https:\/\/back.mascotarea.com\/index.php?rest_route=%2Fwp%2Fv2%2Fcomments&post=7962"}],"wp:featuredmedia":[{"embeddable":true,"href":"https:\/\/back.mascotarea.com\/index.php?rest_route=\/wp\/v2\/media\/7961"}],"wp:attachment":[{"href":"https:\/\/back.mascotarea.com\/index.php?rest_route=%2Fwp%2Fv2%2Fmedia&parent=7962"}],"wp:term":[{"taxonomy":"product_cat","embeddable":true,"href":"https:\/\/back.mascotarea.com\/index.php?rest_route=%2Fwp%2Fv2%2Fproduct_cat&post=7962"},{"taxonomy":"product_tag","embeddable":true,"href":"https:\/\/back.mascotarea.com\/index.php?rest_route=%2Fwp%2Fv2%2Fproduct_tag&post=7962"}],"curies":[{"name":"wp","href":"https:\/\/api.w.org\/{rel}","templated":true}]}}