{"id":7972,"date":"2021-03-02T15:13:34","date_gmt":"2021-03-02T15:13:34","guid":{"rendered":"https:\/\/back.mascotarea.com\/producto\/royal-canin-diet-feline-urinary-s-o-100gr-pollo\/"},"modified":"2023-06-04T06:10:04","modified_gmt":"2023-06-04T06:10:04","slug":"royal-canin-diet-feline-urinary-s-o-100gr-pollo","status":"publish","type":"product","link":"https:\/\/back.mascotarea.com\/?product=royal-canin-diet-feline-urinary-s-o-100gr-pollo","title":{"rendered":"Royal Canin Diet Feline Urinary S\/O 100gr Pollo"},"content":{"rendered":"<p><\/p>\n<p>Cistitis idiop\u00e1tica<\/p>\n<p><\/p>\n<p>Su alto contenido de humedad contribuye a la diluci\u00f3n de la orina, raz\u00f3n por la cual la dieta h\u00fameda es de preferencia en casos de cistitis idiop\u00e1tica.<\/p>\n<p>Disoluci\u00f3n de estruvita<\/p>\n<p><\/p>\n<p>Ayuda a disolver los c\u00e1lculos de estruvita.<\/p>\n<p>Bajo RSS<\/p>\n<p><\/p>\n<p>Contribuye a reducir la concentraci\u00f3n de iones que forman parte de la composici\u00f3n de los cristales urinarios,generando una orina subsaturada desfavorable para la formaci\u00f3n de c\u00e1lculos de estruvita y oxalato c\u00e1lcico.<\/p>\n<p>Diluci\u00f3n urinaria<\/p>\n<p><\/p>\n<p>Ayuda a generar una orina m\u00e1s diluida que resulta desfavorable para la formaci\u00f3n de c\u00e1lculos urinarios. Adem\u00e1s, un mayor volumen urinario genera un efecto de&#8217;lavado&#8217; de la vejiga.<\/p>\n<p><\/p>\n<p>Subproductos de pollo, subproductos de cerdo, hemoglobina porcina, harina de trigo, gluten de trigo, celulosa purificada, hidrolizado de h\u00edgado de pollo, almid\u00f3n de ma\u00edz, sales minerales, aceite de pescado, aceite de girasol, vitaminas, taurina, az\u00facares (caramelo), agentes gelificantes (carragenanos), DL-metionina, extracto de rosa de la India (rico en lute\u00edna), oligoelementos, oligoelementos quelados. Vitaminas: Vitamina D3, vitamina E, pantotenato de calcio, niacina, vitamina B1, vitamina B2, vitamina B6, \u00e1c. f\u00f3lico, biotina, vitamina B12, colina. Sales minerales: Cloruro de sodio, sulfato de calcio, cloruro de potasio, politrifosfato de sodio, bisulfato de sodio, carbonato de sodio. Oligoelementos: Sulfato de zinc, sulfato de hierro, sulfato de manganeso, sulfato de cobre, iodato de calcio. Oligoelementos quelados: Zinc, manganeso, cobre.<\/p>\n<p><\/p>\n<p>Prote\u00edna bruta (m\u00edn.): 8%; Extracto et\u00e9reo (m\u00edn.): 1,5%; Fibra bruta (m\u00e1x.): 2%; Minerales (m\u00e1x.): 2%; Humedad (m\u00e1x.): 83%; Sodio (m\u00e1x.): 0,5%; Calcio (m\u00edn.): 0,11%, (m\u00e1x.): 0,42%; F\u00f3sforo (m\u00edn.): 0,095%, (m\u00e1x.): 0,39%. Energ\u00eda metabolizable (EM): 908 kcal\/kg. Enriquecimientos por kg (m\u00edn.): Vitaminas: D3: 230 UI; E: 123 mg; B1: 5 mg; Niacina: 15 mg; \u00c1c. F\u00f3lico: 0,3 mg; B2: 2 mg; B6: 1 mg; Biotina: 0,025 mg; B12: 0,01 mg; Pantotenato de calcio: 5 mg; Colina: 201 mg. Oligoelementos: Cobre: 2 mg; Hierro: 3 mg; Manganeso: 1 mg; Zinc: 20 mg; Yodo: 0,2 mg.<\/p>\n<p><\/p>\n","protected":false},"excerpt":{"rendered":"<p> Alimento h\u00famedo para gatos adultos, formulado para ayudar a disolver c\u00e1lculos de estruvita y contribuir a reducir su recurrencia a trav\u00e9s de sus propiedades acidificantes de la orina.<\/p>\n<p><\/p>\n","protected":false},"featured_media":7971,"comment_status":"open","ping_status":"closed","template":"","meta":{"_uag_custom_page_level_css":"","_themeisle_gutenberg_block_has_review":false},"product_cat":[195],"product_tag":[],"class_list":{"0":"post-7972","1":"product","2":"type-product","3":"status-publish","4":"has-post-thumbnail","6":"product_cat-alimentacion-humeda-veterinaria-para-gato","8":"first","9":"outofstock","10":"taxable","11":"shipping-taxable","12":"purchasable","13":"product-type-simple","14":"customify-col"},"uagb_featured_image_src":{"full":["https:\/\/back.mascotarea.com\/wp-content\/uploads\/2021\/03\/royal-canin-diet-feline-urinary-s-o-100gr-pollo_15431.jpg",800,1000,false],"thumbnail":["https:\/\/back.mascotarea.com\/wp-content\/uploads\/2021\/03\/royal-canin-diet-feline-urinary-s-o-100gr-pollo_15431-150x150.jpg",150,150,true],"medium":["https:\/\/back.mascotarea.com\/wp-content\/uploads\/2021\/03\/royal-canin-diet-feline-urinary-s-o-100gr-pollo_15431-240x300.jpg",240,300,true],"medium_large":["https:\/\/back.mascotarea.com\/wp-content\/uploads\/2021\/03\/royal-canin-diet-feline-urinary-s-o-100gr-pollo_15431-768x960.jpg",768,960,true],"large":["https:\/\/back.mascotarea.com\/wp-content\/uploads\/2021\/03\/royal-canin-diet-feline-urinary-s-o-100gr-pollo_15431.jpg",800,1000,false],"1536x1536":["https:\/\/back.mascotarea.com\/wp-content\/uploads\/2021\/03\/royal-canin-diet-feline-urinary-s-o-100gr-pollo_15431.jpg",800,1000,false],"2048x2048":["https:\/\/back.mascotarea.com\/wp-content\/uploads\/2021\/03\/royal-canin-diet-feline-urinary-s-o-100gr-pollo_15431.jpg",800,1000,false],"woocommerce_thumbnail":["https:\/\/back.mascotarea.com\/wp-content\/uploads\/2021\/03\/royal-canin-diet-feline-urinary-s-o-100gr-pollo_15431-200x200.jpg",200,200,true],"woocommerce_single":["https:\/\/back.mascotarea.com\/wp-content\/uploads\/2021\/03\/royal-canin-diet-feline-urinary-s-o-100gr-pollo_15431-200x250.jpg",200,250,true],"woocommerce_gallery_thumbnail":["https:\/\/back.mascotarea.com\/wp-content\/uploads\/2021\/03\/royal-canin-diet-feline-urinary-s-o-100gr-pollo_15431-100x100.jpg",100,100,true],"dgwt-wcas-product-suggestion":["https:\/\/back.mascotarea.com\/wp-content\/uploads\/2021\/03\/royal-canin-diet-feline-urinary-s-o-100gr-pollo_15431-64x80.jpg",64,80,true]},"uagb_author_info":{"display_name":"Roberto","author_link":"https:\/\/back.mascotarea.com\/?author=0"},"uagb_comment_info":0,"uagb_excerpt":"Alimento h\u00famedo para gatos adultos, formulado para ayudar a disolver c\u00e1lculos de estruvita y contribuir a reducir su recurrencia a trav\u00e9s de sus propiedades acidificantes de la orina.","_links":{"self":[{"href":"https:\/\/back.mascotarea.com\/index.php?rest_route=\/wp\/v2\/product\/7972","targetHints":{"allow":["GET"]}}],"collection":[{"href":"https:\/\/back.mascotarea.com\/index.php?rest_route=\/wp\/v2\/product"}],"about":[{"href":"https:\/\/back.mascotarea.com\/index.php?rest_route=\/wp\/v2\/types\/product"}],"replies":[{"embeddable":true,"href":"https:\/\/back.mascotarea.com\/index.php?rest_route=%2Fwp%2Fv2%2Fcomments&post=7972"}],"wp:featuredmedia":[{"embeddable":true,"href":"https:\/\/back.mascotarea.com\/index.php?rest_route=\/wp\/v2\/media\/7971"}],"wp:attachment":[{"href":"https:\/\/back.mascotarea.com\/index.php?rest_route=%2Fwp%2Fv2%2Fmedia&parent=7972"}],"wp:term":[{"taxonomy":"product_cat","embeddable":true,"href":"https:\/\/back.mascotarea.com\/index.php?rest_route=%2Fwp%2Fv2%2Fproduct_cat&post=7972"},{"taxonomy":"product_tag","embeddable":true,"href":"https:\/\/back.mascotarea.com\/index.php?rest_route=%2Fwp%2Fv2%2Fproduct_tag&post=7972"}],"curies":[{"name":"wp","href":"https:\/\/api.w.org\/{rel}","templated":true}]}}