{"id":7976,"date":"2021-03-02T15:13:37","date_gmt":"2021-03-02T15:13:37","guid":{"rendered":"https:\/\/back.mascotarea.com\/producto\/royal-canin-diet-feline-renal-rf23-0-5kg\/"},"modified":"2023-06-04T06:10:04","modified_gmt":"2023-06-04T06:10:04","slug":"royal-canin-diet-feline-renal-rf23-0-5kg","status":"publish","type":"product","link":"https:\/\/back.mascotarea.com\/?product=royal-canin-diet-feline-renal-rf23-0-5kg","title":{"rendered":"Royal Canin Diet Feline Renal Rf23 0.5kg"},"content":{"rendered":"<p> Soporte renal<\/p>\n<\/p>\n<\/p>\n<p>Formulado con un bajo contenido de f\u00f3sforo y un contenido moderado de prote\u00ednas de alta calidad para favorecer la funci\u00f3n renal, ayudando a mejorar la calidad de vida de los gatos<\/p>\n<\/p>\n<p>Energ\u00eda adaptada<\/p>\n<\/p>\n<\/p>\n<p>Contenido energ\u00e9tico adaptado para reducir el volumen de la raci\u00f3n y ayudar a compensar la falta de apetito.<\/p>\n<\/p>\n<p>Selecci\u00f3n arom\u00e1tica<\/p>\n<\/p>\n<\/p>\n<p>Un perfil arom\u00e1tico espec\u00edfico con una forma de croqueta \u00fanica para ayudar a estimular el apetito de los gatos, particularmente en caso de aversi\u00f3n al alimento.<\/p>\n<\/p>\n<\/p>\n<p>Composici\u00f3n: harina de ma\u00edz, arroz, grasas animales, gluten de trigo*, ma\u00edz, aislado de prote\u00edna de soja*, fibras vegetales, gluten de ma\u00edz, minerales, hidrolizado de prote\u00ednas animales, pulpa de achicoria, aceite de pescado, aceite de soja, mono- y diglic\u00e9ridos de \u00e1cidos palm\u00edtico y este\u00e1rico esterificados con \u00e1cido c\u00edtrico, semillas e integumentos de psyllium, fructo-oligosac\u00e1ridos, extracto de rosa de la India (fuente de lute\u00edna). Fuentes de prote\u00edna: gluten de trigo*, aislado de prote\u00edna de soja*, gluten de ma\u00edz, hidrolizado de prote\u00ednas de ave.<\/p>\n<\/p>\n<\/p>\n<p>Aditivos (per kg): Aditivos nutricionales: Vitamina A: 21500 UI, Vitamina D3: 800 UI, Hierro (3b103): 45 mg, Yodo (3b201, 3b202): 4,5 mg, Cobre (3b405, 3b406): 14 mg, Manganeso (3b502, 3b504): 58 mg, Zinc (3b603, 3b605, 3b606): 153 mg, Selenio (3b801, 3b811, 3b812): 0,08 mg &#8211; Aditivos tecnol\u00f3gicos: Clinoptilolita de origen sedimentario: 10 g &#8211; Conservantes &#8211; Antioxidantes.<\/p>\n<\/p>\n<\/p>\n<p>Componentes anal\u00edticos: Prote\u00edna bruta: 23,0% &#8211; Grasa bruta: 17,0% &#8211; Ceniza bruta: 5,9% &#8211; Fibra bruta: 4,6% &#8211; Calcio: 0,6% &#8211; F\u00f3sforo: 0,3% &#8211; Potasio: 0,9% &#8211; Sodio: 0,4% &#8211; Magnesio: 0,07% &#8211; Cloruro: 1% &#8211; Azufre: 0,4% &#8211; Vitamina D (total): 800,0 UI\/kg &#8211; Hidroxiprolina: 0% &#8211; EPA\/DHA: 0,42% &#8211; \u00c1cidos grasos esenciales (\u00e1cido linoleico, \u00e1cido araquid\u00f3nico): 3,26% &#8211; Sustancias alcalinizantes de la orina: citrato pot\u00e1sico, carbonato c\u00e1lcico.<\/p>\n<\/p>\n<\/p>\n<p>* L.I.P.: prote\u00edna seleccionada por su elevada digestibilidad.<\/p>\n","protected":false},"excerpt":{"rendered":"<p>Alimento diet\u00e9tico completo para gatos <\/p>\n","protected":false},"featured_media":7975,"comment_status":"open","ping_status":"closed","template":"","meta":{"_uag_custom_page_level_css":"","_themeisle_gutenberg_block_has_review":false},"product_cat":[202],"product_tag":[],"class_list":{"0":"post-7976","1":"product","2":"type-product","3":"status-publish","4":"has-post-thumbnail","6":"product_cat-pienso-veterinario-seco-para-gato","8":"first","9":"outofstock","10":"taxable","11":"shipping-taxable","12":"purchasable","13":"product-type-simple","14":"customify-col"},"uagb_featured_image_src":{"full":["https:\/\/back.mascotarea.com\/wp-content\/uploads\/2021\/03\/royal-canin-diet-feline-renal-rf23-0-5kg_24149.jpg",800,1000,false],"thumbnail":["https:\/\/back.mascotarea.com\/wp-content\/uploads\/2021\/03\/royal-canin-diet-feline-renal-rf23-0-5kg_24149-150x150.jpg",150,150,true],"medium":["https:\/\/back.mascotarea.com\/wp-content\/uploads\/2021\/03\/royal-canin-diet-feline-renal-rf23-0-5kg_24149-240x300.jpg",240,300,true],"medium_large":["https:\/\/back.mascotarea.com\/wp-content\/uploads\/2021\/03\/royal-canin-diet-feline-renal-rf23-0-5kg_24149-768x960.jpg",768,960,true],"large":["https:\/\/back.mascotarea.com\/wp-content\/uploads\/2021\/03\/royal-canin-diet-feline-renal-rf23-0-5kg_24149.jpg",800,1000,false],"1536x1536":["https:\/\/back.mascotarea.com\/wp-content\/uploads\/2021\/03\/royal-canin-diet-feline-renal-rf23-0-5kg_24149.jpg",800,1000,false],"2048x2048":["https:\/\/back.mascotarea.com\/wp-content\/uploads\/2021\/03\/royal-canin-diet-feline-renal-rf23-0-5kg_24149.jpg",800,1000,false],"woocommerce_thumbnail":["https:\/\/back.mascotarea.com\/wp-content\/uploads\/2021\/03\/royal-canin-diet-feline-renal-rf23-0-5kg_24149-200x200.jpg",200,200,true],"woocommerce_single":["https:\/\/back.mascotarea.com\/wp-content\/uploads\/2021\/03\/royal-canin-diet-feline-renal-rf23-0-5kg_24149-200x250.jpg",200,250,true],"woocommerce_gallery_thumbnail":["https:\/\/back.mascotarea.com\/wp-content\/uploads\/2021\/03\/royal-canin-diet-feline-renal-rf23-0-5kg_24149-100x100.jpg",100,100,true],"dgwt-wcas-product-suggestion":["https:\/\/back.mascotarea.com\/wp-content\/uploads\/2021\/03\/royal-canin-diet-feline-renal-rf23-0-5kg_24149-64x80.jpg",64,80,true]},"uagb_author_info":{"display_name":"Roberto","author_link":"https:\/\/back.mascotarea.com\/?author=0"},"uagb_comment_info":0,"uagb_excerpt":"Alimento diet\u00e9tico completo para gatos","_links":{"self":[{"href":"https:\/\/back.mascotarea.com\/index.php?rest_route=\/wp\/v2\/product\/7976","targetHints":{"allow":["GET"]}}],"collection":[{"href":"https:\/\/back.mascotarea.com\/index.php?rest_route=\/wp\/v2\/product"}],"about":[{"href":"https:\/\/back.mascotarea.com\/index.php?rest_route=\/wp\/v2\/types\/product"}],"replies":[{"embeddable":true,"href":"https:\/\/back.mascotarea.com\/index.php?rest_route=%2Fwp%2Fv2%2Fcomments&post=7976"}],"wp:featuredmedia":[{"embeddable":true,"href":"https:\/\/back.mascotarea.com\/index.php?rest_route=\/wp\/v2\/media\/7975"}],"wp:attachment":[{"href":"https:\/\/back.mascotarea.com\/index.php?rest_route=%2Fwp%2Fv2%2Fmedia&parent=7976"}],"wp:term":[{"taxonomy":"product_cat","embeddable":true,"href":"https:\/\/back.mascotarea.com\/index.php?rest_route=%2Fwp%2Fv2%2Fproduct_cat&post=7976"},{"taxonomy":"product_tag","embeddable":true,"href":"https:\/\/back.mascotarea.com\/index.php?rest_route=%2Fwp%2Fv2%2Fproduct_tag&post=7976"}],"curies":[{"name":"wp","href":"https:\/\/api.w.org\/{rel}","templated":true}]}}