{"id":7978,"date":"2021-03-02T15:13:39","date_gmt":"2021-03-02T15:13:39","guid":{"rendered":"https:\/\/back.mascotarea.com\/producto\/royal-canin-diet-feline-renal-pollo-195-gr-lata-ex12\/"},"modified":"2023-06-04T06:10:04","modified_gmt":"2023-06-04T06:10:04","slug":"royal-canin-diet-feline-renal-pollo-195-gr-lata-ex12","status":"publish","type":"product","link":"https:\/\/back.mascotarea.com\/?product=royal-canin-diet-feline-renal-pollo-195-gr-lata-ex12","title":{"rendered":"Royal Canin Diet Feline Renal Pollo 195 Gr Lata (Ex12)"},"content":{"rendered":"<p><\/p>\n<p>Soporte renal<\/p>\n<p><\/p>\n<p>Formulado con un bajo contenido de f\u00f3sforo y un contenido moderado de prote\u00ednas de alta calidad para favorecer la funci\u00f3n renal, ayudando a mejorar la calidad de vida de los gatos.<\/p>\n<p>Energ\u00eda adaptada<\/p>\n<p><\/p>\n<p>Contenido energ\u00e9tico adaptado para reducir el volumen de la raci\u00f3n y ayudar a compensar la falta de apetito.<\/p>\n<p>Selecci\u00f3n arom\u00e1tica<\/p>\n<p><\/p>\n<p>Un perfil arom\u00e1tico espec\u00edfico con una textura \u00fanica para ayudar a estimular el apetito de los gatos, particularmente en caso de aversi\u00f3n al alimento.<\/p>\n<p><\/p>\n<p>Composici\u00f3n: carnes y subproductos animales (pollo 4%), cereales, aceites y grasas, sustancias minerales, subproductos de origen vegetal, az\u00facares. Fuentes de prote\u00edna: pollo, cerdo.<\/p>\n<p><\/p>\n<p>Aditivos (por kg): Aditivos nutricionales: Vitamina D3: 390 UI, Hierro (3b103): 6 mg, Yodo (3b202): 0,55 mg, Cobre (3b405, 3b406): 4,5 mg, Manganeso (3b502, 3b503, 3b504): 1,9 mg, Zinc (3b603, 3b605, 3b606): 19 mg &#8211; Aditivos tecnol\u00f3gicos: Clinoptilolita de origen sedimentario: 0,2 mg.<\/p>\n<p><\/p>\n<p>Componetes anal\u00edticos: Prote\u00edna bruta: 7,8% &#8211; Grasa bruta: 8,0% &#8211; Ceniza bruta: 1,3% &#8211; Fibra bruta: 0,5% &#8211; Humedad: 77,0% &#8211; Calcio: 0,15% &#8211; F\u00f3sforo: 0,09% &#8211; Potasio: 0,22% &#8211; Sodio: 0,11% &#8211; Magnesio: 0,017% &#8211; Cloruro: 0,18% &#8211; Azufre: 0,15% &#8211; Vitamina D (total): 430,0 UI\/kg &#8211; Hidroxiprolina: 0,05% &#8211; \u00c1cidos grasos esenciales (\u00e1cido linoleico, \u00e1cido araquid\u00f3nico): 2,25% &#8211; Sustancias alcalinizantes de la orina: citrato pot\u00e1sico, carbonato c\u00e1lcico.<\/p>\n","protected":false},"excerpt":{"rendered":"<p>Alimento diet\u00e9tico completo para gatos.<\/p>\n","protected":false},"featured_media":7977,"comment_status":"open","ping_status":"closed","template":"","meta":{"_uag_custom_page_level_css":"","_themeisle_gutenberg_block_has_review":false},"product_cat":[195],"product_tag":[],"class_list":{"0":"post-7978","1":"product","2":"type-product","3":"status-publish","4":"has-post-thumbnail","6":"product_cat-alimentacion-humeda-veterinaria-para-gato","8":"first","9":"outofstock","10":"taxable","11":"shipping-taxable","12":"purchasable","13":"product-type-simple","14":"customify-col"},"uagb_featured_image_src":{"full":["https:\/\/back.mascotarea.com\/wp-content\/uploads\/2021\/03\/royal-canin-diet-feline-renal-pollo-195-gr-lata-ex12_2810.jpg",800,1000,false],"thumbnail":["https:\/\/back.mascotarea.com\/wp-content\/uploads\/2021\/03\/royal-canin-diet-feline-renal-pollo-195-gr-lata-ex12_2810-150x150.jpg",150,150,true],"medium":["https:\/\/back.mascotarea.com\/wp-content\/uploads\/2021\/03\/royal-canin-diet-feline-renal-pollo-195-gr-lata-ex12_2810-240x300.jpg",240,300,true],"medium_large":["https:\/\/back.mascotarea.com\/wp-content\/uploads\/2021\/03\/royal-canin-diet-feline-renal-pollo-195-gr-lata-ex12_2810-768x960.jpg",768,960,true],"large":["https:\/\/back.mascotarea.com\/wp-content\/uploads\/2021\/03\/royal-canin-diet-feline-renal-pollo-195-gr-lata-ex12_2810.jpg",800,1000,false],"1536x1536":["https:\/\/back.mascotarea.com\/wp-content\/uploads\/2021\/03\/royal-canin-diet-feline-renal-pollo-195-gr-lata-ex12_2810.jpg",800,1000,false],"2048x2048":["https:\/\/back.mascotarea.com\/wp-content\/uploads\/2021\/03\/royal-canin-diet-feline-renal-pollo-195-gr-lata-ex12_2810.jpg",800,1000,false],"woocommerce_thumbnail":["https:\/\/back.mascotarea.com\/wp-content\/uploads\/2021\/03\/royal-canin-diet-feline-renal-pollo-195-gr-lata-ex12_2810-200x200.jpg",200,200,true],"woocommerce_single":["https:\/\/back.mascotarea.com\/wp-content\/uploads\/2021\/03\/royal-canin-diet-feline-renal-pollo-195-gr-lata-ex12_2810-200x250.jpg",200,250,true],"woocommerce_gallery_thumbnail":["https:\/\/back.mascotarea.com\/wp-content\/uploads\/2021\/03\/royal-canin-diet-feline-renal-pollo-195-gr-lata-ex12_2810-100x100.jpg",100,100,true],"dgwt-wcas-product-suggestion":["https:\/\/back.mascotarea.com\/wp-content\/uploads\/2021\/03\/royal-canin-diet-feline-renal-pollo-195-gr-lata-ex12_2810-64x80.jpg",64,80,true]},"uagb_author_info":{"display_name":"Roberto","author_link":"https:\/\/back.mascotarea.com\/?author=0"},"uagb_comment_info":0,"uagb_excerpt":"Alimento diet\u00e9tico completo para gatos.","_links":{"self":[{"href":"https:\/\/back.mascotarea.com\/index.php?rest_route=\/wp\/v2\/product\/7978","targetHints":{"allow":["GET"]}}],"collection":[{"href":"https:\/\/back.mascotarea.com\/index.php?rest_route=\/wp\/v2\/product"}],"about":[{"href":"https:\/\/back.mascotarea.com\/index.php?rest_route=\/wp\/v2\/types\/product"}],"replies":[{"embeddable":true,"href":"https:\/\/back.mascotarea.com\/index.php?rest_route=%2Fwp%2Fv2%2Fcomments&post=7978"}],"wp:featuredmedia":[{"embeddable":true,"href":"https:\/\/back.mascotarea.com\/index.php?rest_route=\/wp\/v2\/media\/7977"}],"wp:attachment":[{"href":"https:\/\/back.mascotarea.com\/index.php?rest_route=%2Fwp%2Fv2%2Fmedia&parent=7978"}],"wp:term":[{"taxonomy":"product_cat","embeddable":true,"href":"https:\/\/back.mascotarea.com\/index.php?rest_route=%2Fwp%2Fv2%2Fproduct_cat&post=7978"},{"taxonomy":"product_tag","embeddable":true,"href":"https:\/\/back.mascotarea.com\/index.php?rest_route=%2Fwp%2Fv2%2Fproduct_tag&post=7978"}],"curies":[{"name":"wp","href":"https:\/\/api.w.org\/{rel}","templated":true}]}}