{"id":7988,"date":"2021-03-02T15:13:48","date_gmt":"2021-03-02T15:13:48","guid":{"rendered":"https:\/\/back.mascotarea.com\/producto\/royal-canin-diet-feline-hepatic-hf26-4kg\/"},"modified":"2023-06-04T06:10:07","modified_gmt":"2023-06-04T06:10:07","slug":"royal-canin-diet-feline-hepatic-hf26-4kg","status":"publish","type":"product","link":"https:\/\/back.mascotarea.com\/?product=royal-canin-diet-feline-hepatic-hf26-4kg","title":{"rendered":"Royal Canin Diet Feline Hepatic Hf26 4kg"},"content":{"rendered":"<p><\/p>\n<p>Alta energ\u00eda<\/p>\n<p><\/p>\n<p>Contenido adaptado de energ\u00eda para responder a las necesidades cal\u00f3ricas del gato, sin sobrecargar el est\u00f3mago.<\/p>\n<p>Bajo cobre<\/p>\n<p><\/p>\n<p>Bajo contenido en cobre para ayudar a reducir su acumulaci\u00f3n en las c\u00e9lulas del h\u00edgado.<\/p>\n<p><\/p>\n<p>Arroz, grasas animales (vacuna y pollo), ma\u00edz, prote\u00edna vegetal purificada L.I.P.* (gluten de trigo),prote\u00edna aislada de soja, harina de gluten de ma\u00edz, hidrolizado de h\u00edgado de pollo y\/o cerdo y\/ovacuno, celulosa purificada, sales minerales, pulpa de achicoria, aceite de pescado, zeolita,aceite vegetal, vitaminas, DL-metionina, arginina, oligoelementos, oligoelementos quelados,taurina, fructo-oligosac\u00e1ridos (FOS), L-lisina, manano-oligosac\u00e1ridos (MOS), L-carnitina, extractode rosa de la India (rico en lute\u00edna).(*) Low Indigestible Protein: prote\u00edna seleccionada por su alta asimilaci\u00f3n. Vitaminas: Vitamina A, vitamina D3, vitamina E, pantotenato de calcio, niacina, vitamina B1,vitamina B2, vitamina B6, \u00e1cido f\u00f3lico, biotina, vitamina B12, colina. Sales minerales: Sulfato de calcio, cloruro de potasio, fosfato monoc\u00e1lcico, calcita. Oligoelementos: Sulfato ferroso, \u00f3xido de manganeso, fuente de iodo (iodato de calcio o iodatode potasio). Oligoelementos quelados: Zinc, selenio org\u00e1nico. Conservantes y antioxidantes: BHA, galato de propilo y \u00e1cido c\u00edtrico.<\/p>\n<p><\/p>\n<p>Prote\u00edna Bruta (m\u00edn.): 24%, (prom.): 26%; Extracto et\u00e9reo (m\u00edn.): 20%, (prom.): 22%; Fibra Cruda (m\u00e1x.): 6,3%, (prom.): 5,3%; Minerales (m\u00e1x.): 6,9%, (prom.): 6,3%; Humedad (m\u00e1x.): 8%, (prom.): 5,5%; Calcio (m\u00edn.): 0,52%, (m\u00e1x.): 0,78%; F\u00f3sforo (m\u00edn.): 0,47%, (m\u00e1x.): 0,71%; Sodio (m\u00e1x:) 0,36%, (prom.): 0,3%. Energ\u00eda Metabolizable: 4.112 kcal\/kg. Enriquecimientos por kg (m\u00edn.): Vitaminas: A: 15.600 UI; D3: 800 UI; E: 600 mg; C: 200 mg; B1: 14.1 mg. Oligoelementos: Cobre: 5 mg; Hierro: 128 mg; Manganeso: 59 mg; Zinc: 236 mg.<\/p>\n<p><\/p>\n","protected":false},"excerpt":{"rendered":"<p>Un alimento para gatos adultos en mantenimiento, formulado para contribuir al sost\u00e9n de la funci\u00f3n del h\u00edgado durante y despu\u00e9s de un trastorno hep\u00e1tico<\/p>\n","protected":false},"featured_media":7987,"comment_status":"open","ping_status":"closed","template":"","meta":{"_uag_custom_page_level_css":"","_themeisle_gutenberg_block_has_review":false},"product_cat":[202],"product_tag":[],"class_list":{"0":"post-7988","1":"product","2":"type-product","3":"status-publish","4":"has-post-thumbnail","6":"product_cat-pienso-veterinario-seco-para-gato","8":"first","9":"outofstock","10":"taxable","11":"shipping-taxable","12":"purchasable","13":"product-type-simple","14":"customify-col"},"uagb_featured_image_src":{"full":["https:\/\/back.mascotarea.com\/wp-content\/uploads\/2021\/03\/royal-canin-diet-feline-hepatic-hf26-4kg_14916.jpg",800,1000,false],"thumbnail":["https:\/\/back.mascotarea.com\/wp-content\/uploads\/2021\/03\/royal-canin-diet-feline-hepatic-hf26-4kg_14916-150x150.jpg",150,150,true],"medium":["https:\/\/back.mascotarea.com\/wp-content\/uploads\/2021\/03\/royal-canin-diet-feline-hepatic-hf26-4kg_14916-240x300.jpg",240,300,true],"medium_large":["https:\/\/back.mascotarea.com\/wp-content\/uploads\/2021\/03\/royal-canin-diet-feline-hepatic-hf26-4kg_14916-768x960.jpg",768,960,true],"large":["https:\/\/back.mascotarea.com\/wp-content\/uploads\/2021\/03\/royal-canin-diet-feline-hepatic-hf26-4kg_14916.jpg",800,1000,false],"1536x1536":["https:\/\/back.mascotarea.com\/wp-content\/uploads\/2021\/03\/royal-canin-diet-feline-hepatic-hf26-4kg_14916.jpg",800,1000,false],"2048x2048":["https:\/\/back.mascotarea.com\/wp-content\/uploads\/2021\/03\/royal-canin-diet-feline-hepatic-hf26-4kg_14916.jpg",800,1000,false],"woocommerce_thumbnail":["https:\/\/back.mascotarea.com\/wp-content\/uploads\/2021\/03\/royal-canin-diet-feline-hepatic-hf26-4kg_14916-200x200.jpg",200,200,true],"woocommerce_single":["https:\/\/back.mascotarea.com\/wp-content\/uploads\/2021\/03\/royal-canin-diet-feline-hepatic-hf26-4kg_14916-200x250.jpg",200,250,true],"woocommerce_gallery_thumbnail":["https:\/\/back.mascotarea.com\/wp-content\/uploads\/2021\/03\/royal-canin-diet-feline-hepatic-hf26-4kg_14916-100x100.jpg",100,100,true],"dgwt-wcas-product-suggestion":["https:\/\/back.mascotarea.com\/wp-content\/uploads\/2021\/03\/royal-canin-diet-feline-hepatic-hf26-4kg_14916-64x80.jpg",64,80,true]},"uagb_author_info":{"display_name":"Roberto","author_link":"https:\/\/back.mascotarea.com\/?author=0"},"uagb_comment_info":0,"uagb_excerpt":"Un alimento para gatos adultos en mantenimiento, formulado para contribuir al sost\u00e9n de la funci\u00f3n del h\u00edgado durante y despu\u00e9s de un trastorno hep\u00e1tico","_links":{"self":[{"href":"https:\/\/back.mascotarea.com\/index.php?rest_route=\/wp\/v2\/product\/7988","targetHints":{"allow":["GET"]}}],"collection":[{"href":"https:\/\/back.mascotarea.com\/index.php?rest_route=\/wp\/v2\/product"}],"about":[{"href":"https:\/\/back.mascotarea.com\/index.php?rest_route=\/wp\/v2\/types\/product"}],"replies":[{"embeddable":true,"href":"https:\/\/back.mascotarea.com\/index.php?rest_route=%2Fwp%2Fv2%2Fcomments&post=7988"}],"wp:featuredmedia":[{"embeddable":true,"href":"https:\/\/back.mascotarea.com\/index.php?rest_route=\/wp\/v2\/media\/7987"}],"wp:attachment":[{"href":"https:\/\/back.mascotarea.com\/index.php?rest_route=%2Fwp%2Fv2%2Fmedia&parent=7988"}],"wp:term":[{"taxonomy":"product_cat","embeddable":true,"href":"https:\/\/back.mascotarea.com\/index.php?rest_route=%2Fwp%2Fv2%2Fproduct_cat&post=7988"},{"taxonomy":"product_tag","embeddable":true,"href":"https:\/\/back.mascotarea.com\/index.php?rest_route=%2Fwp%2Fv2%2Fproduct_tag&post=7988"}],"curies":[{"name":"wp","href":"https:\/\/api.w.org\/{rel}","templated":true}]}}