{"id":7992,"date":"2021-03-02T15:13:52","date_gmt":"2021-03-02T15:13:52","guid":{"rendered":"https:\/\/back.mascotarea.com\/producto\/royal-canin-diet-feline-gastro-intestinal-gi32-2kg\/"},"modified":"2023-06-04T06:10:07","modified_gmt":"2023-06-04T06:10:07","slug":"royal-canin-diet-feline-gastro-intestinal-gi32-2kg","status":"publish","type":"product","link":"https:\/\/back.mascotarea.com\/?product=royal-canin-diet-feline-gastro-intestinal-gi32-2kg","title":{"rendered":"Royal Canin Diet Feline Gastro Intestinal Gi32 2kg"},"content":{"rendered":"<p><\/p>\n<p>Soporte digestivo<\/p>\n<p><\/p>\n<p>F\u00f3rmula altamente digestible con un aporte equilibrado de fibras, incluyendo prebi\u00f3ticos, para favorecer una digesti\u00f3n y un tr\u00e1nsito saludables.<\/p>\n<p>Alta energ\u00eda<\/p>\n<p><\/p>\n<p>Un alto contenido energ\u00e9tico para reducir el volumen de la raci\u00f3n y disminuir la carga intestinal.<\/p>\n<p>Elevada palatabilidad<\/p>\n<p><\/p>\n<p>Alta palatabilidad para satisfacer un apetito disminuido.<\/p>\n<p>S\/O INDEX<\/p>\n<p><\/p>\n<p>Esta dieta promueve un entorno urinario desfavorable para la formaci\u00f3n de cristales, tanto de estruvita como de oxalato c\u00e1lcico.<\/p>\n<p><\/p>\n<p>Composici\u00f3n: prote\u00ednas de ave deshidratadas*, arroz*, grasas animales*, gluten de trigo*, fibras vegetales, gluten de ma\u00edz*, h\u00edgado de ave hidrolizado*, minerales, huevo deshidratado*, pulpa de remolacha, aceite de pescado*, aceite de soja*, levadura de cerveza, semillas e integumentos de psyllium (fuente de sustancias mucilaginosas), fructo-oligosac\u00e1ridos (0,48%), hidrolizado de levaduras (fuente de manano-oligosac\u00e1ridos) (0,19%), extracto de rosa de la India (fuente de lute\u00edna). *ingredientes altamente digestibles.<\/p>\n<p><\/p>\n<p>Aditivos (por kg): Aditivos nutricionales: Vitamina A: 21500 UI, Vitamina D3: 800 UI, Hierro (3b103): 41 mg, Yodo (3b201, 3b202): 4,1 mg, Cobre (3b405, 3b406): 13 mg, Manganeso (3b502, 3b504): 54 mg, Zinc (3b603, 3b605, 3b606): 132 mg, Selenio (3b801, 3b811, 3b812): 0,08 mg &#8211; Aditivos tecnol\u00f3gicos: Clinoptilolita de origen sedimentario: 10 g &#8211; Conservantes &#8211; Antioxidantes.<\/p>\n<p><\/p>\n<p>Componentes anal\u00edticos: Prote\u00edna bruta: 32,0% &#8211; Aceites y grasas brutos: 22,0% &#8211; Ceniza bruta: 8,5% &#8211; Fibras brutas: 4,9% &#8211; EPA\/DHA: 0,33% &#8211; \u00c1cidos grasos omega-3: 0,93% &#8211; \u00c1cidos grasos omega-6: 4,4% &#8211; Sodio: 0,6% &#8211; Potasio: 1,0%.<\/p>\n<p><\/p>\n","protected":false},"excerpt":{"rendered":"<p>Alimento diet\u00e9tico completo para gatos <\/p>\n","protected":false},"featured_media":7991,"comment_status":"open","ping_status":"closed","template":"","meta":{"_uag_custom_page_level_css":"","_themeisle_gutenberg_block_has_review":false},"product_cat":[202],"product_tag":[],"class_list":{"0":"post-7992","1":"product","2":"type-product","3":"status-publish","4":"has-post-thumbnail","6":"product_cat-pienso-veterinario-seco-para-gato","8":"first","9":"outofstock","10":"taxable","11":"shipping-taxable","12":"purchasable","13":"product-type-simple","14":"customify-col"},"uagb_featured_image_src":{"full":["https:\/\/back.mascotarea.com\/wp-content\/uploads\/2021\/03\/royal-canin-diet-feline-gastro-intestinal-gi32-2kg_27727.jpg",800,1000,false],"thumbnail":["https:\/\/back.mascotarea.com\/wp-content\/uploads\/2021\/03\/royal-canin-diet-feline-gastro-intestinal-gi32-2kg_27727-150x150.jpg",150,150,true],"medium":["https:\/\/back.mascotarea.com\/wp-content\/uploads\/2021\/03\/royal-canin-diet-feline-gastro-intestinal-gi32-2kg_27727-240x300.jpg",240,300,true],"medium_large":["https:\/\/back.mascotarea.com\/wp-content\/uploads\/2021\/03\/royal-canin-diet-feline-gastro-intestinal-gi32-2kg_27727-768x960.jpg",768,960,true],"large":["https:\/\/back.mascotarea.com\/wp-content\/uploads\/2021\/03\/royal-canin-diet-feline-gastro-intestinal-gi32-2kg_27727.jpg",800,1000,false],"1536x1536":["https:\/\/back.mascotarea.com\/wp-content\/uploads\/2021\/03\/royal-canin-diet-feline-gastro-intestinal-gi32-2kg_27727.jpg",800,1000,false],"2048x2048":["https:\/\/back.mascotarea.com\/wp-content\/uploads\/2021\/03\/royal-canin-diet-feline-gastro-intestinal-gi32-2kg_27727.jpg",800,1000,false],"woocommerce_thumbnail":["https:\/\/back.mascotarea.com\/wp-content\/uploads\/2021\/03\/royal-canin-diet-feline-gastro-intestinal-gi32-2kg_27727-200x200.jpg",200,200,true],"woocommerce_single":["https:\/\/back.mascotarea.com\/wp-content\/uploads\/2021\/03\/royal-canin-diet-feline-gastro-intestinal-gi32-2kg_27727-200x250.jpg",200,250,true],"woocommerce_gallery_thumbnail":["https:\/\/back.mascotarea.com\/wp-content\/uploads\/2021\/03\/royal-canin-diet-feline-gastro-intestinal-gi32-2kg_27727-100x100.jpg",100,100,true],"dgwt-wcas-product-suggestion":["https:\/\/back.mascotarea.com\/wp-content\/uploads\/2021\/03\/royal-canin-diet-feline-gastro-intestinal-gi32-2kg_27727-64x80.jpg",64,80,true]},"uagb_author_info":{"display_name":"Roberto","author_link":"https:\/\/back.mascotarea.com\/?author=0"},"uagb_comment_info":0,"uagb_excerpt":"Alimento diet\u00e9tico completo para gatos","_links":{"self":[{"href":"https:\/\/back.mascotarea.com\/index.php?rest_route=\/wp\/v2\/product\/7992","targetHints":{"allow":["GET"]}}],"collection":[{"href":"https:\/\/back.mascotarea.com\/index.php?rest_route=\/wp\/v2\/product"}],"about":[{"href":"https:\/\/back.mascotarea.com\/index.php?rest_route=\/wp\/v2\/types\/product"}],"replies":[{"embeddable":true,"href":"https:\/\/back.mascotarea.com\/index.php?rest_route=%2Fwp%2Fv2%2Fcomments&post=7992"}],"wp:featuredmedia":[{"embeddable":true,"href":"https:\/\/back.mascotarea.com\/index.php?rest_route=\/wp\/v2\/media\/7991"}],"wp:attachment":[{"href":"https:\/\/back.mascotarea.com\/index.php?rest_route=%2Fwp%2Fv2%2Fmedia&parent=7992"}],"wp:term":[{"taxonomy":"product_cat","embeddable":true,"href":"https:\/\/back.mascotarea.com\/index.php?rest_route=%2Fwp%2Fv2%2Fproduct_cat&post=7992"},{"taxonomy":"product_tag","embeddable":true,"href":"https:\/\/back.mascotarea.com\/index.php?rest_route=%2Fwp%2Fv2%2Fproduct_tag&post=7992"}],"curies":[{"name":"wp","href":"https:\/\/api.w.org\/{rel}","templated":true}]}}