{"id":7996,"date":"2021-03-02T15:13:56","date_gmt":"2021-03-02T15:13:56","guid":{"rendered":"https:\/\/back.mascotarea.com\/producto\/royal-canin-diet-feline-diabetic-ds46-3-5kg\/"},"modified":"2023-06-04T06:10:07","modified_gmt":"2023-06-04T06:10:07","slug":"royal-canin-diet-feline-diabetic-ds46-3-5kg","status":"publish","type":"product","link":"https:\/\/back.mascotarea.com\/?product=royal-canin-diet-feline-diabetic-ds46-3-5kg","title":{"rendered":"Royal Canin Diet Feline Diabetic Ds46 3.5kg"},"content":{"rendered":"<p><\/p>\n<p>Glucomodulaci\u00f3n<\/p>\n<p><\/p>\n<p>F\u00f3rmula espec\u00edfica para ayudar a regular la glucemia postprandial en los gatos diab\u00e9ticos.<\/p>\n<p>Alta Prote\u00edna<\/p>\n<p><\/p>\n<p>Alto contenido de prote\u00ednas para contribuir al mantenimiento de la masa muscular, lo cual resulta esencial en gatos diab\u00e9ticos<\/p>\n<p>Bajo Almid\u00f3n<\/p>\n<p><\/p>\n<p>F\u00f3rmula que contiene un reducido nivel de almid\u00f3n.<\/p>\n<p><\/p>\n<p>Harina de subproductos de pollo, prote\u00edna vegetal purificada L.I.P.* (gluten detrigo), cebada, tapioca, celulosa purificada, hidrolizado de extracto proteico de soja, harina de gluten dema\u00edz, grasas animales (vacuna y\/o pollo), hidrolizado de h\u00edgado de pollo y\/o vacuno y\/o cerdo, pulpade achicoria, sales minerales, aceite de pescado, c\u00e1scara de psyllium, vitaminas, aceite de soja,fructo-oligosac\u00e1ridos (FOS), arginina, taurina, extracto de rosa de la India (rico en lute\u00edna), L-carnitina,oligoelementos quelados, oligoelementos.* Low Indigestible Protein: prote\u00edna seleccionada por su alta asimilaci\u00f3n.Vitaminas: Colina, vitamina E, vitamina C, niacina, biotina, vitamina B2, pantotenato de calcio, vitaminaB6, vitamina A, vitamina B1, vitamina B12, \u00e1cido f\u00f3lico, vitamina D3.Sales minerales: Cloruro de potasio, sulfato de calcio, citrato de potasio y fosfato monopot\u00e1sico.Oligoelementos: Sulfato de hierro, \u00f3xido de zinc, \u00f3xido de manganeso, sulfato de cobre, selenioorg\u00e1nico, iodato de calcio.Oligoelementos quelados: Zinc, manganeso, cobre.Conservantes y antioxidantes: BHA, galato de propilo y \u00e1cido c\u00edtrico.<\/p>\n<p><\/p>\n<p>Prote\u00edna bruta (m\u00edn.): 45,6%; Extracto et\u00e9reo (m\u00edn.): 10,5%; Fibra cruda(m\u00e1x.): 7,2%; Minerales totales (m\u00e1x.): 8,6%; Humedad (m\u00e1x.): 7,5%; Calcio (m\u00edn.): 0,58%, (m\u00e1x.): 1,32%;F\u00f3sforo (m\u00edn.): 0,56%, (m\u00e1x.): 1,28%; Sodio (m\u00e1x.): 0,57%.Energ\u00eda Metabolizable: 3.798 kcal\/kg.Enriquecimientos por Kg (m\u00edn.):Vitaminas: A: 14.040 UI; D3: 540 UI; E: 280 mg; C: 100 mg; B1: 9,42 mg; B2: 35,76 mg; Niacina:124,2 mg; Pantotenato de calcio: 37,2 mg; B6: 26,7 mg; B12: 0,096 mg; Biotina: 2,01 mg; Colina:1200 mg; \u00c1c. F\u00f3lico: 7,5 mg.Oligoelementos: Cobre: 5,4 mg; Hierro: 19 mg; Manganeso: 25,4 mg; Yodo: 1,9 mg; Zinc: 73,6 mg;Selenio: 0,02 mg.<\/p>\n<p><\/p>\n","protected":false},"excerpt":{"rendered":"<p>Alimento para gatos adultos, formulado para ayudar en la regulaci\u00f3n del aporte de glucosa (Diabetes Mellitus). Este alimento se caracteriza por su bajo contenido de hidratos de carbono con liberaci\u00f3n r\u00e1pida de glucosa. <\/p>\n","protected":false},"featured_media":7995,"comment_status":"open","ping_status":"closed","template":"","meta":{"_uag_custom_page_level_css":"","_themeisle_gutenberg_block_has_review":false},"product_cat":[202],"product_tag":[],"class_list":{"0":"post-7996","1":"product","2":"type-product","3":"status-publish","4":"has-post-thumbnail","6":"product_cat-pienso-veterinario-seco-para-gato","8":"first","9":"outofstock","10":"taxable","11":"shipping-taxable","12":"purchasable","13":"product-type-simple","14":"customify-col"},"uagb_featured_image_src":{"full":["https:\/\/back.mascotarea.com\/wp-content\/uploads\/2021\/03\/royal-canin-diet-feline-diabetic-ds46-3-5kg_27798.jpg",800,1000,false],"thumbnail":["https:\/\/back.mascotarea.com\/wp-content\/uploads\/2021\/03\/royal-canin-diet-feline-diabetic-ds46-3-5kg_27798-150x150.jpg",150,150,true],"medium":["https:\/\/back.mascotarea.com\/wp-content\/uploads\/2021\/03\/royal-canin-diet-feline-diabetic-ds46-3-5kg_27798-240x300.jpg",240,300,true],"medium_large":["https:\/\/back.mascotarea.com\/wp-content\/uploads\/2021\/03\/royal-canin-diet-feline-diabetic-ds46-3-5kg_27798-768x960.jpg",768,960,true],"large":["https:\/\/back.mascotarea.com\/wp-content\/uploads\/2021\/03\/royal-canin-diet-feline-diabetic-ds46-3-5kg_27798.jpg",800,1000,false],"1536x1536":["https:\/\/back.mascotarea.com\/wp-content\/uploads\/2021\/03\/royal-canin-diet-feline-diabetic-ds46-3-5kg_27798.jpg",800,1000,false],"2048x2048":["https:\/\/back.mascotarea.com\/wp-content\/uploads\/2021\/03\/royal-canin-diet-feline-diabetic-ds46-3-5kg_27798.jpg",800,1000,false],"woocommerce_thumbnail":["https:\/\/back.mascotarea.com\/wp-content\/uploads\/2021\/03\/royal-canin-diet-feline-diabetic-ds46-3-5kg_27798-200x200.jpg",200,200,true],"woocommerce_single":["https:\/\/back.mascotarea.com\/wp-content\/uploads\/2021\/03\/royal-canin-diet-feline-diabetic-ds46-3-5kg_27798-200x250.jpg",200,250,true],"woocommerce_gallery_thumbnail":["https:\/\/back.mascotarea.com\/wp-content\/uploads\/2021\/03\/royal-canin-diet-feline-diabetic-ds46-3-5kg_27798-100x100.jpg",100,100,true],"dgwt-wcas-product-suggestion":["https:\/\/back.mascotarea.com\/wp-content\/uploads\/2021\/03\/royal-canin-diet-feline-diabetic-ds46-3-5kg_27798-64x80.jpg",64,80,true]},"uagb_author_info":{"display_name":"Roberto","author_link":"https:\/\/back.mascotarea.com\/?author=0"},"uagb_comment_info":0,"uagb_excerpt":"Alimento para gatos adultos, formulado para ayudar en la regulaci\u00f3n del aporte de glucosa (Diabetes Mellitus). Este alimento se caracteriza por su bajo contenido de hidratos de carbono con liberaci\u00f3n r\u00e1pida de glucosa.","_links":{"self":[{"href":"https:\/\/back.mascotarea.com\/index.php?rest_route=\/wp\/v2\/product\/7996","targetHints":{"allow":["GET"]}}],"collection":[{"href":"https:\/\/back.mascotarea.com\/index.php?rest_route=\/wp\/v2\/product"}],"about":[{"href":"https:\/\/back.mascotarea.com\/index.php?rest_route=\/wp\/v2\/types\/product"}],"replies":[{"embeddable":true,"href":"https:\/\/back.mascotarea.com\/index.php?rest_route=%2Fwp%2Fv2%2Fcomments&post=7996"}],"wp:featuredmedia":[{"embeddable":true,"href":"https:\/\/back.mascotarea.com\/index.php?rest_route=\/wp\/v2\/media\/7995"}],"wp:attachment":[{"href":"https:\/\/back.mascotarea.com\/index.php?rest_route=%2Fwp%2Fv2%2Fmedia&parent=7996"}],"wp:term":[{"taxonomy":"product_cat","embeddable":true,"href":"https:\/\/back.mascotarea.com\/index.php?rest_route=%2Fwp%2Fv2%2Fproduct_cat&post=7996"},{"taxonomy":"product_tag","embeddable":true,"href":"https:\/\/back.mascotarea.com\/index.php?rest_route=%2Fwp%2Fv2%2Fproduct_tag&post=7996"}],"curies":[{"name":"wp","href":"https:\/\/api.w.org\/{rel}","templated":true}]}}