{"id":8098,"date":"2021-03-03T17:49:08","date_gmt":"2021-03-03T17:49:08","guid":{"rendered":"https:\/\/back.mascotarea.com\/producto\/hills-canine-metabolic-plus-mobility-4kg\/"},"modified":"2023-06-04T06:10:09","modified_gmt":"2023-06-04T06:10:09","slug":"hills-canine-metabolic-plus-mobility-4kg","status":"publish","type":"product","link":"https:\/\/back.mascotarea.com\/?product=hills-canine-metabolic-plus-mobility-4kg","title":{"rendered":"Hills  Canine Metabolic Plus Mobility 4kg"},"content":{"rendered":"<p>Beneficios clave<\/p>\n<p><\/p>\n<p>    Act\u00faa naturalmente sobre el gasto energ\u00e9tico espec\u00edfico de cada perro<\/p>\n<p>    Nutrici\u00f3n cl\u00ednicamente probada que mejora la capacidad de los perros para correr, caminar y saltar en tan solo 21 d\u00edas<\/p>\n<p>    Ayuda a los perros a sentirse saciado y satisfecho entre las comidas<\/p>\n<p>    Con un delicioso sabor que les encanta<\/p>\n<p><\/p>\n<p><\/p>\n<p>COMPOSICI\u00d3N: Subproductos de origen vegetal, cereales, carnes y subproductos animales, extractos de prote\u00ednas vegetales, semillas, verduras, aceites y grasas, sustancias minerales, moluscos y crust\u00e1ceos.<\/p>\n<p><\/p>\n<p>COMPONENTES ANAL\u00cdTICOS: Prote\u00edna 24,6%, Contenido en grasa 13,8%, \u00c1cidos grasos omega-3 2,8%, EPA 0,35%, Fibra bruta 14,4%, Ceniza bruta 5,5%, Calcio 0,73%, F\u00f3sforo 0,55%, Sodio 0,33%, Potasio 0,91%, Magnesio 0,15%; por kg: Vitamina A 10.581UI, Vitamina D3 751UI, Vitamina E 600mg, Vitamina C 115mg, Beta-caroteno 1,5mg.<\/p>\n<p><\/p>\n<p>ADITIVOS POR KG: Aditivos nutricionales: 3b103 (Hierro) 75,4mg, 3b202 (Yodo) 1,2mg, 3b405 (Cobre) 7,4mg, 3b502 (Manganeso) 7,8mg, 3b603 (Zinc) 156mg, 3b801 (Selenio) 0,2mg; con antioxidante natural.Energ\u00eda metabolizable (calculada): 13MJ por kg.<\/p>\n<p><\/p>\n","protected":false},"excerpt":{"rendered":"<p>Hills\u2122 Prescription Diet\u2122 Metabolic + Mobility Canine es una nutrici\u00f3n cl\u00ednicamente probada que mejora la movilidad en tan solo 21 d\u00edas y reduce el peso en un 13% en 60 d\u00edas.<\/p>\n","protected":false},"featured_media":8097,"comment_status":"open","ping_status":"closed","template":"","meta":{"_uag_custom_page_level_css":"","_themeisle_gutenberg_block_has_review":false},"product_cat":[211],"product_tag":[],"class_list":{"0":"post-8098","1":"product","2":"type-product","3":"status-publish","4":"has-post-thumbnail","6":"product_cat-dieta-veterinaria-para-perro","8":"first","9":"outofstock","10":"taxable","11":"shipping-taxable","12":"purchasable","13":"product-type-simple","14":"customify-col"},"uagb_featured_image_src":{"full":["https:\/\/back.mascotarea.com\/wp-content\/uploads\/2021\/03\/hills-canine-metabolic-plus-mobility-4kg_22764.jpg",800,1000,false],"thumbnail":["https:\/\/back.mascotarea.com\/wp-content\/uploads\/2021\/03\/hills-canine-metabolic-plus-mobility-4kg_22764-150x150.jpg",150,150,true],"medium":["https:\/\/back.mascotarea.com\/wp-content\/uploads\/2021\/03\/hills-canine-metabolic-plus-mobility-4kg_22764-240x300.jpg",240,300,true],"medium_large":["https:\/\/back.mascotarea.com\/wp-content\/uploads\/2021\/03\/hills-canine-metabolic-plus-mobility-4kg_22764-768x960.jpg",768,960,true],"large":["https:\/\/back.mascotarea.com\/wp-content\/uploads\/2021\/03\/hills-canine-metabolic-plus-mobility-4kg_22764.jpg",800,1000,false],"1536x1536":["https:\/\/back.mascotarea.com\/wp-content\/uploads\/2021\/03\/hills-canine-metabolic-plus-mobility-4kg_22764.jpg",800,1000,false],"2048x2048":["https:\/\/back.mascotarea.com\/wp-content\/uploads\/2021\/03\/hills-canine-metabolic-plus-mobility-4kg_22764.jpg",800,1000,false],"woocommerce_thumbnail":["https:\/\/back.mascotarea.com\/wp-content\/uploads\/2021\/03\/hills-canine-metabolic-plus-mobility-4kg_22764-200x200.jpg",200,200,true],"woocommerce_single":["https:\/\/back.mascotarea.com\/wp-content\/uploads\/2021\/03\/hills-canine-metabolic-plus-mobility-4kg_22764-200x250.jpg",200,250,true],"woocommerce_gallery_thumbnail":["https:\/\/back.mascotarea.com\/wp-content\/uploads\/2021\/03\/hills-canine-metabolic-plus-mobility-4kg_22764-100x100.jpg",100,100,true],"dgwt-wcas-product-suggestion":["https:\/\/back.mascotarea.com\/wp-content\/uploads\/2021\/03\/hills-canine-metabolic-plus-mobility-4kg_22764-64x80.jpg",64,80,true]},"uagb_author_info":{"display_name":"Roberto","author_link":"https:\/\/back.mascotarea.com\/?author=0"},"uagb_comment_info":0,"uagb_excerpt":"Hills\u2122 Prescription Diet\u2122 Metabolic + Mobility Canine es una nutrici\u00f3n cl\u00ednicamente probada que mejora la movilidad en tan solo 21 d\u00edas y reduce el peso en un 13% en 60 d\u00edas.","_links":{"self":[{"href":"https:\/\/back.mascotarea.com\/index.php?rest_route=\/wp\/v2\/product\/8098","targetHints":{"allow":["GET"]}}],"collection":[{"href":"https:\/\/back.mascotarea.com\/index.php?rest_route=\/wp\/v2\/product"}],"about":[{"href":"https:\/\/back.mascotarea.com\/index.php?rest_route=\/wp\/v2\/types\/product"}],"replies":[{"embeddable":true,"href":"https:\/\/back.mascotarea.com\/index.php?rest_route=%2Fwp%2Fv2%2Fcomments&post=8098"}],"wp:featuredmedia":[{"embeddable":true,"href":"https:\/\/back.mascotarea.com\/index.php?rest_route=\/wp\/v2\/media\/8097"}],"wp:attachment":[{"href":"https:\/\/back.mascotarea.com\/index.php?rest_route=%2Fwp%2Fv2%2Fmedia&parent=8098"}],"wp:term":[{"taxonomy":"product_cat","embeddable":true,"href":"https:\/\/back.mascotarea.com\/index.php?rest_route=%2Fwp%2Fv2%2Fproduct_cat&post=8098"},{"taxonomy":"product_tag","embeddable":true,"href":"https:\/\/back.mascotarea.com\/index.php?rest_route=%2Fwp%2Fv2%2Fproduct_tag&post=8098"}],"curies":[{"name":"wp","href":"https:\/\/api.w.org\/{rel}","templated":true}]}}