{"id":8106,"date":"2021-03-03T17:49:15","date_gmt":"2021-03-03T17:49:15","guid":{"rendered":"https:\/\/back.mascotarea.com\/producto\/hills-canine-r-d-12-kg\/"},"modified":"2023-08-23T09:12:44","modified_gmt":"2023-08-23T09:12:44","slug":"hills-canine-r-d-12-kg","status":"publish","type":"product","link":"https:\/\/back.mascotarea.com\/?product=hills-canine-r-d-12-kg","title":{"rendered":"Hills  Canine R\/D 10 Kg"},"content":{"rendered":"<p>C\u00f3mo ayuda:<\/p>\n<p><\/p>\n<p>Prescription Diet\u2122 Canine r\/d\u2122 ha sido espec\u00edficamente dise\u00f1ado para el manejo de los perros con problemas de sobrepeso.<\/p>\n<p><\/p>\n<p>Beneficios Clave<\/p>\n<p><\/p>\n<p>    Bajo en grasa y calor\u00edas para favorecer la p\u00e9rdida de peso.<\/p>\n<p>    Alto en fibra para ayudar a reducir la sensaci\u00f3n de hambre y evitar el comportamiento pedig\u00fce\u00f1o.<\/p>\n<p>    Suplementado con L-carnitina para ayudar a quemar la grasa y mantener la masa muscular.<\/p>\n<p>    Con un delicioso sabor que le encantar\u00e1.<\/p>\n<p><\/p>\n<p><\/p>\n<p>COMPOSICI\u00d3N: Carnes y subproductos animales, subproductos de origen vegetal, cereales, extractos de prote\u00ednas vegetales, aceites y grasas, sustancias minerales, semillas.<\/p>\n<p><\/p>\n<p>COMPONENTES ANAL\u00cdTICOS: Prote\u00edna 30,6%, Contenido en grasa 10,5%, Fibra bruta 12,2%, Ceniza bruta 5,6%, Calcio 0,86%, F\u00f3sforo 0,61%, Sodio 0,28%, Potasio 0,84%, Magnesio 0,10%; por kg: Vitamina A 9.650UI, Vitamina D3 700UI, Vitamina E 550mg, Vitamina C 90mg, Beta-caroteno 1,5mg, L-carnitina 316mg.<\/p>\n<p><\/p>\n<p>ADITIVOS POR KG: Aditivos nutricionales: 3b103 (Hierro) 60,3mg, 3b202 (Yodo) 0,9mg, 3b405 (Cobre) 5,9mg, 3b502 (Manganeso) 6,2mg, 3b603 (Zinc) 125mg, 3b801 (Selenio) 0,1mg; con antioxidante natural.Energ\u00eda metabolizable (calculada): 13,1 MJ\/kg.<\/p>\n<p><\/p>\n","protected":false},"excerpt":{"rendered":"<p>Un alimento bajo en grasa y alto en fibra que ha probado cl\u00ednicamente que reduce la grasa corporal en un 22% en solo 2 meses. Especialmente formulado para reducir la sensaci\u00f3n de hambre mientras los perros pierden peso.<\/p>\n","protected":false},"featured_media":8105,"comment_status":"open","ping_status":"closed","template":"","meta":{"_uag_custom_page_level_css":"","_themeisle_gutenberg_block_has_review":false},"product_cat":[211],"product_tag":[],"class_list":{"0":"post-8106","1":"product","2":"type-product","3":"status-publish","4":"has-post-thumbnail","6":"product_cat-dieta-veterinaria-para-perro","8":"first","9":"outofstock","10":"taxable","11":"shipping-taxable","12":"purchasable","13":"product-type-simple","14":"customify-col"},"uagb_featured_image_src":{"full":["https:\/\/back.mascotarea.com\/wp-content\/uploads\/2021\/03\/hills-canine-r-d-12-kg_23141.jpg",800,1000,false],"thumbnail":["https:\/\/back.mascotarea.com\/wp-content\/uploads\/2021\/03\/hills-canine-r-d-12-kg_23141-150x150.jpg",150,150,true],"medium":["https:\/\/back.mascotarea.com\/wp-content\/uploads\/2021\/03\/hills-canine-r-d-12-kg_23141-240x300.jpg",240,300,true],"medium_large":["https:\/\/back.mascotarea.com\/wp-content\/uploads\/2021\/03\/hills-canine-r-d-12-kg_23141-768x960.jpg",768,960,true],"large":["https:\/\/back.mascotarea.com\/wp-content\/uploads\/2021\/03\/hills-canine-r-d-12-kg_23141.jpg",800,1000,false],"1536x1536":["https:\/\/back.mascotarea.com\/wp-content\/uploads\/2021\/03\/hills-canine-r-d-12-kg_23141.jpg",800,1000,false],"2048x2048":["https:\/\/back.mascotarea.com\/wp-content\/uploads\/2021\/03\/hills-canine-r-d-12-kg_23141.jpg",800,1000,false],"woocommerce_thumbnail":["https:\/\/back.mascotarea.com\/wp-content\/uploads\/2021\/03\/hills-canine-r-d-12-kg_23141-200x200.jpg",200,200,true],"woocommerce_single":["https:\/\/back.mascotarea.com\/wp-content\/uploads\/2021\/03\/hills-canine-r-d-12-kg_23141-200x250.jpg",200,250,true],"woocommerce_gallery_thumbnail":["https:\/\/back.mascotarea.com\/wp-content\/uploads\/2021\/03\/hills-canine-r-d-12-kg_23141-100x100.jpg",100,100,true],"dgwt-wcas-product-suggestion":["https:\/\/back.mascotarea.com\/wp-content\/uploads\/2021\/03\/hills-canine-r-d-12-kg_23141-64x80.jpg",64,80,true]},"uagb_author_info":{"display_name":"Roberto","author_link":"https:\/\/back.mascotarea.com\/?author=0"},"uagb_comment_info":0,"uagb_excerpt":"Un alimento bajo en grasa y alto en fibra que ha probado cl\u00ednicamente que reduce la grasa corporal en un 22% en solo 2 meses. Especialmente formulado para reducir la sensaci\u00f3n de hambre mientras los perros pierden peso.","_links":{"self":[{"href":"https:\/\/back.mascotarea.com\/index.php?rest_route=\/wp\/v2\/product\/8106","targetHints":{"allow":["GET"]}}],"collection":[{"href":"https:\/\/back.mascotarea.com\/index.php?rest_route=\/wp\/v2\/product"}],"about":[{"href":"https:\/\/back.mascotarea.com\/index.php?rest_route=\/wp\/v2\/types\/product"}],"replies":[{"embeddable":true,"href":"https:\/\/back.mascotarea.com\/index.php?rest_route=%2Fwp%2Fv2%2Fcomments&post=8106"}],"wp:featuredmedia":[{"embeddable":true,"href":"https:\/\/back.mascotarea.com\/index.php?rest_route=\/wp\/v2\/media\/8105"}],"wp:attachment":[{"href":"https:\/\/back.mascotarea.com\/index.php?rest_route=%2Fwp%2Fv2%2Fmedia&parent=8106"}],"wp:term":[{"taxonomy":"product_cat","embeddable":true,"href":"https:\/\/back.mascotarea.com\/index.php?rest_route=%2Fwp%2Fv2%2Fproduct_cat&post=8106"},{"taxonomy":"product_tag","embeddable":true,"href":"https:\/\/back.mascotarea.com\/index.php?rest_route=%2Fwp%2Fv2%2Fproduct_tag&post=8106"}],"curies":[{"name":"wp","href":"https:\/\/api.w.org\/{rel}","templated":true}]}}