{"id":8114,"date":"2021-03-03T17:49:23","date_gmt":"2021-03-03T17:49:23","guid":{"rendered":"https:\/\/back.mascotarea.com\/producto\/hills-feline-adult-light-con-pollo-1-5kg\/"},"modified":"2023-06-04T06:10:10","modified_gmt":"2023-06-04T06:10:10","slug":"hills-feline-adult-light-con-pollo-1-5kg","status":"publish","type":"product","link":"https:\/\/back.mascotarea.com\/?product=hills-feline-adult-light-con-pollo-1-5kg","title":{"rendered":"Hills  Feline Adult Light Con Pollo 1,5kg"},"content":{"rendered":"<p><\/p>\n<p>    Bajo en calor\u00edas y con L-carnitina para ayudar a promover el peso ideal<\/p>\n<p>    Prote\u00edna de alta calidad y fibras naturales para ayudar a satisfacer el hambre entre comidas<\/p>\n<p>    Omega 6 y vitamina E para una piel sana y un pelo brillante<\/p>\n<p><\/p>\n<p><\/p>\n<p>COMPOSICI\u00d3N: Harina de pollo y pavo, ma\u00edz, arroz cervecero, harina de gluten de ma\u00edz, grasa animal, celulosa, pulpa de remolacha, harina de salvado de guisante, solubles de carne, sustancias minerales.<\/p>\n<p><\/p>\n<p>COMPONENTES ANAL\u00cdTICOS: Prote\u00edna 32,1%, Contenido en grasa 10,6%, Fibra bruta 5,5%, Ceniza bruta 5,2%, \u00c1cidos grasos omega-6 2,3%, Calcio 0,77%, F\u00f3sforo 0,62%, Sodio 0,25%, Potasio 0,75%, Magnesio 0,08%; por kg: Vitamina A 6.142UI, Vitamina D3 591UI, Vitamina E 600mg, Vitamina C 100mg, Beta-caroteno 1,5mg, L-carnitina 571mg.<\/p>\n<p><\/p>\n<p>ADITIVOS POR KG: Aditivos nutricionales: 3b103 (Hierro) 75,2mg, 3b202 (Yodo) 1,2mg, 3b405 (Cobre) 7,4mg, 3b502 (Manganeso) 7,8mg, 3b603 (Zinc) 156mg, E8 (Selenio) 0,2mg; con antioxidante natural.<\/p>\n<p><\/p>\n","protected":false},"excerpt":{"rendered":"<p>Alimento para gatos es una nutrici\u00f3n espec\u00edfica para los gatos menos activos que requieran un alimento bajo en calor\u00edas para mantener un peso y un estilo de vida saludables.<\/p>\n","protected":false},"featured_media":8113,"comment_status":"open","ping_status":"closed","template":"","meta":{"_uag_custom_page_level_css":"","_themeisle_gutenberg_block_has_review":false},"product_cat":[187],"product_tag":[],"class_list":{"0":"post-8114","1":"product","2":"type-product","3":"status-publish","4":"has-post-thumbnail","6":"product_cat-pienso-seco-para-gato","8":"first","9":"outofstock","10":"taxable","11":"shipping-taxable","12":"purchasable","13":"product-type-simple","14":"customify-col"},"uagb_featured_image_src":{"full":["https:\/\/back.mascotarea.com\/wp-content\/uploads\/2021\/03\/hills-feline-adult-light-con-pollo-1-5kg_20150.jpg",800,1000,false],"thumbnail":["https:\/\/back.mascotarea.com\/wp-content\/uploads\/2021\/03\/hills-feline-adult-light-con-pollo-1-5kg_20150-150x150.jpg",150,150,true],"medium":["https:\/\/back.mascotarea.com\/wp-content\/uploads\/2021\/03\/hills-feline-adult-light-con-pollo-1-5kg_20150-240x300.jpg",240,300,true],"medium_large":["https:\/\/back.mascotarea.com\/wp-content\/uploads\/2021\/03\/hills-feline-adult-light-con-pollo-1-5kg_20150-768x960.jpg",768,960,true],"large":["https:\/\/back.mascotarea.com\/wp-content\/uploads\/2021\/03\/hills-feline-adult-light-con-pollo-1-5kg_20150.jpg",800,1000,false],"1536x1536":["https:\/\/back.mascotarea.com\/wp-content\/uploads\/2021\/03\/hills-feline-adult-light-con-pollo-1-5kg_20150.jpg",800,1000,false],"2048x2048":["https:\/\/back.mascotarea.com\/wp-content\/uploads\/2021\/03\/hills-feline-adult-light-con-pollo-1-5kg_20150.jpg",800,1000,false],"woocommerce_thumbnail":["https:\/\/back.mascotarea.com\/wp-content\/uploads\/2021\/03\/hills-feline-adult-light-con-pollo-1-5kg_20150-200x200.jpg",200,200,true],"woocommerce_single":["https:\/\/back.mascotarea.com\/wp-content\/uploads\/2021\/03\/hills-feline-adult-light-con-pollo-1-5kg_20150-200x250.jpg",200,250,true],"woocommerce_gallery_thumbnail":["https:\/\/back.mascotarea.com\/wp-content\/uploads\/2021\/03\/hills-feline-adult-light-con-pollo-1-5kg_20150-100x100.jpg",100,100,true],"dgwt-wcas-product-suggestion":["https:\/\/back.mascotarea.com\/wp-content\/uploads\/2021\/03\/hills-feline-adult-light-con-pollo-1-5kg_20150-64x80.jpg",64,80,true]},"uagb_author_info":{"display_name":"Roberto","author_link":"https:\/\/back.mascotarea.com\/?author=0"},"uagb_comment_info":0,"uagb_excerpt":"Alimento para gatos es una nutrici\u00f3n espec\u00edfica para los gatos menos activos que requieran un alimento bajo en calor\u00edas para mantener un peso y un estilo de vida saludables.","_links":{"self":[{"href":"https:\/\/back.mascotarea.com\/index.php?rest_route=\/wp\/v2\/product\/8114","targetHints":{"allow":["GET"]}}],"collection":[{"href":"https:\/\/back.mascotarea.com\/index.php?rest_route=\/wp\/v2\/product"}],"about":[{"href":"https:\/\/back.mascotarea.com\/index.php?rest_route=\/wp\/v2\/types\/product"}],"replies":[{"embeddable":true,"href":"https:\/\/back.mascotarea.com\/index.php?rest_route=%2Fwp%2Fv2%2Fcomments&post=8114"}],"wp:featuredmedia":[{"embeddable":true,"href":"https:\/\/back.mascotarea.com\/index.php?rest_route=\/wp\/v2\/media\/8113"}],"wp:attachment":[{"href":"https:\/\/back.mascotarea.com\/index.php?rest_route=%2Fwp%2Fv2%2Fmedia&parent=8114"}],"wp:term":[{"taxonomy":"product_cat","embeddable":true,"href":"https:\/\/back.mascotarea.com\/index.php?rest_route=%2Fwp%2Fv2%2Fproduct_cat&post=8114"},{"taxonomy":"product_tag","embeddable":true,"href":"https:\/\/back.mascotarea.com\/index.php?rest_route=%2Fwp%2Fv2%2Fproduct_tag&post=8114"}],"curies":[{"name":"wp","href":"https:\/\/api.w.org\/{rel}","templated":true}]}}