{"id":8120,"date":"2021-03-03T17:49:27","date_gmt":"2021-03-03T17:49:27","guid":{"rendered":"https:\/\/back.mascotarea.com\/producto\/hills-canine-w-d-mini-6kg\/"},"modified":"2023-06-04T06:10:10","modified_gmt":"2023-06-04T06:10:10","slug":"hills-canine-w-d-mini-6kg","status":"publish","type":"product","link":"https:\/\/back.mascotarea.com\/?product=hills-canine-w-d-mini-6kg","title":{"rendered":"Hills  Canine W\/D Mini 6kg"},"content":{"rendered":"<p>C\u00f3mo ayuda:<\/p>\n<p><\/p>\n<p>Prescription Diet\u2122 Canine w\/d\u2122 tiene los siguientes beneficios clave.<\/p>\n<p><\/p>\n<p>Beneficios Clave<\/p>\n<p><\/p>\n<p>    Una vez tu perro haya alcanzado su peso ideal, puedes ayudarle a mantener su peso ideal aliment\u00e1ndole con un producto Prescription Diet formulado para el mantenimiento de peso.<\/p>\n<p>    Bajo en grasa y calor\u00edas para ayudar a tu perro a mantenerse en su peso idea.<\/p>\n<p>    Alto en fibra para ayudar a reducir la sensaci\u00f3n de hambre y evitar el comportamiento pedig\u00fce\u00f1o.<\/p>\n<p>    Suplementado con L-carnitina, un nutriente que ayuda a quemar la grasa y mantiene la masa muscular durante la p\u00e9rdida de peso.<\/p>\n<p><\/p>\n<p><\/p>\n<p>COMPOSICI\u00d3N: Cereales, subproductos de origen vegetal, carnes y subproductos animales, extractos de prote\u00ednas vegetales, aceites y grasas, semillas, sustancias minerales.Fuente de carbohidratos: Ma\u00edz.<\/p>\n<p><\/p>\n<p>COMPONENTES ANAL\u00cdTICOS: Prote\u00edna 16,3%, Contenido en grasa 8,2%, Fibra bruta 14,8%, \u00c1cidos grasos omega-3 0,4%, \u00c1cidos grasos omega-6 2,4%, Ceniza bruta 4,1%, Almid\u00f3n 31,0%, Az\u00facar total 1,3%, \u00c1cidos grasos esenciales 2,8%, Calcio 0,57%, F\u00f3sforo 0,46%, Sodio 0,23%, Potasio 0,62%, Magnesio 0,10%; por kg: Vitamina A 6.774UI, Vitamina D3 542UI, Vitamina E 600mg, Vitamina C 100mg, Beta-caroteno 1,5mg, L-carnitina 359mg.<\/p>\n<p><\/p>\n<p>ADITIVOS POR KG: Aditivos nutricionales: 3b103 (Hierro) 76,6mg, 3b202 (Yodo) 1,2mg, 3b405 (Cobre) 7,6mg, 3b502 (Manganeso) 7,9mg, 3b603 (Zinc) 158mg, 3b801 (Selenio) 0,2mg; con antioxidante natural.<\/p>\n<p><\/p>\n","protected":false},"excerpt":{"rendered":"<p>Un alimento bajo en grasa y alto en fibra que ha probado cl\u00ednicamente que ayuda en el manejo de la diabetes mellitus canina y ayuda a que los perros con tendencia a la obesidad mantengan un peso \u00f3ptimo. <\/p>\n","protected":false},"featured_media":8119,"comment_status":"open","ping_status":"closed","template":"","meta":{"_uag_custom_page_level_css":"","_themeisle_gutenberg_block_has_review":false},"product_cat":[211],"product_tag":[],"class_list":{"0":"post-8120","1":"product","2":"type-product","3":"status-publish","4":"has-post-thumbnail","6":"product_cat-dieta-veterinaria-para-perro","8":"first","9":"outofstock","10":"taxable","11":"shipping-taxable","12":"purchasable","13":"product-type-simple","14":"customify-col"},"uagb_featured_image_src":{"full":["https:\/\/back.mascotarea.com\/wp-content\/uploads\/2021\/03\/hills-canine-w-d-mini-6kg_22483.jpg",800,1000,false],"thumbnail":["https:\/\/back.mascotarea.com\/wp-content\/uploads\/2021\/03\/hills-canine-w-d-mini-6kg_22483-150x150.jpg",150,150,true],"medium":["https:\/\/back.mascotarea.com\/wp-content\/uploads\/2021\/03\/hills-canine-w-d-mini-6kg_22483-240x300.jpg",240,300,true],"medium_large":["https:\/\/back.mascotarea.com\/wp-content\/uploads\/2021\/03\/hills-canine-w-d-mini-6kg_22483-768x960.jpg",768,960,true],"large":["https:\/\/back.mascotarea.com\/wp-content\/uploads\/2021\/03\/hills-canine-w-d-mini-6kg_22483.jpg",800,1000,false],"1536x1536":["https:\/\/back.mascotarea.com\/wp-content\/uploads\/2021\/03\/hills-canine-w-d-mini-6kg_22483.jpg",800,1000,false],"2048x2048":["https:\/\/back.mascotarea.com\/wp-content\/uploads\/2021\/03\/hills-canine-w-d-mini-6kg_22483.jpg",800,1000,false],"woocommerce_thumbnail":["https:\/\/back.mascotarea.com\/wp-content\/uploads\/2021\/03\/hills-canine-w-d-mini-6kg_22483-200x200.jpg",200,200,true],"woocommerce_single":["https:\/\/back.mascotarea.com\/wp-content\/uploads\/2021\/03\/hills-canine-w-d-mini-6kg_22483-200x250.jpg",200,250,true],"woocommerce_gallery_thumbnail":["https:\/\/back.mascotarea.com\/wp-content\/uploads\/2021\/03\/hills-canine-w-d-mini-6kg_22483-100x100.jpg",100,100,true],"dgwt-wcas-product-suggestion":["https:\/\/back.mascotarea.com\/wp-content\/uploads\/2021\/03\/hills-canine-w-d-mini-6kg_22483-64x80.jpg",64,80,true]},"uagb_author_info":{"display_name":"Roberto","author_link":"https:\/\/back.mascotarea.com\/?author=0"},"uagb_comment_info":0,"uagb_excerpt":"Un alimento bajo en grasa y alto en fibra que ha probado cl\u00ednicamente que ayuda en el manejo de la diabetes mellitus canina y ayuda a que los perros con tendencia a la obesidad mantengan un peso \u00f3ptimo.","_links":{"self":[{"href":"https:\/\/back.mascotarea.com\/index.php?rest_route=\/wp\/v2\/product\/8120","targetHints":{"allow":["GET"]}}],"collection":[{"href":"https:\/\/back.mascotarea.com\/index.php?rest_route=\/wp\/v2\/product"}],"about":[{"href":"https:\/\/back.mascotarea.com\/index.php?rest_route=\/wp\/v2\/types\/product"}],"replies":[{"embeddable":true,"href":"https:\/\/back.mascotarea.com\/index.php?rest_route=%2Fwp%2Fv2%2Fcomments&post=8120"}],"wp:featuredmedia":[{"embeddable":true,"href":"https:\/\/back.mascotarea.com\/index.php?rest_route=\/wp\/v2\/media\/8119"}],"wp:attachment":[{"href":"https:\/\/back.mascotarea.com\/index.php?rest_route=%2Fwp%2Fv2%2Fmedia&parent=8120"}],"wp:term":[{"taxonomy":"product_cat","embeddable":true,"href":"https:\/\/back.mascotarea.com\/index.php?rest_route=%2Fwp%2Fv2%2Fproduct_cat&post=8120"},{"taxonomy":"product_tag","embeddable":true,"href":"https:\/\/back.mascotarea.com\/index.php?rest_route=%2Fwp%2Fv2%2Fproduct_tag&post=8120"}],"curies":[{"name":"wp","href":"https:\/\/api.w.org\/{rel}","templated":true}]}}