{"id":8142,"date":"2021-03-04T15:54:47","date_gmt":"2021-03-04T15:54:47","guid":{"rendered":"https:\/\/back.mascotarea.com\/producto\/hills-feline-metabolic-bolsita-85g\/"},"modified":"2023-12-29T12:20:00","modified_gmt":"2023-12-29T12:20:00","slug":"hills-feline-metabolic-bolsita-85g","status":"publish","type":"product","link":"https:\/\/back.mascotarea.com\/?product=hills-feline-metabolic-bolsita-85g","title":{"rendered":"Hills  Feline Metabolic (Bolsita) 85g"},"content":{"rendered":"<p>C\u00f3mo ayuda:<\/p>\n<p><\/p>\n<p>    P\u00e9rdida de peso sin pasar hambre: el 81% de los gatos perdi\u00f3 peso en 2 meses en su propio hogar, el 89% de los gatos complet\u00f3 el programa de p\u00e9rdida de peso<\/p>\n<p>    Menor necesidad de medir el alimento de forma precisa<\/p>\n<p>    Ha probado cl\u00ednicamente que evita la recuperaci\u00f3n del peso perdido tras el programa de adelgazamiento<\/p>\n<p><\/p>\n<p><\/p>\n<p>COMPOSICI\u00d3N: Carnes y subproductos animales, subproductos de origen vegetal, huevos y ovoproductos, verduras, az\u00facares, cereales, aceites y grasas, sustancias minerales, extractos de prote\u00ednas vegetales.<\/p>\n<p><\/p>\n<p>COMPONENTES ANAL\u00cdTICOS: Prote\u00edna 7,8%, Contenido en grasa 2,6%, Fibra bruta 1,9%, Ceniza bruta 1,4%, Humedad 81,0%, Calcio 0,22%, F\u00f3sforo 0,15%, Sodio 0,08%, Potasio 0,14%, Magnesio 0,02%; por kg: Vitamina A 30.259UI, Vitamina D3 214UI, Vitamina E 190mg, Vitamina C 19mg, Beta-caroteno 0,4mg.<\/p>\n<p><\/p>\n<p>ADITIVOS POR KG: Aditivos nutricionales: 3b103 (Hierro) 10,1mg, 3b202 (Yodo) 0,3mg, 3b405 (Cobre) 1,7mg, 3b502 (Manganeso) 2,2mg, 3b603 (Zinc) 26,1mg; coloreado con caramelo natural.Energ\u00eda metabolizable (calculada): 2,8 MJ por kg.<\/p>\n<p><\/p>\n","protected":false},"excerpt":{"rendered":"<p>Metabolic es un alimento innovador que ha probado que ayuda a la p\u00e9rdida y mantenimiento de peso tanto en estudios cl\u00ednicos como en el propio hogar de las mascotas, con un porcentaje de \u00e9xito del 81% en gatos.<\/p>\n","protected":false},"featured_media":8141,"comment_status":"open","ping_status":"closed","template":"","meta":{"_uag_custom_page_level_css":"","_themeisle_gutenberg_block_has_review":false},"product_cat":[195],"product_tag":[],"class_list":{"0":"post-8142","1":"product","2":"type-product","3":"status-publish","4":"has-post-thumbnail","6":"product_cat-alimentacion-humeda-veterinaria-para-gato","8":"first","9":"outofstock","10":"taxable","11":"shipping-taxable","12":"purchasable","13":"product-type-simple","14":"customify-col"},"uagb_featured_image_src":{"full":["https:\/\/back.mascotarea.com\/wp-content\/uploads\/2021\/03\/hills-feline-metabolic-bolsita-85g_15868.jpg",800,1000,false],"thumbnail":["https:\/\/back.mascotarea.com\/wp-content\/uploads\/2021\/03\/hills-feline-metabolic-bolsita-85g_15868-150x150.jpg",150,150,true],"medium":["https:\/\/back.mascotarea.com\/wp-content\/uploads\/2021\/03\/hills-feline-metabolic-bolsita-85g_15868-240x300.jpg",240,300,true],"medium_large":["https:\/\/back.mascotarea.com\/wp-content\/uploads\/2021\/03\/hills-feline-metabolic-bolsita-85g_15868-768x960.jpg",768,960,true],"large":["https:\/\/back.mascotarea.com\/wp-content\/uploads\/2021\/03\/hills-feline-metabolic-bolsita-85g_15868.jpg",800,1000,false],"1536x1536":["https:\/\/back.mascotarea.com\/wp-content\/uploads\/2021\/03\/hills-feline-metabolic-bolsita-85g_15868.jpg",800,1000,false],"2048x2048":["https:\/\/back.mascotarea.com\/wp-content\/uploads\/2021\/03\/hills-feline-metabolic-bolsita-85g_15868.jpg",800,1000,false],"woocommerce_thumbnail":["https:\/\/back.mascotarea.com\/wp-content\/uploads\/2021\/03\/hills-feline-metabolic-bolsita-85g_15868-200x200.jpg",200,200,true],"woocommerce_single":["https:\/\/back.mascotarea.com\/wp-content\/uploads\/2021\/03\/hills-feline-metabolic-bolsita-85g_15868-200x250.jpg",200,250,true],"woocommerce_gallery_thumbnail":["https:\/\/back.mascotarea.com\/wp-content\/uploads\/2021\/03\/hills-feline-metabolic-bolsita-85g_15868-100x100.jpg",100,100,true],"dgwt-wcas-product-suggestion":["https:\/\/back.mascotarea.com\/wp-content\/uploads\/2021\/03\/hills-feline-metabolic-bolsita-85g_15868-64x80.jpg",64,80,true]},"uagb_author_info":{"display_name":"Roberto","author_link":"https:\/\/back.mascotarea.com\/?author=0"},"uagb_comment_info":0,"uagb_excerpt":"Metabolic es un alimento innovador que ha probado que ayuda a la p\u00e9rdida y mantenimiento de peso tanto en estudios cl\u00ednicos como en el propio hogar de las mascotas, con un porcentaje de \u00e9xito del 81% en gatos.","_links":{"self":[{"href":"https:\/\/back.mascotarea.com\/index.php?rest_route=\/wp\/v2\/product\/8142","targetHints":{"allow":["GET"]}}],"collection":[{"href":"https:\/\/back.mascotarea.com\/index.php?rest_route=\/wp\/v2\/product"}],"about":[{"href":"https:\/\/back.mascotarea.com\/index.php?rest_route=\/wp\/v2\/types\/product"}],"replies":[{"embeddable":true,"href":"https:\/\/back.mascotarea.com\/index.php?rest_route=%2Fwp%2Fv2%2Fcomments&post=8142"}],"wp:featuredmedia":[{"embeddable":true,"href":"https:\/\/back.mascotarea.com\/index.php?rest_route=\/wp\/v2\/media\/8141"}],"wp:attachment":[{"href":"https:\/\/back.mascotarea.com\/index.php?rest_route=%2Fwp%2Fv2%2Fmedia&parent=8142"}],"wp:term":[{"taxonomy":"product_cat","embeddable":true,"href":"https:\/\/back.mascotarea.com\/index.php?rest_route=%2Fwp%2Fv2%2Fproduct_cat&post=8142"},{"taxonomy":"product_tag","embeddable":true,"href":"https:\/\/back.mascotarea.com\/index.php?rest_route=%2Fwp%2Fv2%2Fproduct_tag&post=8142"}],"curies":[{"name":"wp","href":"https:\/\/api.w.org\/{rel}","templated":true}]}}