{"id":8146,"date":"2021-03-04T15:54:51","date_gmt":"2021-03-04T15:54:51","guid":{"rendered":"https:\/\/back.mascotarea.com\/producto\/hills-feline-z-d-ultra-lata-156g\/"},"modified":"2023-10-19T15:17:01","modified_gmt":"2023-10-19T15:17:01","slug":"hills-feline-z-d-ultra-lata-156g","status":"publish","type":"product","link":"https:\/\/back.mascotarea.com\/?product=hills-feline-z-d-ultra-lata-156g","title":{"rendered":"Hills  Feline Z\/D Ultra (Lata) 156g"},"content":{"rendered":"<p>C\u00f3mo ayuda:<\/p>\n<p><\/p>\n<p>Prescription Diet\u2122 Feline z \/d\u2122 tiene los siguientes beneficios clave.<\/p>\n<p><\/p>\n<p>Beneficios Clave<\/p>\n<p><\/p>\n<p>    Ayuda a nutrir la piel y el pelo gracias a su f\u00f3rmula con altos niveles de \u00e1cidos grasos esenciales.<\/p>\n<p>    Ayuda a neutralizar los radicales libres gracias a su alto nivel de antioxidantes.<\/p>\n<p>    Tiene un delicioso sabor que facilita su combinaci\u00f3n con el alimento seco, para que tu gato disfrute m\u00e1s de cada comida.<\/p>\n<p>carbono y una fuente seleccionada de prote\u00edna altamente hidrolizada.<\/p>\n<p><\/p>\n<p>COMPOSICI\u00d3N: Carnes y subproductos animales, subproductos de origen vegetal, sustancias minerales, aceites y grasas. Fuente de carbohidratos: Almid\u00f3n de maiz. Fuente de prote\u00ednas: H\u00edgado de pollo hidrolizado.<\/p>\n<p><\/p>\n<p>COMPONENTES ANAL\u00cdTICOS: Prote\u00edna 9,3%, Contenido en grasa 4,8%, Fibra bruta 0,45%, \u00c1cidos grasos esenciales 1,3%, Ceniza bruta 1,6%, Humedad 73,0%, Calcio 0,22%, F\u00f3sforo 0,18%, Sodio 0,09%, Potasio 0,25%, Magnesio 0,02%; por kg: Vitamina A 28.489UI, Vitamina D3 154UI.<\/p>\n<p><\/p>\n<p>ADITIVOS POR KG: Aditivos nutricionales: 3b103 (Hierro) 13,6mg, 3b202 (Yodo) 0,4mg, 3b405 (Cobre) 1,3mg, 3b503 (Manganeso) 3,0mg, 3b603 (Zinc) 43,3mg.<\/p>\n<p><\/p>\n","protected":false},"excerpt":{"rendered":"<p>Una dieta de eliminaci\u00f3n para detectar alergias alimentarias en gatos y para su manejo nutricional a largo plazo. <\/p>\n","protected":false},"featured_media":8145,"comment_status":"open","ping_status":"closed","template":"","meta":{"_uag_custom_page_level_css":"","_themeisle_gutenberg_block_has_review":false},"product_cat":[195],"product_tag":[],"class_list":{"0":"post-8146","1":"product","2":"type-product","3":"status-publish","4":"has-post-thumbnail","6":"product_cat-alimentacion-humeda-veterinaria-para-gato","8":"first","9":"outofstock","10":"taxable","11":"shipping-taxable","12":"purchasable","13":"product-type-simple","14":"customify-col"},"uagb_featured_image_src":{"full":["https:\/\/back.mascotarea.com\/wp-content\/uploads\/2021\/03\/hills-feline-z-d-ultra-lata-156g_10691.jpg",800,1000,false],"thumbnail":["https:\/\/back.mascotarea.com\/wp-content\/uploads\/2021\/03\/hills-feline-z-d-ultra-lata-156g_10691-150x150.jpg",150,150,true],"medium":["https:\/\/back.mascotarea.com\/wp-content\/uploads\/2021\/03\/hills-feline-z-d-ultra-lata-156g_10691-240x300.jpg",240,300,true],"medium_large":["https:\/\/back.mascotarea.com\/wp-content\/uploads\/2021\/03\/hills-feline-z-d-ultra-lata-156g_10691-768x960.jpg",768,960,true],"large":["https:\/\/back.mascotarea.com\/wp-content\/uploads\/2021\/03\/hills-feline-z-d-ultra-lata-156g_10691.jpg",800,1000,false],"1536x1536":["https:\/\/back.mascotarea.com\/wp-content\/uploads\/2021\/03\/hills-feline-z-d-ultra-lata-156g_10691.jpg",800,1000,false],"2048x2048":["https:\/\/back.mascotarea.com\/wp-content\/uploads\/2021\/03\/hills-feline-z-d-ultra-lata-156g_10691.jpg",800,1000,false],"woocommerce_thumbnail":["https:\/\/back.mascotarea.com\/wp-content\/uploads\/2021\/03\/hills-feline-z-d-ultra-lata-156g_10691-200x200.jpg",200,200,true],"woocommerce_single":["https:\/\/back.mascotarea.com\/wp-content\/uploads\/2021\/03\/hills-feline-z-d-ultra-lata-156g_10691-200x250.jpg",200,250,true],"woocommerce_gallery_thumbnail":["https:\/\/back.mascotarea.com\/wp-content\/uploads\/2021\/03\/hills-feline-z-d-ultra-lata-156g_10691-100x100.jpg",100,100,true],"dgwt-wcas-product-suggestion":["https:\/\/back.mascotarea.com\/wp-content\/uploads\/2021\/03\/hills-feline-z-d-ultra-lata-156g_10691-64x80.jpg",64,80,true]},"uagb_author_info":{"display_name":"Roberto","author_link":"https:\/\/back.mascotarea.com\/?author=0"},"uagb_comment_info":0,"uagb_excerpt":"Una dieta de eliminaci\u00f3n para detectar alergias alimentarias en gatos y para su manejo nutricional a largo plazo.","_links":{"self":[{"href":"https:\/\/back.mascotarea.com\/index.php?rest_route=\/wp\/v2\/product\/8146","targetHints":{"allow":["GET"]}}],"collection":[{"href":"https:\/\/back.mascotarea.com\/index.php?rest_route=\/wp\/v2\/product"}],"about":[{"href":"https:\/\/back.mascotarea.com\/index.php?rest_route=\/wp\/v2\/types\/product"}],"replies":[{"embeddable":true,"href":"https:\/\/back.mascotarea.com\/index.php?rest_route=%2Fwp%2Fv2%2Fcomments&post=8146"}],"wp:featuredmedia":[{"embeddable":true,"href":"https:\/\/back.mascotarea.com\/index.php?rest_route=\/wp\/v2\/media\/8145"}],"wp:attachment":[{"href":"https:\/\/back.mascotarea.com\/index.php?rest_route=%2Fwp%2Fv2%2Fmedia&parent=8146"}],"wp:term":[{"taxonomy":"product_cat","embeddable":true,"href":"https:\/\/back.mascotarea.com\/index.php?rest_route=%2Fwp%2Fv2%2Fproduct_cat&post=8146"},{"taxonomy":"product_tag","embeddable":true,"href":"https:\/\/back.mascotarea.com\/index.php?rest_route=%2Fwp%2Fv2%2Fproduct_tag&post=8146"}],"curies":[{"name":"wp","href":"https:\/\/api.w.org\/{rel}","templated":true}]}}