{"id":8148,"date":"2021-03-04T15:54:53","date_gmt":"2021-03-04T15:54:53","guid":{"rendered":"https:\/\/back.mascotarea.com\/producto\/hills-canine-z-d-10-kg\/"},"modified":"2024-07-15T14:27:24","modified_gmt":"2024-07-15T14:27:24","slug":"hills-canine-z-d-10-kg","status":"publish","type":"product","link":"https:\/\/back.mascotarea.com\/?product=hills-canine-z-d-10-kg","title":{"rendered":"Hills Canine Z\/D Ultra 10kg"},"content":{"rendered":"<p>Beneficios Clave<\/p>\n<p><\/p>\n<p>    Alimento hipoalerg\u00e9nico: cuidadosamente formulado con prote\u00edna animal altamente hidrolizada y una \u00fanica fuente purificada de carbohidratos .<\/p>\n<p>    Nutrici\u00f3n que proporciona una mejora visible de la piel y el pelo en 30 d\u00edas.<\/p>\n<p>    Ha probado cl\u00ednicamente que ayuda a mejorar las heces.<\/p>\n<p>    Con un delicioso sabor que le encantar\u00e1 a tu perro.<\/p>\n<p><\/p>\n<p><\/p>\n<p>COMPOSICI\u00d3N: Cereales, carnes y subproductos animales, subproductos de origen vegetal, aceites y grasas, sustancias minerales. Fuente de carbohidratos: Almid\u00f3n de maiz. Fuente de prote\u00ednas: Hidrolizado de h\u00edgado de pollo.<\/p>\n<p><\/p>\n<p>COMPONENTES ANAL\u00cdTICOS: Prote\u00edna 19,2%, Contenido en grasa 14,7%, Fibra bruta 4,7%, \u00c1cidos grasos esenciales 4,2%, \u00c1cidos grasos omega-3 0,5%, \u00c1cidos grasos omega-6 3,7%, Ceniza bruta 5,0%, Calcio 0,64%, F\u00f3sforo 0,49%, Sodio 0,33%, Potasio 0,74%, Magnesio 0,07%; por kg: Vitamina A 13.567UI, Vitamina D3 696UI, Vitamina E 800mg, Vitamina C 135mg, Beta-caroteno 1,5mg.<\/p>\n<p><\/p>\n<p>ADITIVOS POR KG: Aditivos nutricionales: 3b103 (Hierro) 101mg, 3b202 (Yodo) 4,4mg, 3b405 (Cobre) 10,0mg, 3b502 (Manganeso) 10,4mg, 3b603 (Zinc) 157mg; con antioxidante natural.<\/p>\n<p><\/p>\n","protected":false},"excerpt":{"rendered":"<p> Ayuda a reducir los signos cut\u00e1neos y digestivos producidos por las alergias alimentarias.<\/p>\n","protected":false},"featured_media":8147,"comment_status":"open","ping_status":"closed","template":"","meta":{"_uag_custom_page_level_css":"","_themeisle_gutenberg_block_has_review":false},"product_cat":[211],"product_tag":[],"class_list":{"0":"post-8148","1":"product","2":"type-product","3":"status-publish","4":"has-post-thumbnail","6":"product_cat-dieta-veterinaria-para-perro","8":"first","9":"instock","10":"taxable","11":"shipping-taxable","12":"purchasable","13":"product-type-simple","14":"customify-col"},"uagb_featured_image_src":{"full":["https:\/\/back.mascotarea.com\/wp-content\/uploads\/2021\/03\/hills-canine-z-d-10-kg_11921.jpg",800,1000,false],"thumbnail":["https:\/\/back.mascotarea.com\/wp-content\/uploads\/2021\/03\/hills-canine-z-d-10-kg_11921-150x150.jpg",150,150,true],"medium":["https:\/\/back.mascotarea.com\/wp-content\/uploads\/2021\/03\/hills-canine-z-d-10-kg_11921-240x300.jpg",240,300,true],"medium_large":["https:\/\/back.mascotarea.com\/wp-content\/uploads\/2021\/03\/hills-canine-z-d-10-kg_11921-768x960.jpg",768,960,true],"large":["https:\/\/back.mascotarea.com\/wp-content\/uploads\/2021\/03\/hills-canine-z-d-10-kg_11921.jpg",800,1000,false],"1536x1536":["https:\/\/back.mascotarea.com\/wp-content\/uploads\/2021\/03\/hills-canine-z-d-10-kg_11921.jpg",800,1000,false],"2048x2048":["https:\/\/back.mascotarea.com\/wp-content\/uploads\/2021\/03\/hills-canine-z-d-10-kg_11921.jpg",800,1000,false],"woocommerce_thumbnail":["https:\/\/back.mascotarea.com\/wp-content\/uploads\/2021\/03\/hills-canine-z-d-10-kg_11921-200x200.jpg",200,200,true],"woocommerce_single":["https:\/\/back.mascotarea.com\/wp-content\/uploads\/2021\/03\/hills-canine-z-d-10-kg_11921-200x250.jpg",200,250,true],"woocommerce_gallery_thumbnail":["https:\/\/back.mascotarea.com\/wp-content\/uploads\/2021\/03\/hills-canine-z-d-10-kg_11921-100x100.jpg",100,100,true],"dgwt-wcas-product-suggestion":["https:\/\/back.mascotarea.com\/wp-content\/uploads\/2021\/03\/hills-canine-z-d-10-kg_11921-64x80.jpg",64,80,true]},"uagb_author_info":{"display_name":"Roberto","author_link":"https:\/\/back.mascotarea.com\/?author=0"},"uagb_comment_info":0,"uagb_excerpt":"Ayuda a reducir los signos cut\u00e1neos y digestivos producidos por las alergias alimentarias.","_links":{"self":[{"href":"https:\/\/back.mascotarea.com\/index.php?rest_route=\/wp\/v2\/product\/8148","targetHints":{"allow":["GET"]}}],"collection":[{"href":"https:\/\/back.mascotarea.com\/index.php?rest_route=\/wp\/v2\/product"}],"about":[{"href":"https:\/\/back.mascotarea.com\/index.php?rest_route=\/wp\/v2\/types\/product"}],"replies":[{"embeddable":true,"href":"https:\/\/back.mascotarea.com\/index.php?rest_route=%2Fwp%2Fv2%2Fcomments&post=8148"}],"wp:featuredmedia":[{"embeddable":true,"href":"https:\/\/back.mascotarea.com\/index.php?rest_route=\/wp\/v2\/media\/8147"}],"wp:attachment":[{"href":"https:\/\/back.mascotarea.com\/index.php?rest_route=%2Fwp%2Fv2%2Fmedia&parent=8148"}],"wp:term":[{"taxonomy":"product_cat","embeddable":true,"href":"https:\/\/back.mascotarea.com\/index.php?rest_route=%2Fwp%2Fv2%2Fproduct_cat&post=8148"},{"taxonomy":"product_tag","embeddable":true,"href":"https:\/\/back.mascotarea.com\/index.php?rest_route=%2Fwp%2Fv2%2Fproduct_tag&post=8148"}],"curies":[{"name":"wp","href":"https:\/\/api.w.org\/{rel}","templated":true}]}}