{"id":8154,"date":"2021-03-04T15:54:57","date_gmt":"2021-03-04T15:54:57","guid":{"rendered":"https:\/\/back.mascotarea.com\/producto\/hills-canine-k-d-mobility-estofado-pollo-verduras-lata-354gr\/"},"modified":"2023-06-14T12:07:44","modified_gmt":"2023-06-14T12:07:44","slug":"hills-canine-k-d-mobility-estofado-pollo-verduras-lata-354gr","status":"publish","type":"product","link":"https:\/\/back.mascotarea.com\/?product=hills-canine-k-d-mobility-estofado-pollo-verduras-lata-354gr","title":{"rendered":"Hills Canine K\/D+Mobility Estofado Pollo\/Verduras Lata 354gr"},"content":{"rendered":"<p>C\u00f3mo funciona:<\/p>\n<p><\/p>\n<p>    Niveles controlados de f\u00f3sforo y bajos niveles de sodio<\/p>\n<p>    Perfil de amino\u00e1cidos mejorado<\/p>\n<p>    Niveles eficaces de \u00e1cidos grasos omega-3<\/p>\n<p>    Contiene glucosamina y condroit\u00edn sulfato<\/p>\n<p><\/p>\n<p><\/p>\n<p>COMPOSICI\u00d3N: Carnes y subproductos animales, cereales, aceites y grasas, subproductos de origen vegetal, az\u00facares, semillas, verduras, sustancias minerales, huevos y ovoproductos.Fuentes de prote\u00ednas: Pollo, cerdo, huevo desecado.<\/p>\n<p><\/p>\n<p>COMPONENTES ANAL\u00cdTICOS: Prote\u00edna 3,6%, Contenido en grasa 5,5%, Fibra bruta 0,87%, \u00c1cidos grasos esenciales 2,0%, \u00c1cidos grasos omega-3 1,0%, EPA 0,22%, Ceniza bruta 1,0%, Humedad 77,6%, Calcio 0,18%, F\u00f3sforo 0,07%, Sodio 0,04%, Potasio 0,22%, Magnesio 0,02%; por kg: Vitamina A 5.807UI, Vitamina D3 419UI, Vitamina E 219mg.<\/p>\n<p><\/p>\n<p>ADITIVOS POR KG: Aditivos nutricionales: 3b103 (Hierro) 30,3mg, 3b202 (Yodo) 1,1mg, 3b405 (Cobre) 4,5mg, 3b503 (Manganeso) 3,3mg, 3b603 (Zinc) 38,5mg.Aditivos tecnol\u00f3gicos: Alginato de potasio 5g.<\/p>\n<p><\/p>\n","protected":false},"excerpt":{"rendered":"<p>Prolonga y mejora la calidad de vida de los perros con enfermedad renal.<\/p>\n<p><\/p>\n<p>Un estofado de bocaditos cuidadosamente cocinados con pollo y verduras a\u00f1adidas, con un sabor delicioso, que te ayudar\u00e1 a estrechar el v\u00ednculo con tu mascota.<\/p>\n","protected":false},"featured_media":8153,"comment_status":"open","ping_status":"closed","template":"","meta":{"_uag_custom_page_level_css":"","_themeisle_gutenberg_block_has_review":false},"product_cat":[211],"product_tag":[],"class_list":{"0":"post-8154","1":"product","2":"type-product","3":"status-publish","4":"has-post-thumbnail","6":"product_cat-dieta-veterinaria-para-perro","8":"first","9":"outofstock","10":"taxable","11":"shipping-taxable","12":"purchasable","13":"product-type-simple","14":"customify-col"},"uagb_featured_image_src":{"full":["https:\/\/back.mascotarea.com\/wp-content\/uploads\/2021\/03\/hills-canine-k-d-mobility-estofado-pollo-verduras-lata-354gr_29677.jpg",800,1000,false],"thumbnail":["https:\/\/back.mascotarea.com\/wp-content\/uploads\/2021\/03\/hills-canine-k-d-mobility-estofado-pollo-verduras-lata-354gr_29677-150x150.jpg",150,150,true],"medium":["https:\/\/back.mascotarea.com\/wp-content\/uploads\/2021\/03\/hills-canine-k-d-mobility-estofado-pollo-verduras-lata-354gr_29677-240x300.jpg",240,300,true],"medium_large":["https:\/\/back.mascotarea.com\/wp-content\/uploads\/2021\/03\/hills-canine-k-d-mobility-estofado-pollo-verduras-lata-354gr_29677-768x960.jpg",768,960,true],"large":["https:\/\/back.mascotarea.com\/wp-content\/uploads\/2021\/03\/hills-canine-k-d-mobility-estofado-pollo-verduras-lata-354gr_29677.jpg",800,1000,false],"1536x1536":["https:\/\/back.mascotarea.com\/wp-content\/uploads\/2021\/03\/hills-canine-k-d-mobility-estofado-pollo-verduras-lata-354gr_29677.jpg",800,1000,false],"2048x2048":["https:\/\/back.mascotarea.com\/wp-content\/uploads\/2021\/03\/hills-canine-k-d-mobility-estofado-pollo-verduras-lata-354gr_29677.jpg",800,1000,false],"woocommerce_thumbnail":["https:\/\/back.mascotarea.com\/wp-content\/uploads\/2021\/03\/hills-canine-k-d-mobility-estofado-pollo-verduras-lata-354gr_29677-200x200.jpg",200,200,true],"woocommerce_single":["https:\/\/back.mascotarea.com\/wp-content\/uploads\/2021\/03\/hills-canine-k-d-mobility-estofado-pollo-verduras-lata-354gr_29677-200x250.jpg",200,250,true],"woocommerce_gallery_thumbnail":["https:\/\/back.mascotarea.com\/wp-content\/uploads\/2021\/03\/hills-canine-k-d-mobility-estofado-pollo-verduras-lata-354gr_29677-100x100.jpg",100,100,true],"dgwt-wcas-product-suggestion":["https:\/\/back.mascotarea.com\/wp-content\/uploads\/2021\/03\/hills-canine-k-d-mobility-estofado-pollo-verduras-lata-354gr_29677-64x80.jpg",64,80,true]},"uagb_author_info":{"display_name":"Roberto","author_link":"https:\/\/back.mascotarea.com\/?author=0"},"uagb_comment_info":0,"uagb_excerpt":"Prolonga y mejora la calidad de vida de los perros con enfermedad renal.Un estofado de bocaditos cuidadosamente cocinados con pollo y verduras a\u00f1adidas, con un sabor delicioso, que te ayudar\u00e1 a estrechar el v\u00ednculo con tu mascota.","_links":{"self":[{"href":"https:\/\/back.mascotarea.com\/index.php?rest_route=\/wp\/v2\/product\/8154","targetHints":{"allow":["GET"]}}],"collection":[{"href":"https:\/\/back.mascotarea.com\/index.php?rest_route=\/wp\/v2\/product"}],"about":[{"href":"https:\/\/back.mascotarea.com\/index.php?rest_route=\/wp\/v2\/types\/product"}],"replies":[{"embeddable":true,"href":"https:\/\/back.mascotarea.com\/index.php?rest_route=%2Fwp%2Fv2%2Fcomments&post=8154"}],"wp:featuredmedia":[{"embeddable":true,"href":"https:\/\/back.mascotarea.com\/index.php?rest_route=\/wp\/v2\/media\/8153"}],"wp:attachment":[{"href":"https:\/\/back.mascotarea.com\/index.php?rest_route=%2Fwp%2Fv2%2Fmedia&parent=8154"}],"wp:term":[{"taxonomy":"product_cat","embeddable":true,"href":"https:\/\/back.mascotarea.com\/index.php?rest_route=%2Fwp%2Fv2%2Fproduct_cat&post=8154"},{"taxonomy":"product_tag","embeddable":true,"href":"https:\/\/back.mascotarea.com\/index.php?rest_route=%2Fwp%2Fv2%2Fproduct_tag&post=8154"}],"curies":[{"name":"wp","href":"https:\/\/api.w.org\/{rel}","templated":true}]}}