{"id":8156,"date":"2021-03-04T15:54:59","date_gmt":"2021-03-04T15:54:59","guid":{"rendered":"https:\/\/back.mascotarea.com\/producto\/hills-adult-mini-light-1-5-kgs\/"},"modified":"2023-06-04T06:10:15","modified_gmt":"2023-06-04T06:10:15","slug":"hills-adult-mini-light-1-5-kgs","status":"publish","type":"product","link":"https:\/\/back.mascotarea.com\/?product=hills-adult-mini-light-1-5-kgs","title":{"rendered":"Hills Adult Mini Light 1,5 Kgs"},"content":{"rendered":"<p>Un nivel bajo de calor\u00edas y la L-Carnitina ayudan a promover un peso corporal ideal, favorecen una movilidad saudable y ayudan a mantener la funci\u00f3n cardiaca<\/p>\n<p>Prote\u00edna de alta calidad y fibra natural que ayudan a satisfacer el hambre entre las comidas<\/p>\n<p>Nutritiva mezcla de Omega 6 y vitamina E para una piel sana y un pelo brillante<\/p>\n<p>Contiene nuestra mezcla especial de antioxidantes Small &amp; Mini para favorecer el sistema inmunitario durante toda su vida<\/p>\n<p><\/p>\n<p><\/p>\n<p>COMPOSICI\u00d3N: Harina de pollo y pavo, trigo, harina de salvado de guisante, ma\u00edz, harina de gluten de ma\u00edz, solubles de carne, arroz cervecero, celulosa, grasa animal, pulpa de remolacha, aceite vegetal, sustancias minerales, semilla de lino, piel de tomate desecada, pulpa de c\u00edtricos desecada, espinaca en polvo.<\/p>\n<p><\/p>\n<p>COMPONENTES ANAL\u00cdTICOS: Prote\u00edna 23,4%, Contenido en grasa 10,6%, Fibra bruta 12,4%, \u00c1cidos grasos omega-6 2,9%, Ceniza bruta 5,3%, Calcio 0,83%, F\u00f3sforo 0,60%, Sodio 0,30%, Potasio 0,73%, Magnesio 0,12%; por kg: Vitamina A 10.905UI, Vitamina D3 758UI, Vitamina E 690mg, Vitamina C 105mg, Beta-caroteno 1,5mg, L-carnitina 334mg, Energ\u00eda metabolizable 313kcal\/100g.<\/p>\n<p><\/p>\n<p>ADITIVOS POR KG: Aditivos nutricionales: 3b103 (Hierro) 75,7mg, 3b202 (Yodo) 1,2mg, 3b405 (Cobre) 7,5mg, 3b502 (Manganeso) 7,8mg, 3b603 (Zinc) 157mg, E8 (Selenio) 0,2mg; con antioxidante natural.<\/p>\n<p><\/p>\n","protected":false},"excerpt":{"rendered":"<p> Nutrici\u00f3n hecha a medida para los perros adultos de razas peque\u00f1as y mini menos activos que requieren un alimento bajo en calor\u00edas que les ayude a mantener un peso y un estilo de vida saludables. Especialmente hechos con nuestras croquetas m\u00e1s peque\u00f1as.<\/p>\n","protected":false},"featured_media":8155,"comment_status":"open","ping_status":"closed","template":"","meta":{"_uag_custom_page_level_css":"","_themeisle_gutenberg_block_has_review":false},"product_cat":[192],"product_tag":[],"class_list":{"0":"post-8156","1":"product","2":"type-product","3":"status-publish","4":"has-post-thumbnail","6":"product_cat-pienso-seco-para-perro","8":"first","9":"outofstock","10":"taxable","11":"shipping-taxable","12":"purchasable","13":"product-type-simple","14":"customify-col"},"uagb_featured_image_src":{"full":["https:\/\/back.mascotarea.com\/wp-content\/uploads\/2021\/03\/hills-adult-mini-light-1-5-kgs_11639.jpg",800,1000,false],"thumbnail":["https:\/\/back.mascotarea.com\/wp-content\/uploads\/2021\/03\/hills-adult-mini-light-1-5-kgs_11639-150x150.jpg",150,150,true],"medium":["https:\/\/back.mascotarea.com\/wp-content\/uploads\/2021\/03\/hills-adult-mini-light-1-5-kgs_11639-240x300.jpg",240,300,true],"medium_large":["https:\/\/back.mascotarea.com\/wp-content\/uploads\/2021\/03\/hills-adult-mini-light-1-5-kgs_11639-768x960.jpg",768,960,true],"large":["https:\/\/back.mascotarea.com\/wp-content\/uploads\/2021\/03\/hills-adult-mini-light-1-5-kgs_11639.jpg",800,1000,false],"1536x1536":["https:\/\/back.mascotarea.com\/wp-content\/uploads\/2021\/03\/hills-adult-mini-light-1-5-kgs_11639.jpg",800,1000,false],"2048x2048":["https:\/\/back.mascotarea.com\/wp-content\/uploads\/2021\/03\/hills-adult-mini-light-1-5-kgs_11639.jpg",800,1000,false],"woocommerce_thumbnail":["https:\/\/back.mascotarea.com\/wp-content\/uploads\/2021\/03\/hills-adult-mini-light-1-5-kgs_11639-200x200.jpg",200,200,true],"woocommerce_single":["https:\/\/back.mascotarea.com\/wp-content\/uploads\/2021\/03\/hills-adult-mini-light-1-5-kgs_11639-200x250.jpg",200,250,true],"woocommerce_gallery_thumbnail":["https:\/\/back.mascotarea.com\/wp-content\/uploads\/2021\/03\/hills-adult-mini-light-1-5-kgs_11639-100x100.jpg",100,100,true],"dgwt-wcas-product-suggestion":["https:\/\/back.mascotarea.com\/wp-content\/uploads\/2021\/03\/hills-adult-mini-light-1-5-kgs_11639-64x80.jpg",64,80,true]},"uagb_author_info":{"display_name":"Roberto","author_link":"https:\/\/back.mascotarea.com\/?author=0"},"uagb_comment_info":0,"uagb_excerpt":"Nutrici\u00f3n hecha a medida para los perros adultos de razas peque\u00f1as y mini menos activos que requieren un alimento bajo en calor\u00edas que les ayude a mantener un peso y un estilo de vida saludables. Especialmente hechos con nuestras croquetas m\u00e1s peque\u00f1as.","_links":{"self":[{"href":"https:\/\/back.mascotarea.com\/index.php?rest_route=\/wp\/v2\/product\/8156","targetHints":{"allow":["GET"]}}],"collection":[{"href":"https:\/\/back.mascotarea.com\/index.php?rest_route=\/wp\/v2\/product"}],"about":[{"href":"https:\/\/back.mascotarea.com\/index.php?rest_route=\/wp\/v2\/types\/product"}],"replies":[{"embeddable":true,"href":"https:\/\/back.mascotarea.com\/index.php?rest_route=%2Fwp%2Fv2%2Fcomments&post=8156"}],"wp:featuredmedia":[{"embeddable":true,"href":"https:\/\/back.mascotarea.com\/index.php?rest_route=\/wp\/v2\/media\/8155"}],"wp:attachment":[{"href":"https:\/\/back.mascotarea.com\/index.php?rest_route=%2Fwp%2Fv2%2Fmedia&parent=8156"}],"wp:term":[{"taxonomy":"product_cat","embeddable":true,"href":"https:\/\/back.mascotarea.com\/index.php?rest_route=%2Fwp%2Fv2%2Fproduct_cat&post=8156"},{"taxonomy":"product_tag","embeddable":true,"href":"https:\/\/back.mascotarea.com\/index.php?rest_route=%2Fwp%2Fv2%2Fproduct_tag&post=8156"}],"curies":[{"name":"wp","href":"https:\/\/api.w.org\/{rel}","templated":true}]}}