{"id":8160,"date":"2021-03-04T15:55:04","date_gmt":"2021-03-04T15:55:04","guid":{"rendered":"https:\/\/back.mascotarea.com\/producto\/hills-feline-z-d-2kg\/"},"modified":"2024-06-26T11:26:37","modified_gmt":"2024-06-26T11:26:37","slug":"hills-feline-z-d-2kg","status":"publish","type":"product","link":"https:\/\/back.mascotarea.com\/?product=hills-feline-z-d-2kg","title":{"rendered":"Hills  Feline Z\/D 1.5 Kg"},"content":{"rendered":"<p>C\u00f3mo ayuda:<\/p>\n<p><\/p>\n<p>Prescription Diet\u2122 z \/d\u2122 alimento para gatos es un alimento especialmente formulado para reducir los signos digestivos y cut\u00e1neos provocados por las alergias alimentarias.<\/p>\n<p><\/p>\n<p><\/p>\n<p>Beneficios Clave<\/p>\n<p><\/p>\n<p>    Alimento hipoalerg\u00e9nico: cuidadosamente formulado con prote\u00edna animal altamente hidrolizada y una \u00fanica fuente de carbohidratos.<\/p>\n<p>    Proporciona una nutrici\u00f3n para mejorar de forma visible de la piel y el pelo.<\/p>\n<p>    Ayuda a mejorar la calidad de las heces.<\/p>\n<p>    Con un delicioso sabor que le encantar\u00e1 a tu gato.<\/p>\n<p><\/p>\n<p><\/p>\n<p>COMPOSICI\u00d3N: Cereales, extractos de prote\u00ednas vegetales, carnes y subproductos animales, aceites y grasas (aceite de pescado 1%), sustancias minerales, subproductos de origen vegetal, frutas, semillas. Fuentes de prote\u00ednas: Concentrado de prote\u00edna de arroz, hidrolizado de h\u00edgado de pollo. Fuente de carbohidratos: Arroz cervecero.<\/p>\n<p><\/p>\n<p>COMPONENTES ANAL\u00cdTICOS: Prote\u00edna 32,0%, Contenido en grasa 15,3%, Fibra bruta 2,4%, Ceniza bruta 5,9%, \u00c1cidos grasos esenciales 5,5%, Calcio 0,75%, F\u00f3sforo 0,62%, Sodio 0,28%, Potasio 0,91%, Magnesio 0,07%; por kg: Vitamina A 5.875UI, Vitamina D3 1.025UI, Vitamina E 848mg, Vitamina C 144mg, Beta-caroteno 2mg.<\/p>\n<p><\/p>\n<p>ADITIVOS POR KG: Aditivos nutricionales: 3b103 (Hierro) 90,8mg, 3b202 (Yodo) 4,0mg, 3b405 (Cobre) 10,6mg, 3b502 (Manganeso) 9,4mg, 3b603 (Zinc) 141mg; con antioxidante natural.<\/p>\n<p><\/p>\n","protected":false},"excerpt":{"rendered":"<p>Formulado para ayudar a reducir los signos cut\u00e1neos y digestivos producidos por las alergias alimentarias.<\/p>\n","protected":false},"featured_media":8159,"comment_status":"open","ping_status":"closed","template":"","meta":{"_uag_custom_page_level_css":"","_themeisle_gutenberg_block_has_review":false},"product_cat":[202],"product_tag":[],"class_list":{"0":"post-8160","1":"product","2":"type-product","3":"status-publish","4":"has-post-thumbnail","6":"product_cat-pienso-veterinario-seco-para-gato","8":"first","9":"instock","10":"taxable","11":"shipping-taxable","12":"purchasable","13":"product-type-simple","14":"customify-col"},"uagb_featured_image_src":{"full":["https:\/\/back.mascotarea.com\/wp-content\/uploads\/2021\/03\/hills-feline-z-d-2kg_4198.jpg",800,1000,false],"thumbnail":["https:\/\/back.mascotarea.com\/wp-content\/uploads\/2021\/03\/hills-feline-z-d-2kg_4198-150x150.jpg",150,150,true],"medium":["https:\/\/back.mascotarea.com\/wp-content\/uploads\/2021\/03\/hills-feline-z-d-2kg_4198-240x300.jpg",240,300,true],"medium_large":["https:\/\/back.mascotarea.com\/wp-content\/uploads\/2021\/03\/hills-feline-z-d-2kg_4198-768x960.jpg",768,960,true],"large":["https:\/\/back.mascotarea.com\/wp-content\/uploads\/2021\/03\/hills-feline-z-d-2kg_4198.jpg",800,1000,false],"1536x1536":["https:\/\/back.mascotarea.com\/wp-content\/uploads\/2021\/03\/hills-feline-z-d-2kg_4198.jpg",800,1000,false],"2048x2048":["https:\/\/back.mascotarea.com\/wp-content\/uploads\/2021\/03\/hills-feline-z-d-2kg_4198.jpg",800,1000,false],"woocommerce_thumbnail":["https:\/\/back.mascotarea.com\/wp-content\/uploads\/2021\/03\/hills-feline-z-d-2kg_4198-200x200.jpg",200,200,true],"woocommerce_single":["https:\/\/back.mascotarea.com\/wp-content\/uploads\/2021\/03\/hills-feline-z-d-2kg_4198-200x250.jpg",200,250,true],"woocommerce_gallery_thumbnail":["https:\/\/back.mascotarea.com\/wp-content\/uploads\/2021\/03\/hills-feline-z-d-2kg_4198-100x100.jpg",100,100,true],"dgwt-wcas-product-suggestion":["https:\/\/back.mascotarea.com\/wp-content\/uploads\/2021\/03\/hills-feline-z-d-2kg_4198-64x80.jpg",64,80,true]},"uagb_author_info":{"display_name":"Roberto","author_link":"https:\/\/back.mascotarea.com\/?author=0"},"uagb_comment_info":0,"uagb_excerpt":"Formulado para ayudar a reducir los signos cut\u00e1neos y digestivos producidos por las alergias alimentarias.","_links":{"self":[{"href":"https:\/\/back.mascotarea.com\/index.php?rest_route=\/wp\/v2\/product\/8160","targetHints":{"allow":["GET"]}}],"collection":[{"href":"https:\/\/back.mascotarea.com\/index.php?rest_route=\/wp\/v2\/product"}],"about":[{"href":"https:\/\/back.mascotarea.com\/index.php?rest_route=\/wp\/v2\/types\/product"}],"replies":[{"embeddable":true,"href":"https:\/\/back.mascotarea.com\/index.php?rest_route=%2Fwp%2Fv2%2Fcomments&post=8160"}],"wp:featuredmedia":[{"embeddable":true,"href":"https:\/\/back.mascotarea.com\/index.php?rest_route=\/wp\/v2\/media\/8159"}],"wp:attachment":[{"href":"https:\/\/back.mascotarea.com\/index.php?rest_route=%2Fwp%2Fv2%2Fmedia&parent=8160"}],"wp:term":[{"taxonomy":"product_cat","embeddable":true,"href":"https:\/\/back.mascotarea.com\/index.php?rest_route=%2Fwp%2Fv2%2Fproduct_cat&post=8160"},{"taxonomy":"product_tag","embeddable":true,"href":"https:\/\/back.mascotarea.com\/index.php?rest_route=%2Fwp%2Fv2%2Fproduct_tag&post=8160"}],"curies":[{"name":"wp","href":"https:\/\/api.w.org\/{rel}","templated":true}]}}