{"id":8162,"date":"2021-03-04T15:55:05","date_gmt":"2021-03-04T15:55:05","guid":{"rendered":"https:\/\/back.mascotarea.com\/producto\/hills-feline-metabolic-4kg\/"},"modified":"2023-06-04T06:10:15","modified_gmt":"2023-06-04T06:10:15","slug":"hills-feline-metabolic-4kg","status":"publish","type":"product","link":"https:\/\/back.mascotarea.com\/?product=hills-feline-metabolic-4kg","title":{"rendered":"Hills  Feline Metabolic 4kg"},"content":{"rendered":"<p>C\u00f3mo ayuda:<\/p>\n<\/p>\n<\/p>\n<p>    P\u00e9rdida de peso sin pasar hambre: el 81% de los gatos perdi\u00f3 peso en 2 meses en su propio hogar, el 89% de los gatos complet\u00f3 el programa de p\u00e9rdida de peso<\/p>\n<\/p>\n<p>    Menor necesidad de medir el alimento de forma precisa<\/p>\n<\/p>\n<p>    Ha probado cl\u00ednicamente que evita la recuperaci\u00f3n del peso perdido tras el programa de adelgazamiento<\/p>\n<\/p>\n<p>    Premia a tu gato con los deliciosos Metabolic Treats: un alimento complementario para ayudar a la p\u00e9rdida de peso en los gatos adultos.<\/p>\n<\/p>\n<\/p>\n<\/p>\n<p>COMPOSICI\u00d3N: Carnes y subproductos animales, extractos de prote\u00ednas vegetales, cereales, subproductos de origen vegetal, verduras, aceites y grasas, semillas, sustancias minerales.<\/p>\n<\/p>\n<\/p>\n<p>COMPONENTES ANAL\u00cdTICOS: Prote\u00edna 38,0%, Contenido en grasa 13,3%, Fibra bruta 9,1%, Ceniza bruta 6,1%, Calcio 0,95%, F\u00f3sforo 0,73%, Sodio 0,33%, Potasio 0,71%, Magnesio 0,09%; por kg: Vitamina A 9.676UI, Vitamina D3 919UI, Vitamina E 810mg, Vitamina C 122mg, Beta-caroteno 1,5mg.<\/p>\n<\/p>\n<\/p>\n<p>ADITIVOS POR KG: Aditivos nutricionales: E1 (Hierro) 65,9mg, 3b202 (Yodo) 1,0mg, E4 (Cobre) 6,5mg, 3b502 (Manganeso) 126mg, 3b603 (Zinc) 136mg, E8 (Selenio) 0,1mg; con antioxidante natural.Energ\u00eda metabolizable (calculada): 14,6MJ por kg.<\/p>\n<\/p>\n<p><\/p>\n","protected":false},"excerpt":{"rendered":"<p>Metabolic es un alimento innovador que ha probado que ayuda a la p\u00e9rdida y mantenimiento de peso tanto en estudios cl\u00ednicos como en el propio hogar de las mascotas, con un porcentaje de \u00e9xito del 81% en gatos.<\/p>\n","protected":false},"featured_media":8161,"comment_status":"open","ping_status":"closed","template":"","meta":{"_uag_custom_page_level_css":"","_themeisle_gutenberg_block_has_review":false},"product_cat":[202],"product_tag":[],"class_list":{"0":"post-8162","1":"product","2":"type-product","3":"status-publish","4":"has-post-thumbnail","6":"product_cat-pienso-veterinario-seco-para-gato","8":"first","9":"outofstock","10":"taxable","11":"shipping-taxable","12":"purchasable","13":"product-type-simple","14":"customify-col"},"uagb_featured_image_src":{"full":["https:\/\/back.mascotarea.com\/wp-content\/uploads\/2021\/03\/hills-feline-metabolic-4kg_5791.jpg",800,1000,false],"thumbnail":["https:\/\/back.mascotarea.com\/wp-content\/uploads\/2021\/03\/hills-feline-metabolic-4kg_5791-150x150.jpg",150,150,true],"medium":["https:\/\/back.mascotarea.com\/wp-content\/uploads\/2021\/03\/hills-feline-metabolic-4kg_5791-240x300.jpg",240,300,true],"medium_large":["https:\/\/back.mascotarea.com\/wp-content\/uploads\/2021\/03\/hills-feline-metabolic-4kg_5791-768x960.jpg",768,960,true],"large":["https:\/\/back.mascotarea.com\/wp-content\/uploads\/2021\/03\/hills-feline-metabolic-4kg_5791.jpg",800,1000,false],"1536x1536":["https:\/\/back.mascotarea.com\/wp-content\/uploads\/2021\/03\/hills-feline-metabolic-4kg_5791.jpg",800,1000,false],"2048x2048":["https:\/\/back.mascotarea.com\/wp-content\/uploads\/2021\/03\/hills-feline-metabolic-4kg_5791.jpg",800,1000,false],"woocommerce_thumbnail":["https:\/\/back.mascotarea.com\/wp-content\/uploads\/2021\/03\/hills-feline-metabolic-4kg_5791-200x200.jpg",200,200,true],"woocommerce_single":["https:\/\/back.mascotarea.com\/wp-content\/uploads\/2021\/03\/hills-feline-metabolic-4kg_5791-200x250.jpg",200,250,true],"woocommerce_gallery_thumbnail":["https:\/\/back.mascotarea.com\/wp-content\/uploads\/2021\/03\/hills-feline-metabolic-4kg_5791-100x100.jpg",100,100,true],"dgwt-wcas-product-suggestion":["https:\/\/back.mascotarea.com\/wp-content\/uploads\/2021\/03\/hills-feline-metabolic-4kg_5791-64x80.jpg",64,80,true]},"uagb_author_info":{"display_name":"Roberto","author_link":"https:\/\/back.mascotarea.com\/?author=0"},"uagb_comment_info":0,"uagb_excerpt":"Metabolic es un alimento innovador que ha probado que ayuda a la p\u00e9rdida y mantenimiento de peso tanto en estudios cl\u00ednicos como en el propio hogar de las mascotas, con un porcentaje de \u00e9xito del 81% en gatos.","_links":{"self":[{"href":"https:\/\/back.mascotarea.com\/index.php?rest_route=\/wp\/v2\/product\/8162","targetHints":{"allow":["GET"]}}],"collection":[{"href":"https:\/\/back.mascotarea.com\/index.php?rest_route=\/wp\/v2\/product"}],"about":[{"href":"https:\/\/back.mascotarea.com\/index.php?rest_route=\/wp\/v2\/types\/product"}],"replies":[{"embeddable":true,"href":"https:\/\/back.mascotarea.com\/index.php?rest_route=%2Fwp%2Fv2%2Fcomments&post=8162"}],"wp:featuredmedia":[{"embeddable":true,"href":"https:\/\/back.mascotarea.com\/index.php?rest_route=\/wp\/v2\/media\/8161"}],"wp:attachment":[{"href":"https:\/\/back.mascotarea.com\/index.php?rest_route=%2Fwp%2Fv2%2Fmedia&parent=8162"}],"wp:term":[{"taxonomy":"product_cat","embeddable":true,"href":"https:\/\/back.mascotarea.com\/index.php?rest_route=%2Fwp%2Fv2%2Fproduct_cat&post=8162"},{"taxonomy":"product_tag","embeddable":true,"href":"https:\/\/back.mascotarea.com\/index.php?rest_route=%2Fwp%2Fv2%2Fproduct_tag&post=8162"}],"curies":[{"name":"wp","href":"https:\/\/api.w.org\/{rel}","templated":true}]}}