{"id":8164,"date":"2021-03-04T15:55:07","date_gmt":"2021-03-04T15:55:07","guid":{"rendered":"https:\/\/back.mascotarea.com\/producto\/hills-feline-d-d-pato-1-5kg\/"},"modified":"2023-06-04T06:10:16","modified_gmt":"2023-06-04T06:10:16","slug":"hills-feline-d-d-pato-1-5kg","status":"publish","type":"product","link":"https:\/\/back.mascotarea.com\/?product=hills-feline-d-d-pato-1-5kg","title":{"rendered":"Hills Feline D\/D Pato 1,5kg"},"content":{"rendered":"<p>Beneficios Clave<\/p>\n<p><\/p>\n<p>    Ayuda a reducir los s\u00edntomas de una reacci\u00f3n adversa al alimento<\/p>\n<p>    Mantiene la funci\u00f3n de la piel con elevadas cantidades de \u00e1cidos grasos omega-3<\/p>\n<p>    El pato como \u00fanica prote\u00edna animal raramente se ve involucrado en reacciones al\u00e9rgicas en gatos<\/p>\n<p>    Proporciona un excelente sabor que tu gato adorar\u00e1<\/p>\n<p><\/p>\n<p><\/p>\n<p>COMPOSICI\u00d3N: verduras, extractos de prote\u00ednas vegetales, aceites y grasas, carnes y subproductos animales, subproductos de origen vegetal, minerales, cereales. Fuente de carbohidratos: Guisantes desecados. Fuentes de prote\u00edna: prote\u00edna de guisante y harina de pato.<\/p>\n<p><\/p>\n<p>COMPONENTES ANAL\u00cdTICOS: Prote\u00edna 30,9%, Contenido en grasa 21,9%, \u00c1cidos grasos esenciales 4,5%, \u00c1cidos grasos omega-3 0,9%, \u00c1cidos grasos omega-6 3,6%, Fibra bruta 5,9%, Ceniza bruta 5,5%, Calcio 0,72%, F\u00f3sforo 0,62%, Sodio 0,26%, Potasio 0,91%, Magnesio 0,10%; por kg: Vitamina A 5.710UI, Vitamina D3 573UI, Vitamina E 550mg, Vitamina C 90mg, Beta-caroteno 1,4mg.<\/p>\n<p><\/p>\n<p>ADITIVOS POR KG: Aditivos nutricionales: 3b103 (Hierro) 74,8mg, 3b202 (Yodo) 1,2mg, 3b405 (Cobre) 7,4mg, 3b502 (Manganeso) 7,7mg, 3b603 (Zinc) 155mg, 3b801 (Selenio) 0,2mg; con antioxidante natural.<\/p>\n<p><\/p>\n","protected":false},"excerpt":{"rendered":"<p>Alimento diet\u00e9tico completo para la reducci\u00f3n de la intolerancia a ingredientes y nutrientes y para el mantenimiento de la funci\u00f3n d\u00e9rmica en caso de dermatosis y p\u00e9rdida excesiva de pelo en gatos adultos. Este alimento diet\u00e9tico contiene fuentes seleccionadas de prote\u00ednas y carbohidratos y un alto contenido en \u00e1cidos grasos esenciales.<\/p>\n","protected":false},"featured_media":8163,"comment_status":"open","ping_status":"closed","template":"","meta":{"_uag_custom_page_level_css":"","_themeisle_gutenberg_block_has_review":false},"product_cat":[202],"product_tag":[],"class_list":{"0":"post-8164","1":"product","2":"type-product","3":"status-publish","4":"has-post-thumbnail","6":"product_cat-pienso-veterinario-seco-para-gato","8":"first","9":"outofstock","10":"taxable","11":"shipping-taxable","12":"purchasable","13":"product-type-simple","14":"customify-col"},"uagb_featured_image_src":{"full":["https:\/\/back.mascotarea.com\/wp-content\/uploads\/2021\/03\/hills-feline-d-d-pato-1-5kg_23577.jpg",800,1000,false],"thumbnail":["https:\/\/back.mascotarea.com\/wp-content\/uploads\/2021\/03\/hills-feline-d-d-pato-1-5kg_23577-150x150.jpg",150,150,true],"medium":["https:\/\/back.mascotarea.com\/wp-content\/uploads\/2021\/03\/hills-feline-d-d-pato-1-5kg_23577-240x300.jpg",240,300,true],"medium_large":["https:\/\/back.mascotarea.com\/wp-content\/uploads\/2021\/03\/hills-feline-d-d-pato-1-5kg_23577-768x960.jpg",768,960,true],"large":["https:\/\/back.mascotarea.com\/wp-content\/uploads\/2021\/03\/hills-feline-d-d-pato-1-5kg_23577.jpg",800,1000,false],"1536x1536":["https:\/\/back.mascotarea.com\/wp-content\/uploads\/2021\/03\/hills-feline-d-d-pato-1-5kg_23577.jpg",800,1000,false],"2048x2048":["https:\/\/back.mascotarea.com\/wp-content\/uploads\/2021\/03\/hills-feline-d-d-pato-1-5kg_23577.jpg",800,1000,false],"woocommerce_thumbnail":["https:\/\/back.mascotarea.com\/wp-content\/uploads\/2021\/03\/hills-feline-d-d-pato-1-5kg_23577-200x200.jpg",200,200,true],"woocommerce_single":["https:\/\/back.mascotarea.com\/wp-content\/uploads\/2021\/03\/hills-feline-d-d-pato-1-5kg_23577-200x250.jpg",200,250,true],"woocommerce_gallery_thumbnail":["https:\/\/back.mascotarea.com\/wp-content\/uploads\/2021\/03\/hills-feline-d-d-pato-1-5kg_23577-100x100.jpg",100,100,true],"dgwt-wcas-product-suggestion":["https:\/\/back.mascotarea.com\/wp-content\/uploads\/2021\/03\/hills-feline-d-d-pato-1-5kg_23577-64x80.jpg",64,80,true]},"uagb_author_info":{"display_name":"Roberto","author_link":"https:\/\/back.mascotarea.com\/?author=0"},"uagb_comment_info":0,"uagb_excerpt":"Alimento diet\u00e9tico completo para la reducci\u00f3n de la intolerancia a ingredientes y nutrientes y para el mantenimiento de la funci\u00f3n d\u00e9rmica en caso de dermatosis y p\u00e9rdida excesiva de pelo en gatos adultos. Este alimento diet\u00e9tico contiene fuentes seleccionadas de prote\u00ednas y carbohidratos y un alto contenido en \u00e1cidos grasos esenciales.","_links":{"self":[{"href":"https:\/\/back.mascotarea.com\/index.php?rest_route=\/wp\/v2\/product\/8164","targetHints":{"allow":["GET"]}}],"collection":[{"href":"https:\/\/back.mascotarea.com\/index.php?rest_route=\/wp\/v2\/product"}],"about":[{"href":"https:\/\/back.mascotarea.com\/index.php?rest_route=\/wp\/v2\/types\/product"}],"replies":[{"embeddable":true,"href":"https:\/\/back.mascotarea.com\/index.php?rest_route=%2Fwp%2Fv2%2Fcomments&post=8164"}],"wp:featuredmedia":[{"embeddable":true,"href":"https:\/\/back.mascotarea.com\/index.php?rest_route=\/wp\/v2\/media\/8163"}],"wp:attachment":[{"href":"https:\/\/back.mascotarea.com\/index.php?rest_route=%2Fwp%2Fv2%2Fmedia&parent=8164"}],"wp:term":[{"taxonomy":"product_cat","embeddable":true,"href":"https:\/\/back.mascotarea.com\/index.php?rest_route=%2Fwp%2Fv2%2Fproduct_cat&post=8164"},{"taxonomy":"product_tag","embeddable":true,"href":"https:\/\/back.mascotarea.com\/index.php?rest_route=%2Fwp%2Fv2%2Fproduct_tag&post=8164"}],"curies":[{"name":"wp","href":"https:\/\/api.w.org\/{rel}","templated":true}]}}