{"id":8168,"date":"2021-03-04T15:55:11","date_gmt":"2021-03-04T15:55:11","guid":{"rendered":"https:\/\/back.mascotarea.com\/producto\/hills-canine-mature-7-light-medium-pollo-14kg\/"},"modified":"2024-02-02T12:22:03","modified_gmt":"2024-02-02T12:22:03","slug":"hills-canine-mature-7-light-medium-pollo-14kg","status":"publish","type":"product","link":"https:\/\/back.mascotarea.com\/?product=hills-canine-mature-7-light-medium-pollo-14kg","title":{"rendered":"Hills Canine Mature 7+ Light Medium Pollo 14kg"},"content":{"rendered":"<p>Beneficios clave<\/p>\n<p><\/p>\n<p>    Un 16% menos de calor\u00edas que HILLS SCIENCE PLAN Mature Adult.<\/p>\n<p>    Control de la saciedad. Mantiene a tu perro satisfecho entre las comidas.<\/p>\n<p>    Omega 6 y vitamina E para una piel y un pelo bonitos.<\/p>\n<p><\/p>\n<p><\/p>\n<p>COMPOSICI\u00d3N: Ma\u00edz, trigo, harina de pollo y pavo, celulosa, harina de salvado de guisante, solubles de carne, grasa animal, pulpa de remolacha, semilla de lino, sustancias minerales, aceite vegetal, cart\u00edlago de cerdo (fuente de condroit\u00edn sulfato), hidrolizado de caparaz\u00f3n de crust\u00e1ceo (fuente de glucosamina).<\/p>\n<p><\/p>\n<p>COMPONENTES ANAL\u00cdTICOS: Prote\u00edna 17,4%, Contenido en grasa 10,5%, Fibra bruta 12,0%, \u00c1cidos grasos omega-6 2,6%, Ceniza bruta 5,5%, Calcio 0,83%, F\u00f3sforo 0,59%, Sodio 0,30%, Potasio 0,91%, Magnesio 0,11%; por kg: Vitamina A 9.232UI, Vitamina D3 728UI, Vitamina E 600mg, Vitamina C 90mg, Beta-caroteno 1,5mg, L-carnitina 312mg, Energ\u00eda metabolizable 313kcal\/100g.<\/p>\n<p><\/p>\n<p>ADITIVOS POR KG: Aditivos nutricionales: 3b103 (Hierro) 76,5mg, 3b202 (Yodo) 1,2mg, 3b405 (Cobre) 7,5mg, 3b502 (Manganeso) 7,9mg, 3b603 (Zinc) 158mg, 3b801 (Selenio) 0,2mg.<\/p>\n<p><\/p>\n","protected":false},"excerpt":{"rendered":"<p>Nutrici\u00f3n cuidadosamente equilibrada para los perros maduros menos activos que requieren un alimento bajo en calor\u00edas que les ayude a mantener un peso y un estilo de vida saludables.<\/p>\n","protected":false},"featured_media":8167,"comment_status":"open","ping_status":"closed","template":"","meta":{"_uag_custom_page_level_css":"","_themeisle_gutenberg_block_has_review":false},"product_cat":[192],"product_tag":[],"class_list":{"0":"post-8168","1":"product","2":"type-product","3":"status-publish","4":"has-post-thumbnail","6":"product_cat-pienso-seco-para-perro","8":"first","9":"outofstock","10":"taxable","11":"shipping-taxable","12":"purchasable","13":"product-type-simple","14":"customify-col"},"uagb_featured_image_src":{"full":["https:\/\/back.mascotarea.com\/wp-content\/uploads\/2021\/03\/hills-canine-mature-7-light-medium-pollo-14kg_18416.jpg",800,1000,false],"thumbnail":["https:\/\/back.mascotarea.com\/wp-content\/uploads\/2021\/03\/hills-canine-mature-7-light-medium-pollo-14kg_18416-150x150.jpg",150,150,true],"medium":["https:\/\/back.mascotarea.com\/wp-content\/uploads\/2021\/03\/hills-canine-mature-7-light-medium-pollo-14kg_18416-240x300.jpg",240,300,true],"medium_large":["https:\/\/back.mascotarea.com\/wp-content\/uploads\/2021\/03\/hills-canine-mature-7-light-medium-pollo-14kg_18416-768x960.jpg",768,960,true],"large":["https:\/\/back.mascotarea.com\/wp-content\/uploads\/2021\/03\/hills-canine-mature-7-light-medium-pollo-14kg_18416.jpg",800,1000,false],"1536x1536":["https:\/\/back.mascotarea.com\/wp-content\/uploads\/2021\/03\/hills-canine-mature-7-light-medium-pollo-14kg_18416.jpg",800,1000,false],"2048x2048":["https:\/\/back.mascotarea.com\/wp-content\/uploads\/2021\/03\/hills-canine-mature-7-light-medium-pollo-14kg_18416.jpg",800,1000,false],"woocommerce_thumbnail":["https:\/\/back.mascotarea.com\/wp-content\/uploads\/2021\/03\/hills-canine-mature-7-light-medium-pollo-14kg_18416-200x200.jpg",200,200,true],"woocommerce_single":["https:\/\/back.mascotarea.com\/wp-content\/uploads\/2021\/03\/hills-canine-mature-7-light-medium-pollo-14kg_18416-200x250.jpg",200,250,true],"woocommerce_gallery_thumbnail":["https:\/\/back.mascotarea.com\/wp-content\/uploads\/2021\/03\/hills-canine-mature-7-light-medium-pollo-14kg_18416-100x100.jpg",100,100,true],"dgwt-wcas-product-suggestion":["https:\/\/back.mascotarea.com\/wp-content\/uploads\/2021\/03\/hills-canine-mature-7-light-medium-pollo-14kg_18416-64x80.jpg",64,80,true]},"uagb_author_info":{"display_name":"Roberto","author_link":"https:\/\/back.mascotarea.com\/?author=0"},"uagb_comment_info":0,"uagb_excerpt":"Nutrici\u00f3n cuidadosamente equilibrada para los perros maduros menos activos que requieren un alimento bajo en calor\u00edas que les ayude a mantener un peso y un estilo de vida saludables.","_links":{"self":[{"href":"https:\/\/back.mascotarea.com\/index.php?rest_route=\/wp\/v2\/product\/8168","targetHints":{"allow":["GET"]}}],"collection":[{"href":"https:\/\/back.mascotarea.com\/index.php?rest_route=\/wp\/v2\/product"}],"about":[{"href":"https:\/\/back.mascotarea.com\/index.php?rest_route=\/wp\/v2\/types\/product"}],"replies":[{"embeddable":true,"href":"https:\/\/back.mascotarea.com\/index.php?rest_route=%2Fwp%2Fv2%2Fcomments&post=8168"}],"wp:featuredmedia":[{"embeddable":true,"href":"https:\/\/back.mascotarea.com\/index.php?rest_route=\/wp\/v2\/media\/8167"}],"wp:attachment":[{"href":"https:\/\/back.mascotarea.com\/index.php?rest_route=%2Fwp%2Fv2%2Fmedia&parent=8168"}],"wp:term":[{"taxonomy":"product_cat","embeddable":true,"href":"https:\/\/back.mascotarea.com\/index.php?rest_route=%2Fwp%2Fv2%2Fproduct_cat&post=8168"},{"taxonomy":"product_tag","embeddable":true,"href":"https:\/\/back.mascotarea.com\/index.php?rest_route=%2Fwp%2Fv2%2Fproduct_tag&post=8168"}],"curies":[{"name":"wp","href":"https:\/\/api.w.org\/{rel}","templated":true}]}}