{"id":8172,"date":"2021-03-04T15:55:14","date_gmt":"2021-03-04T15:55:14","guid":{"rendered":"https:\/\/back.mascotarea.com\/producto\/hills-canine-derm-defense-12-kg\/"},"modified":"2023-08-23T09:12:45","modified_gmt":"2023-08-23T09:12:45","slug":"hills-canine-derm-defense-12-kg","status":"publish","type":"product","link":"https:\/\/back.mascotarea.com\/?product=hills-canine-derm-defense-12-kg","title":{"rendered":"Hills Canine Derm Defense 12 Kg"},"content":{"rendered":"<p> Beneficios clave<\/p>\n<p><\/p>\n<p>    Ayuda a reducir la reacci\u00f3n a los al\u00e9rgenos ambientales.<\/p>\n<p>    Ayuda a reforzar la barrera cut\u00e1nea.<\/p>\n<p>    Formulado para ayudar a suavizar y nutrir la piel y el pelo.<\/p>\n<p>    Una soluci\u00f3n a largo plazo que favorece la salud del sistema inmunitario.<\/p>\n<p>    Ayuda a la salud de la piel de una forma natural.<\/p>\n<p>OMPOSICI\u00d3N: Cereales, carnes y subproductos animales, extractos de prote\u00ednas vegetales, aceites y grasas, huevos y ovoproductos, semillas, subproductos de origen vegetal, sustancias minerales.<\/p>\n<p><\/p>\n<p>COMPONENTES ANAL\u00cdTICOS: Prote\u00edna 20,4%, Contenido en grasa 15,4%, Fibra bruta 1,3%, \u00c1cidos grasos esenciales 5,67%, \u00c1cidos grasos omega-3 1,60%, \u00c1cidos grasos omega-6 4,07%, Ceniza bruta 4,8%, Calcio 0,68%, F\u00f3sforo 0,53%, Sodio 0,27%, Potasio 0,77%, Magnesio 0,08%; por kg: Vitamina A 10.526UI, Vitamina D3 779UI, Vitamina E800mg, Vitamina C 90mg, Beta-caroteno 1,5mg.<\/p>\n<p><\/p>\n<p>ADITIVOS POR KG: Aditivos nutricionales: E1 (Hierro) 76,1mg, 3b202 (Yodo) 1,2mg, E4 (Cobre) 7,5mg, 3b502 (Manganeso) 7,9mg, 3b603 (Zinc) 157mg, E8 (Selenio) 0,4mg; con antioxidante natural.<\/p>\n<p><\/p>\n","protected":false},"excerpt":{"rendered":"<p>Ayuda a mantener la salud de la piel y protege a la barrera cut\u00e1nea de los al\u00e9rgenos ambientales.<\/p>\n","protected":false},"featured_media":8171,"comment_status":"open","ping_status":"closed","template":"","meta":{"_uag_custom_page_level_css":"","_themeisle_gutenberg_block_has_review":false},"product_cat":[192],"product_tag":[],"class_list":{"0":"post-8172","1":"product","2":"type-product","3":"status-publish","4":"has-post-thumbnail","6":"product_cat-pienso-seco-para-perro","8":"first","9":"outofstock","10":"taxable","11":"shipping-taxable","12":"purchasable","13":"product-type-simple","14":"customify-col"},"uagb_featured_image_src":{"full":["https:\/\/back.mascotarea.com\/wp-content\/uploads\/2021\/03\/hills-canine-derm-defense-12-kg_25076.jpg",800,1000,false],"thumbnail":["https:\/\/back.mascotarea.com\/wp-content\/uploads\/2021\/03\/hills-canine-derm-defense-12-kg_25076-150x150.jpg",150,150,true],"medium":["https:\/\/back.mascotarea.com\/wp-content\/uploads\/2021\/03\/hills-canine-derm-defense-12-kg_25076-240x300.jpg",240,300,true],"medium_large":["https:\/\/back.mascotarea.com\/wp-content\/uploads\/2021\/03\/hills-canine-derm-defense-12-kg_25076-768x960.jpg",768,960,true],"large":["https:\/\/back.mascotarea.com\/wp-content\/uploads\/2021\/03\/hills-canine-derm-defense-12-kg_25076.jpg",800,1000,false],"1536x1536":["https:\/\/back.mascotarea.com\/wp-content\/uploads\/2021\/03\/hills-canine-derm-defense-12-kg_25076.jpg",800,1000,false],"2048x2048":["https:\/\/back.mascotarea.com\/wp-content\/uploads\/2021\/03\/hills-canine-derm-defense-12-kg_25076.jpg",800,1000,false],"woocommerce_thumbnail":["https:\/\/back.mascotarea.com\/wp-content\/uploads\/2021\/03\/hills-canine-derm-defense-12-kg_25076-200x200.jpg",200,200,true],"woocommerce_single":["https:\/\/back.mascotarea.com\/wp-content\/uploads\/2021\/03\/hills-canine-derm-defense-12-kg_25076-200x250.jpg",200,250,true],"woocommerce_gallery_thumbnail":["https:\/\/back.mascotarea.com\/wp-content\/uploads\/2021\/03\/hills-canine-derm-defense-12-kg_25076-100x100.jpg",100,100,true],"dgwt-wcas-product-suggestion":["https:\/\/back.mascotarea.com\/wp-content\/uploads\/2021\/03\/hills-canine-derm-defense-12-kg_25076-64x80.jpg",64,80,true]},"uagb_author_info":{"display_name":"Roberto","author_link":"https:\/\/back.mascotarea.com\/?author=0"},"uagb_comment_info":0,"uagb_excerpt":"Ayuda a mantener la salud de la piel y protege a la barrera cut\u00e1nea de los al\u00e9rgenos ambientales.","_links":{"self":[{"href":"https:\/\/back.mascotarea.com\/index.php?rest_route=\/wp\/v2\/product\/8172","targetHints":{"allow":["GET"]}}],"collection":[{"href":"https:\/\/back.mascotarea.com\/index.php?rest_route=\/wp\/v2\/product"}],"about":[{"href":"https:\/\/back.mascotarea.com\/index.php?rest_route=\/wp\/v2\/types\/product"}],"replies":[{"embeddable":true,"href":"https:\/\/back.mascotarea.com\/index.php?rest_route=%2Fwp%2Fv2%2Fcomments&post=8172"}],"wp:featuredmedia":[{"embeddable":true,"href":"https:\/\/back.mascotarea.com\/index.php?rest_route=\/wp\/v2\/media\/8171"}],"wp:attachment":[{"href":"https:\/\/back.mascotarea.com\/index.php?rest_route=%2Fwp%2Fv2%2Fmedia&parent=8172"}],"wp:term":[{"taxonomy":"product_cat","embeddable":true,"href":"https:\/\/back.mascotarea.com\/index.php?rest_route=%2Fwp%2Fv2%2Fproduct_cat&post=8172"},{"taxonomy":"product_tag","embeddable":true,"href":"https:\/\/back.mascotarea.com\/index.php?rest_route=%2Fwp%2Fv2%2Fproduct_tag&post=8172"}],"curies":[{"name":"wp","href":"https:\/\/api.w.org\/{rel}","templated":true}]}}