{"id":8178,"date":"2021-03-04T15:55:21","date_gmt":"2021-03-04T15:55:21","guid":{"rendered":"https:\/\/back.mascotarea.com\/producto\/hills-feline-young-adult-sterilised-cat-pollo-bolsita-85g\/"},"modified":"2023-06-04T06:10:16","modified_gmt":"2023-06-04T06:10:16","slug":"hills-feline-young-adult-sterilised-cat-pollo-bolsita-85g","status":"publish","type":"product","link":"https:\/\/back.mascotarea.com\/?product=hills-feline-young-adult-sterilised-cat-pollo-bolsita-85g","title":{"rendered":"Hills  Feline Young Adult Sterilised Cat Pollo (Bolsita) 85g"},"content":{"rendered":"<p><\/p>\n<p>    Con L-carnitina cl\u00ednicamente probada para ayudar a los gatos a mantenerse delgados y activos<\/p>\n<p>    Niveles controlados de minerales para un sistema urinario sano<\/p>\n<p>    Bajo contenido en grasa y altos niveles de L-lisina para ayudar a mantener la vitalidad<\/p>\n<p><\/p>\n<p><\/p>\n<p>COMPOSICI\u00d3N: Carnes y subproductos animales, cereales, verduras, az\u00facares, huevos y ovoproductos, extractos de prote\u00ednas vegetales, subproductos de origen vegetal, aceites y grasas, sustancias minerales.<\/p>\n<p><\/p>\n<p>COMPONENTES ANAL\u00cdTICOS: Prote\u00edna 7,5%, Contenido en grasa 2,5%, Fibra bruta 1,1%, Ceniza bruta 1,3%, Humedad 81,5%, Calcio 0,19%, F\u00f3sforo 0,15%, Sodio 0,07%, Potasio 0,15%; por kg: Vitamina A 27.219UI, Vitamina D3 153UI, Vitamina E 106mg, Vitamina C 18,5mg, Beta-caroteno 0,22mg.<\/p>\n<p><\/p>\n<p>ADITIVOS POR KG: Aditivos nutricionales: 3b103 (Hierro) 10,3mg, 3b202 (Yodo) 0,3mg, 3b405 (Cobre) 1,7mg, 3b502 (Manganeso) 2,3mg, 3b603 (Zinc) 26,6mg; coloreado con caramelo natural.<\/p>\n<p><\/p>\n","protected":false},"excerpt":{"rendered":"<p>Alimento para gatos j\u00f3venes con tiernos bocaditos en salsa. Tiene el equilibrio perfecto entre sabor y nutrici\u00f3n con una f\u00f3rmula exclusiva del control del peso para ayudar a los gatos esterilizados a mantenerse en forma. Elaborado con ingredientes de alta calidad f\u00e1ciles de digerir.<\/p>\n","protected":false},"featured_media":8177,"comment_status":"open","ping_status":"closed","template":"","meta":{"_uag_custom_page_level_css":"","_themeisle_gutenberg_block_has_review":false},"product_cat":[186],"product_tag":[],"class_list":{"0":"post-8178","1":"product","2":"type-product","3":"status-publish","4":"has-post-thumbnail","6":"product_cat-alimentacion-humeda-para-gato","8":"first","9":"outofstock","10":"taxable","11":"shipping-taxable","12":"purchasable","13":"product-type-simple","14":"customify-col"},"uagb_featured_image_src":{"full":["https:\/\/back.mascotarea.com\/wp-content\/uploads\/2021\/03\/hills-feline-young-adult-sterilised-cat-pollo-bolsita-85g_10648.jpg",800,1000,false],"thumbnail":["https:\/\/back.mascotarea.com\/wp-content\/uploads\/2021\/03\/hills-feline-young-adult-sterilised-cat-pollo-bolsita-85g_10648-150x150.jpg",150,150,true],"medium":["https:\/\/back.mascotarea.com\/wp-content\/uploads\/2021\/03\/hills-feline-young-adult-sterilised-cat-pollo-bolsita-85g_10648-240x300.jpg",240,300,true],"medium_large":["https:\/\/back.mascotarea.com\/wp-content\/uploads\/2021\/03\/hills-feline-young-adult-sterilised-cat-pollo-bolsita-85g_10648-768x960.jpg",768,960,true],"large":["https:\/\/back.mascotarea.com\/wp-content\/uploads\/2021\/03\/hills-feline-young-adult-sterilised-cat-pollo-bolsita-85g_10648.jpg",800,1000,false],"1536x1536":["https:\/\/back.mascotarea.com\/wp-content\/uploads\/2021\/03\/hills-feline-young-adult-sterilised-cat-pollo-bolsita-85g_10648.jpg",800,1000,false],"2048x2048":["https:\/\/back.mascotarea.com\/wp-content\/uploads\/2021\/03\/hills-feline-young-adult-sterilised-cat-pollo-bolsita-85g_10648.jpg",800,1000,false],"woocommerce_thumbnail":["https:\/\/back.mascotarea.com\/wp-content\/uploads\/2021\/03\/hills-feline-young-adult-sterilised-cat-pollo-bolsita-85g_10648-200x200.jpg",200,200,true],"woocommerce_single":["https:\/\/back.mascotarea.com\/wp-content\/uploads\/2021\/03\/hills-feline-young-adult-sterilised-cat-pollo-bolsita-85g_10648-200x250.jpg",200,250,true],"woocommerce_gallery_thumbnail":["https:\/\/back.mascotarea.com\/wp-content\/uploads\/2021\/03\/hills-feline-young-adult-sterilised-cat-pollo-bolsita-85g_10648-100x100.jpg",100,100,true],"dgwt-wcas-product-suggestion":["https:\/\/back.mascotarea.com\/wp-content\/uploads\/2021\/03\/hills-feline-young-adult-sterilised-cat-pollo-bolsita-85g_10648-64x80.jpg",64,80,true]},"uagb_author_info":{"display_name":"Roberto","author_link":"https:\/\/back.mascotarea.com\/?author=0"},"uagb_comment_info":0,"uagb_excerpt":"Alimento para gatos j\u00f3venes con tiernos bocaditos en salsa. Tiene el equilibrio perfecto entre sabor y nutrici\u00f3n con una f\u00f3rmula exclusiva del control del peso para ayudar a los gatos esterilizados a mantenerse en forma. Elaborado con ingredientes de alta calidad f\u00e1ciles de digerir.","_links":{"self":[{"href":"https:\/\/back.mascotarea.com\/index.php?rest_route=\/wp\/v2\/product\/8178","targetHints":{"allow":["GET"]}}],"collection":[{"href":"https:\/\/back.mascotarea.com\/index.php?rest_route=\/wp\/v2\/product"}],"about":[{"href":"https:\/\/back.mascotarea.com\/index.php?rest_route=\/wp\/v2\/types\/product"}],"replies":[{"embeddable":true,"href":"https:\/\/back.mascotarea.com\/index.php?rest_route=%2Fwp%2Fv2%2Fcomments&post=8178"}],"wp:featuredmedia":[{"embeddable":true,"href":"https:\/\/back.mascotarea.com\/index.php?rest_route=\/wp\/v2\/media\/8177"}],"wp:attachment":[{"href":"https:\/\/back.mascotarea.com\/index.php?rest_route=%2Fwp%2Fv2%2Fmedia&parent=8178"}],"wp:term":[{"taxonomy":"product_cat","embeddable":true,"href":"https:\/\/back.mascotarea.com\/index.php?rest_route=%2Fwp%2Fv2%2Fproduct_cat&post=8178"},{"taxonomy":"product_tag","embeddable":true,"href":"https:\/\/back.mascotarea.com\/index.php?rest_route=%2Fwp%2Fv2%2Fproduct_tag&post=8178"}],"curies":[{"name":"wp","href":"https:\/\/api.w.org\/{rel}","templated":true}]}}