{"id":8180,"date":"2021-03-04T15:55:23","date_gmt":"2021-03-04T15:55:23","guid":{"rendered":"https:\/\/back.mascotarea.com\/producto\/hills-feline-young-adult-sterilised-cat-atun-3-5kg\/"},"modified":"2023-06-04T06:10:16","modified_gmt":"2023-06-04T06:10:16","slug":"hills-feline-young-adult-sterilised-cat-atun-3-5kg","status":"publish","type":"product","link":"https:\/\/back.mascotarea.com\/?product=hills-feline-young-adult-sterilised-cat-atun-3-5kg","title":{"rendered":"Hills  Feline Young Adult Sterilised Cat At\u00fan 3,5kg"},"content":{"rendered":"<p><\/p>\n<p>    Con L-carnitina cl\u00ednicamente probada para ayudar a los gatos a mantenerse delgados y activos<\/p>\n<p>    Niveles controlados de minerales para un sistema urinario sano<\/p>\n<p>    Bajo contenido en grasa y altos niveles de L-lisina para ayudar a mantener la vitalidad<\/p>\n<p><\/p>\n<p><\/p>\n<p>COMPOSICI\u00d3N: Ma\u00edz, harina de pollo y pavo, harina de gluten de ma\u00edz, harina de at\u00fan, grasa animal, sustancias minerales, solubles de carne, aceite de pescado, semilla de lino.<\/p>\n<p><\/p>\n<p>COMPONENTES ANAL\u00cdTICOS: Prote\u00edna 31,2%, Contenido en grasa 10,1%, Fibra bruta 1,3%, Ceniza bruta 5,4%, L-lisina 2,2%, Calcio 0,78%, F\u00f3sforo 0,70%, Sodio 0,42%, Potasio 0,68%, Magnesio 0,09%; por kg: Vitamina A 5.853UI, Vitamina D3 639UI, Vitamina E 500mg, Vitamina C 90mg, Beta-caroteno 1,5mg, L-carnitina 528mg.<\/p>\n<p><\/p>\n<p>ADITIVOS POR KG: Aditivos nutricionales: 3b103 (Hierro) 52,9mg, 3b202 (Yodo) 0,8mg, 3b405 (Cobre) 5,2mg, 3b502 (Manganeso) 5,5mg, 3b603 (Zinc) 109mg, 3b801 (Selenio) 0,1mg; con antioxidante natural.<\/p>\n<p><\/p>\n","protected":false},"excerpt":{"rendered":"<p>Alimento para gatos j\u00f3venes tiene una f\u00f3rmula exclusiva del control del peso para ayudar a los gatos esterilizados a mantenerse en forma. Elaborado con ingredientes de alta calidad f\u00e1ciles de digerir.<\/p>\n","protected":false},"featured_media":8179,"comment_status":"open","ping_status":"closed","template":"","meta":{"_uag_custom_page_level_css":"","_themeisle_gutenberg_block_has_review":false},"product_cat":[187],"product_tag":[],"class_list":{"0":"post-8180","1":"product","2":"type-product","3":"status-publish","4":"has-post-thumbnail","6":"product_cat-pienso-seco-para-gato","8":"first","9":"outofstock","10":"taxable","11":"shipping-taxable","12":"purchasable","13":"product-type-simple","14":"customify-col"},"uagb_featured_image_src":{"full":["https:\/\/back.mascotarea.com\/wp-content\/uploads\/2021\/03\/hills-feline-young-adult-sterilised-cat-atun-3-5kg_3452.jpg",800,1000,false],"thumbnail":["https:\/\/back.mascotarea.com\/wp-content\/uploads\/2021\/03\/hills-feline-young-adult-sterilised-cat-atun-3-5kg_3452-150x150.jpg",150,150,true],"medium":["https:\/\/back.mascotarea.com\/wp-content\/uploads\/2021\/03\/hills-feline-young-adult-sterilised-cat-atun-3-5kg_3452-240x300.jpg",240,300,true],"medium_large":["https:\/\/back.mascotarea.com\/wp-content\/uploads\/2021\/03\/hills-feline-young-adult-sterilised-cat-atun-3-5kg_3452-768x960.jpg",768,960,true],"large":["https:\/\/back.mascotarea.com\/wp-content\/uploads\/2021\/03\/hills-feline-young-adult-sterilised-cat-atun-3-5kg_3452.jpg",800,1000,false],"1536x1536":["https:\/\/back.mascotarea.com\/wp-content\/uploads\/2021\/03\/hills-feline-young-adult-sterilised-cat-atun-3-5kg_3452.jpg",800,1000,false],"2048x2048":["https:\/\/back.mascotarea.com\/wp-content\/uploads\/2021\/03\/hills-feline-young-adult-sterilised-cat-atun-3-5kg_3452.jpg",800,1000,false],"woocommerce_thumbnail":["https:\/\/back.mascotarea.com\/wp-content\/uploads\/2021\/03\/hills-feline-young-adult-sterilised-cat-atun-3-5kg_3452-200x200.jpg",200,200,true],"woocommerce_single":["https:\/\/back.mascotarea.com\/wp-content\/uploads\/2021\/03\/hills-feline-young-adult-sterilised-cat-atun-3-5kg_3452-200x250.jpg",200,250,true],"woocommerce_gallery_thumbnail":["https:\/\/back.mascotarea.com\/wp-content\/uploads\/2021\/03\/hills-feline-young-adult-sterilised-cat-atun-3-5kg_3452-100x100.jpg",100,100,true],"dgwt-wcas-product-suggestion":["https:\/\/back.mascotarea.com\/wp-content\/uploads\/2021\/03\/hills-feline-young-adult-sterilised-cat-atun-3-5kg_3452-64x80.jpg",64,80,true]},"uagb_author_info":{"display_name":"Roberto","author_link":"https:\/\/back.mascotarea.com\/?author=0"},"uagb_comment_info":0,"uagb_excerpt":"Alimento para gatos j\u00f3venes tiene una f\u00f3rmula exclusiva del control del peso para ayudar a los gatos esterilizados a mantenerse en forma. Elaborado con ingredientes de alta calidad f\u00e1ciles de digerir.","_links":{"self":[{"href":"https:\/\/back.mascotarea.com\/index.php?rest_route=\/wp\/v2\/product\/8180","targetHints":{"allow":["GET"]}}],"collection":[{"href":"https:\/\/back.mascotarea.com\/index.php?rest_route=\/wp\/v2\/product"}],"about":[{"href":"https:\/\/back.mascotarea.com\/index.php?rest_route=\/wp\/v2\/types\/product"}],"replies":[{"embeddable":true,"href":"https:\/\/back.mascotarea.com\/index.php?rest_route=%2Fwp%2Fv2%2Fcomments&post=8180"}],"wp:featuredmedia":[{"embeddable":true,"href":"https:\/\/back.mascotarea.com\/index.php?rest_route=\/wp\/v2\/media\/8179"}],"wp:attachment":[{"href":"https:\/\/back.mascotarea.com\/index.php?rest_route=%2Fwp%2Fv2%2Fmedia&parent=8180"}],"wp:term":[{"taxonomy":"product_cat","embeddable":true,"href":"https:\/\/back.mascotarea.com\/index.php?rest_route=%2Fwp%2Fv2%2Fproduct_cat&post=8180"},{"taxonomy":"product_tag","embeddable":true,"href":"https:\/\/back.mascotarea.com\/index.php?rest_route=%2Fwp%2Fv2%2Fproduct_tag&post=8180"}],"curies":[{"name":"wp","href":"https:\/\/api.w.org\/{rel}","templated":true}]}}