{"id":8184,"date":"2021-03-04T15:55:26","date_gmt":"2021-03-04T15:55:26","guid":{"rendered":"https:\/\/back.mascotarea.com\/producto\/hills-feline-s-d-1-5kg\/"},"modified":"2023-06-04T06:10:16","modified_gmt":"2023-06-04T06:10:16","slug":"hills-feline-s-d-1-5kg","status":"publish","type":"product","link":"https:\/\/back.mascotarea.com\/?product=hills-feline-s-d-1-5kg","title":{"rendered":"Hills  Feline S\/D 1,5kg"},"content":{"rendered":"<p>C\u00f3mo ayuda:<\/p>\n<p><\/p>\n<p>Prescription Diet\u2122 Feline s\/d\u2122 ha sido formulado por veterinarios para ayudar a eliminar los cristales y c\u00e1lculos de estruvita de tu gato.<\/p>\n<p><\/p>\n<p>Beneficios Clave<\/p>\n<p><\/p>\n<p>    Ayuda a la disoluci\u00f3n de los c\u00e1lculos de estruvita.<\/p>\n<p>    Ayuda a conseguir un pH urinario \u00e1cido para ayudar a incrementar la solubilidad de la estruvita.<\/p>\n<p><\/p>\n<p><\/p>\n<p>COMPOSICI\u00d3N: Cereales, carnes y subproductos animales, aceites y grasas, extractos de prote\u00ednas vegetales, huevos y ovoproductos, sustancias minerales. Sustancias acidificante de la orina: DL-metionina, sulfato c\u00e1lcico, cloruro pot\u00e1sico, cloruro de colina.<\/p>\n<p><\/p>\n<p>COMPONENTES ANAL\u00cdTICOS: Prote\u00edna 31,6%, Contenido en grasa 23,2%, Fibra bruta 0,67%, Ceniza bruta 5,9%, Calcio 0,86%, F\u00f3sforo 0,71%, Sodio 0,32%, Potasio 0,91%, Magnesio 0,06%, Cloruros 1,1%, Azufre 0,75%; por kg: Vitamina A 6.000UI, Vitamina D3 550UI, Vitamina E 525mg, Beta-caroteno 1,5mg, Total taurina 1.875mg.<\/p>\n<p><\/p>\n<p>ADITIVOS POR KG: Aditivos nutricionales: 3b103 (Hierro) 58,0mg, 3b202 (Yodo) 0,9mg, 3b405 (Cobre) 5,7mg, 3b502 (Manganeso) 6,0mg, 3b603 (Zinc) 120mg, 3b801 (Selenio) 0,1mg; con antioxidante natural.<\/p>\n<p><\/p>\n","protected":false},"excerpt":{"rendered":"<p>Cl\u00ednicamente probado. Disuelve los urolitos de estruvita en gatos.<\/p>\n","protected":false},"featured_media":8183,"comment_status":"open","ping_status":"closed","template":"","meta":{"_uag_custom_page_level_css":"","_themeisle_gutenberg_block_has_review":false},"product_cat":[202],"product_tag":[],"class_list":{"0":"post-8184","1":"product","2":"type-product","3":"status-publish","4":"has-post-thumbnail","6":"product_cat-pienso-veterinario-seco-para-gato","8":"first","9":"outofstock","10":"taxable","11":"shipping-taxable","12":"purchasable","13":"product-type-simple","14":"customify-col"},"uagb_featured_image_src":{"full":["https:\/\/back.mascotarea.com\/wp-content\/uploads\/2021\/03\/hills-feline-s-d-1-5kg_15105.jpg",800,1000,false],"thumbnail":["https:\/\/back.mascotarea.com\/wp-content\/uploads\/2021\/03\/hills-feline-s-d-1-5kg_15105-150x150.jpg",150,150,true],"medium":["https:\/\/back.mascotarea.com\/wp-content\/uploads\/2021\/03\/hills-feline-s-d-1-5kg_15105-240x300.jpg",240,300,true],"medium_large":["https:\/\/back.mascotarea.com\/wp-content\/uploads\/2021\/03\/hills-feline-s-d-1-5kg_15105-768x960.jpg",768,960,true],"large":["https:\/\/back.mascotarea.com\/wp-content\/uploads\/2021\/03\/hills-feline-s-d-1-5kg_15105.jpg",800,1000,false],"1536x1536":["https:\/\/back.mascotarea.com\/wp-content\/uploads\/2021\/03\/hills-feline-s-d-1-5kg_15105.jpg",800,1000,false],"2048x2048":["https:\/\/back.mascotarea.com\/wp-content\/uploads\/2021\/03\/hills-feline-s-d-1-5kg_15105.jpg",800,1000,false],"woocommerce_thumbnail":["https:\/\/back.mascotarea.com\/wp-content\/uploads\/2021\/03\/hills-feline-s-d-1-5kg_15105-200x200.jpg",200,200,true],"woocommerce_single":["https:\/\/back.mascotarea.com\/wp-content\/uploads\/2021\/03\/hills-feline-s-d-1-5kg_15105-200x250.jpg",200,250,true],"woocommerce_gallery_thumbnail":["https:\/\/back.mascotarea.com\/wp-content\/uploads\/2021\/03\/hills-feline-s-d-1-5kg_15105-100x100.jpg",100,100,true],"dgwt-wcas-product-suggestion":["https:\/\/back.mascotarea.com\/wp-content\/uploads\/2021\/03\/hills-feline-s-d-1-5kg_15105-64x80.jpg",64,80,true]},"uagb_author_info":{"display_name":"Roberto","author_link":"https:\/\/back.mascotarea.com\/?author=0"},"uagb_comment_info":0,"uagb_excerpt":"Cl\u00ednicamente probado. Disuelve los urolitos de estruvita en gatos.","_links":{"self":[{"href":"https:\/\/back.mascotarea.com\/index.php?rest_route=\/wp\/v2\/product\/8184","targetHints":{"allow":["GET"]}}],"collection":[{"href":"https:\/\/back.mascotarea.com\/index.php?rest_route=\/wp\/v2\/product"}],"about":[{"href":"https:\/\/back.mascotarea.com\/index.php?rest_route=\/wp\/v2\/types\/product"}],"replies":[{"embeddable":true,"href":"https:\/\/back.mascotarea.com\/index.php?rest_route=%2Fwp%2Fv2%2Fcomments&post=8184"}],"wp:featuredmedia":[{"embeddable":true,"href":"https:\/\/back.mascotarea.com\/index.php?rest_route=\/wp\/v2\/media\/8183"}],"wp:attachment":[{"href":"https:\/\/back.mascotarea.com\/index.php?rest_route=%2Fwp%2Fv2%2Fmedia&parent=8184"}],"wp:term":[{"taxonomy":"product_cat","embeddable":true,"href":"https:\/\/back.mascotarea.com\/index.php?rest_route=%2Fwp%2Fv2%2Fproduct_cat&post=8184"},{"taxonomy":"product_tag","embeddable":true,"href":"https:\/\/back.mascotarea.com\/index.php?rest_route=%2Fwp%2Fv2%2Fproduct_tag&post=8184"}],"curies":[{"name":"wp","href":"https:\/\/api.w.org\/{rel}","templated":true}]}}