{"id":8276,"date":"2021-03-08T15:38:18","date_gmt":"2021-03-08T15:38:18","guid":{"rendered":"https:\/\/back.mascotarea.com\/producto\/idc-powerharness-size-mini-neon-green\/"},"modified":"2023-07-17T18:09:50","modified_gmt":"2023-07-17T18:09:50","slug":"idc-powerharness-size-mini-neon-green","status":"publish","type":"product","link":"https:\/\/back.mascotarea.com\/?product=idc-powerharness-size-mini-neon-green","title":{"rendered":"Idc\u00ae-Powerharness, Size: Mini, Neon Green"},"content":{"rendered":"","protected":false},"excerpt":{"rendered":"<p>Un arn\u00e9s robusto pero suave y flexible para evitar rozadoras, transpirable e impermeable y con un dise\u00f1o ergon\u00f3mico muy f\u00e1cil de poner mediante correas totalmente ajustables. Materiales resistentes y duraderos de gran calidad con zonas reflectantes para una gran visibilidad durante vuestros paseos nocturnos. Amplia variedad de tallas y colores para que sea el m\u00e1s guapo!<\/p>\n","protected":false},"featured_media":8275,"comment_status":"open","ping_status":"closed","template":"","meta":{"_uag_custom_page_level_css":"","_themeisle_gutenberg_block_has_review":false},"product_cat":[146,159,157],"product_tag":[],"class_list":{"0":"post-8276","1":"product","2":"type-product","3":"status-publish","4":"has-post-thumbnail","6":"product_cat-accesorios-perro","7":"product_cat-arneses-julius-k9","8":"product_cat-arneses-para-perro","10":"first","11":"outofstock","12":"taxable","13":"shipping-taxable","14":"purchasable","15":"product-type-simple","16":"customify-col"},"uagb_featured_image_src":{"full":["https:\/\/back.mascotarea.com\/wp-content\/uploads\/2021\/03\/idc-powerharness-size-mini-neon-green_7147.jpg",800,1000,false],"thumbnail":["https:\/\/back.mascotarea.com\/wp-content\/uploads\/2021\/03\/idc-powerharness-size-mini-neon-green_7147-150x150.jpg",150,150,true],"medium":["https:\/\/back.mascotarea.com\/wp-content\/uploads\/2021\/03\/idc-powerharness-size-mini-neon-green_7147-240x300.jpg",240,300,true],"medium_large":["https:\/\/back.mascotarea.com\/wp-content\/uploads\/2021\/03\/idc-powerharness-size-mini-neon-green_7147-768x960.jpg",768,960,true],"large":["https:\/\/back.mascotarea.com\/wp-content\/uploads\/2021\/03\/idc-powerharness-size-mini-neon-green_7147.jpg",800,1000,false],"1536x1536":["https:\/\/back.mascotarea.com\/wp-content\/uploads\/2021\/03\/idc-powerharness-size-mini-neon-green_7147.jpg",800,1000,false],"2048x2048":["https:\/\/back.mascotarea.com\/wp-content\/uploads\/2021\/03\/idc-powerharness-size-mini-neon-green_7147.jpg",800,1000,false],"woocommerce_thumbnail":["https:\/\/back.mascotarea.com\/wp-content\/uploads\/2021\/03\/idc-powerharness-size-mini-neon-green_7147-200x200.jpg",200,200,true],"woocommerce_single":["https:\/\/back.mascotarea.com\/wp-content\/uploads\/2021\/03\/idc-powerharness-size-mini-neon-green_7147-200x250.jpg",200,250,true],"woocommerce_gallery_thumbnail":["https:\/\/back.mascotarea.com\/wp-content\/uploads\/2021\/03\/idc-powerharness-size-mini-neon-green_7147-100x100.jpg",100,100,true],"dgwt-wcas-product-suggestion":["https:\/\/back.mascotarea.com\/wp-content\/uploads\/2021\/03\/idc-powerharness-size-mini-neon-green_7147-64x80.jpg",64,80,true]},"uagb_author_info":{"display_name":"Roberto","author_link":"https:\/\/back.mascotarea.com\/?author=0"},"uagb_comment_info":0,"uagb_excerpt":"Un arn\u00e9s robusto pero suave y flexible para evitar rozadoras, transpirable e impermeable y con un dise\u00f1o ergon\u00f3mico muy f\u00e1cil de poner mediante correas totalmente ajustables. Materiales resistentes y duraderos de gran calidad con zonas reflectantes para una gran visibilidad durante vuestros paseos nocturnos. Amplia variedad de tallas y colores para que sea el m\u00e1s&hellip;","_links":{"self":[{"href":"https:\/\/back.mascotarea.com\/index.php?rest_route=\/wp\/v2\/product\/8276","targetHints":{"allow":["GET"]}}],"collection":[{"href":"https:\/\/back.mascotarea.com\/index.php?rest_route=\/wp\/v2\/product"}],"about":[{"href":"https:\/\/back.mascotarea.com\/index.php?rest_route=\/wp\/v2\/types\/product"}],"replies":[{"embeddable":true,"href":"https:\/\/back.mascotarea.com\/index.php?rest_route=%2Fwp%2Fv2%2Fcomments&post=8276"}],"wp:featuredmedia":[{"embeddable":true,"href":"https:\/\/back.mascotarea.com\/index.php?rest_route=\/wp\/v2\/media\/8275"}],"wp:attachment":[{"href":"https:\/\/back.mascotarea.com\/index.php?rest_route=%2Fwp%2Fv2%2Fmedia&parent=8276"}],"wp:term":[{"taxonomy":"product_cat","embeddable":true,"href":"https:\/\/back.mascotarea.com\/index.php?rest_route=%2Fwp%2Fv2%2Fproduct_cat&post=8276"},{"taxonomy":"product_tag","embeddable":true,"href":"https:\/\/back.mascotarea.com\/index.php?rest_route=%2Fwp%2Fv2%2Fproduct_tag&post=8276"}],"curies":[{"name":"wp","href":"https:\/\/api.w.org\/{rel}","templated":true}]}}