{"id":8442,"date":"2021-03-16T18:26:25","date_gmt":"2021-03-16T18:26:25","guid":{"rendered":"https:\/\/back.mascotarea.com\/producto\/kong-tails-t-l-grande\/"},"modified":"2023-06-04T06:10:37","modified_gmt":"2023-06-04T06:10:37","slug":"kong-tails-t-l-grande","status":"publish","type":"product","link":"https:\/\/back.mascotarea.com\/?product=kong-tails-t-l-grande","title":{"rendered":"Kong Tails T:L Grande"},"content":{"rendered":"","protected":false},"excerpt":{"rendered":"<p>Kong Tails es un divertido juguete rebotador con cintas para perros que incluye un peque\u00f1o detalle: siempre rebota de forma distinta, gracias a lo cual tu perro tendr\u00e1 que desarrollar verdaderos reflejos para poder atraparlo&#8230; Y de seguro que no desistir\u00e1 en su empe\u00f1o. Sus cintas revoloteando en el viento llamar\u00e1n doblemente la atenci\u00f3n de tu mascota.<\/p>\n","protected":false},"featured_media":8441,"comment_status":"open","ping_status":"closed","template":"","meta":{"_uag_custom_page_level_css":"","_themeisle_gutenberg_block_has_review":false},"product_cat":[181],"product_tag":[],"class_list":{"0":"post-8442","1":"product","2":"type-product","3":"status-publish","4":"has-post-thumbnail","6":"product_cat-juguetes-para-perro","8":"first","9":"outofstock","10":"taxable","11":"shipping-taxable","12":"purchasable","13":"product-type-simple","14":"customify-col"},"uagb_featured_image_src":{"full":["https:\/\/back.mascotarea.com\/wp-content\/uploads\/2021\/03\/kong-tails-t-l-grande_15307.jpg",800,1000,false],"thumbnail":["https:\/\/back.mascotarea.com\/wp-content\/uploads\/2021\/03\/kong-tails-t-l-grande_15307-150x150.jpg",150,150,true],"medium":["https:\/\/back.mascotarea.com\/wp-content\/uploads\/2021\/03\/kong-tails-t-l-grande_15307-240x300.jpg",240,300,true],"medium_large":["https:\/\/back.mascotarea.com\/wp-content\/uploads\/2021\/03\/kong-tails-t-l-grande_15307-768x960.jpg",768,960,true],"large":["https:\/\/back.mascotarea.com\/wp-content\/uploads\/2021\/03\/kong-tails-t-l-grande_15307.jpg",800,1000,false],"1536x1536":["https:\/\/back.mascotarea.com\/wp-content\/uploads\/2021\/03\/kong-tails-t-l-grande_15307.jpg",800,1000,false],"2048x2048":["https:\/\/back.mascotarea.com\/wp-content\/uploads\/2021\/03\/kong-tails-t-l-grande_15307.jpg",800,1000,false],"woocommerce_thumbnail":["https:\/\/back.mascotarea.com\/wp-content\/uploads\/2021\/03\/kong-tails-t-l-grande_15307-200x200.jpg",200,200,true],"woocommerce_single":["https:\/\/back.mascotarea.com\/wp-content\/uploads\/2021\/03\/kong-tails-t-l-grande_15307-200x250.jpg",200,250,true],"woocommerce_gallery_thumbnail":["https:\/\/back.mascotarea.com\/wp-content\/uploads\/2021\/03\/kong-tails-t-l-grande_15307-100x100.jpg",100,100,true],"dgwt-wcas-product-suggestion":["https:\/\/back.mascotarea.com\/wp-content\/uploads\/2021\/03\/kong-tails-t-l-grande_15307-64x80.jpg",64,80,true]},"uagb_author_info":{"display_name":"Roberto","author_link":"https:\/\/back.mascotarea.com\/?author=0"},"uagb_comment_info":0,"uagb_excerpt":"Kong Tails es un divertido juguete rebotador con cintas para perros que incluye un peque\u00f1o detalle: siempre rebota de forma distinta, gracias a lo cual tu perro tendr\u00e1 que desarrollar verdaderos reflejos para poder atraparlo... Y de seguro que no desistir\u00e1 en su empe\u00f1o. Sus cintas revoloteando en el viento llamar\u00e1n doblemente la atenci\u00f3n de&hellip;","_links":{"self":[{"href":"https:\/\/back.mascotarea.com\/index.php?rest_route=\/wp\/v2\/product\/8442","targetHints":{"allow":["GET"]}}],"collection":[{"href":"https:\/\/back.mascotarea.com\/index.php?rest_route=\/wp\/v2\/product"}],"about":[{"href":"https:\/\/back.mascotarea.com\/index.php?rest_route=\/wp\/v2\/types\/product"}],"replies":[{"embeddable":true,"href":"https:\/\/back.mascotarea.com\/index.php?rest_route=%2Fwp%2Fv2%2Fcomments&post=8442"}],"wp:featuredmedia":[{"embeddable":true,"href":"https:\/\/back.mascotarea.com\/index.php?rest_route=\/wp\/v2\/media\/8441"}],"wp:attachment":[{"href":"https:\/\/back.mascotarea.com\/index.php?rest_route=%2Fwp%2Fv2%2Fmedia&parent=8442"}],"wp:term":[{"taxonomy":"product_cat","embeddable":true,"href":"https:\/\/back.mascotarea.com\/index.php?rest_route=%2Fwp%2Fv2%2Fproduct_cat&post=8442"},{"taxonomy":"product_tag","embeddable":true,"href":"https:\/\/back.mascotarea.com\/index.php?rest_route=%2Fwp%2Fv2%2Fproduct_tag&post=8442"}],"curies":[{"name":"wp","href":"https:\/\/api.w.org\/{rel}","templated":true}]}}