{"id":8551,"date":"2021-04-15T13:36:55","date_gmt":"2021-04-15T13:36:55","guid":{"rendered":"https:\/\/back.mascotarea.com\/producto\/jw-pelota-hol-ee-mini-5cm\/"},"modified":"2024-04-25T17:00:00","modified_gmt":"2024-04-25T17:00:00","slug":"jw-pelota-hol-ee-mini-5cm","status":"publish","type":"product","link":"https:\/\/back.mascotarea.com\/?product=jw-pelota-hol-ee-mini-5cm","title":{"rendered":"Jw Pelota Hol-Ee Mini 5cm"},"content":{"rendered":"","protected":false},"excerpt":{"rendered":"<p>La pelota  para perros Hol-ee Roller es una pelota con un dise\u00f1o original perforado tipo panal de abeja.<\/p>\n<p><\/p>\n<p>Este dise\u00f1o encuentra su particularidad en el hecho de que est\u00e1 optimizado para que tu perro pueda agarrarlo f\u00e1cilmente al vuelo.<\/p>\n<p><\/p>\n<p>Adem\u00e1s, debido a su maleabilidad, es ideal para los perros que les encanta  masticar. De hecho, est\u00e1 hecho de una goma natural y no t\u00f3xica, la pelota  Hol-ee Roller es muy resistente.<\/p>\n<p><\/p>\n<p>Adem\u00e1s, gracias a las celdas, puedes deslizar las golosinas para aumentar el inter\u00e9s de tu perro por este juguete \u00fanico.<\/p>\n","protected":false},"featured_media":8550,"comment_status":"open","ping_status":"closed","template":"","meta":{"_uag_custom_page_level_css":"","_themeisle_gutenberg_block_has_review":false},"product_cat":[181],"product_tag":[],"class_list":{"0":"post-8551","1":"product","2":"type-product","3":"status-publish","4":"has-post-thumbnail","6":"product_cat-juguetes-para-perro","8":"first","9":"outofstock","10":"taxable","11":"shipping-taxable","12":"purchasable","13":"product-type-simple","14":"customify-col"},"uagb_featured_image_src":{"full":["https:\/\/back.mascotarea.com\/wp-content\/uploads\/2021\/04\/jw-pelota-hol-ee-mini-5cm_7250.jpg",800,1000,false],"thumbnail":["https:\/\/back.mascotarea.com\/wp-content\/uploads\/2021\/04\/jw-pelota-hol-ee-mini-5cm_7250-150x150.jpg",150,150,true],"medium":["https:\/\/back.mascotarea.com\/wp-content\/uploads\/2021\/04\/jw-pelota-hol-ee-mini-5cm_7250-240x300.jpg",240,300,true],"medium_large":["https:\/\/back.mascotarea.com\/wp-content\/uploads\/2021\/04\/jw-pelota-hol-ee-mini-5cm_7250-768x960.jpg",768,960,true],"large":["https:\/\/back.mascotarea.com\/wp-content\/uploads\/2021\/04\/jw-pelota-hol-ee-mini-5cm_7250.jpg",800,1000,false],"1536x1536":["https:\/\/back.mascotarea.com\/wp-content\/uploads\/2021\/04\/jw-pelota-hol-ee-mini-5cm_7250.jpg",800,1000,false],"2048x2048":["https:\/\/back.mascotarea.com\/wp-content\/uploads\/2021\/04\/jw-pelota-hol-ee-mini-5cm_7250.jpg",800,1000,false],"woocommerce_thumbnail":["https:\/\/back.mascotarea.com\/wp-content\/uploads\/2021\/04\/jw-pelota-hol-ee-mini-5cm_7250-200x200.jpg",200,200,true],"woocommerce_single":["https:\/\/back.mascotarea.com\/wp-content\/uploads\/2021\/04\/jw-pelota-hol-ee-mini-5cm_7250-200x250.jpg",200,250,true],"woocommerce_gallery_thumbnail":["https:\/\/back.mascotarea.com\/wp-content\/uploads\/2021\/04\/jw-pelota-hol-ee-mini-5cm_7250-100x100.jpg",100,100,true],"dgwt-wcas-product-suggestion":["https:\/\/back.mascotarea.com\/wp-content\/uploads\/2021\/04\/jw-pelota-hol-ee-mini-5cm_7250-64x80.jpg",64,80,true]},"uagb_author_info":{"display_name":"Roberto","author_link":"https:\/\/back.mascotarea.com\/?author=0"},"uagb_comment_info":0,"uagb_excerpt":"La pelota para perros Hol-ee Roller es una pelota con un dise\u00f1o original perforado tipo panal de abeja.Este dise\u00f1o encuentra su particularidad en el hecho de que est\u00e1 optimizado para que tu perro pueda agarrarlo f\u00e1cilmente al vuelo.Adem\u00e1s, debido a su maleabilidad, es ideal para los perros que les encanta masticar. De hecho, est\u00e1 hecho&hellip;","_links":{"self":[{"href":"https:\/\/back.mascotarea.com\/index.php?rest_route=\/wp\/v2\/product\/8551","targetHints":{"allow":["GET"]}}],"collection":[{"href":"https:\/\/back.mascotarea.com\/index.php?rest_route=\/wp\/v2\/product"}],"about":[{"href":"https:\/\/back.mascotarea.com\/index.php?rest_route=\/wp\/v2\/types\/product"}],"replies":[{"embeddable":true,"href":"https:\/\/back.mascotarea.com\/index.php?rest_route=%2Fwp%2Fv2%2Fcomments&post=8551"}],"wp:featuredmedia":[{"embeddable":true,"href":"https:\/\/back.mascotarea.com\/index.php?rest_route=\/wp\/v2\/media\/8550"}],"wp:attachment":[{"href":"https:\/\/back.mascotarea.com\/index.php?rest_route=%2Fwp%2Fv2%2Fmedia&parent=8551"}],"wp:term":[{"taxonomy":"product_cat","embeddable":true,"href":"https:\/\/back.mascotarea.com\/index.php?rest_route=%2Fwp%2Fv2%2Fproduct_cat&post=8551"},{"taxonomy":"product_tag","embeddable":true,"href":"https:\/\/back.mascotarea.com\/index.php?rest_route=%2Fwp%2Fv2%2Fproduct_tag&post=8551"}],"curies":[{"name":"wp","href":"https:\/\/api.w.org\/{rel}","templated":true}]}}