{"id":8585,"date":"2021-04-15T17:15:17","date_gmt":"2021-04-15T17:15:17","guid":{"rendered":"https:\/\/back.mascotarea.com\/producto\/kong-rewards-tennis-s\/"},"modified":"2024-04-11T15:26:25","modified_gmt":"2024-04-11T15:26:25","slug":"kong-rewards-tennis-s","status":"publish","type":"product","link":"https:\/\/back.mascotarea.com\/?product=kong-rewards-tennis-s","title":{"rendered":"Kong Rewards Tennis S"},"content":{"rendered":"<p>    Dispensador de alimentos y golosinas.<\/p>\n<p><\/p>\n<p>    Perfecto para el juego activo independiente y tranquilo.<\/p>\n<p><\/p>\n<p>    Rebote impredecible que mantiene a los perros activos<\/p>\n","protected":false},"excerpt":{"rendered":"<p>Kong Rewards Shell es un divertido juguete en forma de pelota que asegura muchos botes. Se caracteriza porque puedes insertar peque\u00f1as golosinas. <\/p>\n<p><\/p>\n<p>El Kong Rewards Pelota de tenis logra dispensar autom\u00e1ticamente las golosinas que puedas poner en el interior, y as\u00ed mejorar la calidad de juego del perro ya que estar\u00e1 a la expectativa de las deliciosas que le puede tocar.<\/p>\n<p><\/p>\n<p>La cubierta exterior de la pelota no es abrasiva, de manera que no afectar\u00e1 a la dentadura del animal.<\/p>\n","protected":false},"featured_media":8584,"comment_status":"open","ping_status":"closed","template":"","meta":{"_uag_custom_page_level_css":"","_themeisle_gutenberg_block_has_review":false},"product_cat":[181],"product_tag":[],"class_list":{"0":"post-8585","1":"product","2":"type-product","3":"status-publish","4":"has-post-thumbnail","6":"product_cat-juguetes-para-perro","8":"first","9":"instock","10":"taxable","11":"shipping-taxable","12":"purchasable","13":"product-type-simple","14":"customify-col"},"uagb_featured_image_src":{"full":["https:\/\/back.mascotarea.com\/wp-content\/uploads\/2021\/04\/kong-rewards-tennis-s_21870.jpg",800,1000,false],"thumbnail":["https:\/\/back.mascotarea.com\/wp-content\/uploads\/2021\/04\/kong-rewards-tennis-s_21870-150x150.jpg",150,150,true],"medium":["https:\/\/back.mascotarea.com\/wp-content\/uploads\/2021\/04\/kong-rewards-tennis-s_21870-240x300.jpg",240,300,true],"medium_large":["https:\/\/back.mascotarea.com\/wp-content\/uploads\/2021\/04\/kong-rewards-tennis-s_21870-768x960.jpg",768,960,true],"large":["https:\/\/back.mascotarea.com\/wp-content\/uploads\/2021\/04\/kong-rewards-tennis-s_21870.jpg",800,1000,false],"1536x1536":["https:\/\/back.mascotarea.com\/wp-content\/uploads\/2021\/04\/kong-rewards-tennis-s_21870.jpg",800,1000,false],"2048x2048":["https:\/\/back.mascotarea.com\/wp-content\/uploads\/2021\/04\/kong-rewards-tennis-s_21870.jpg",800,1000,false],"woocommerce_thumbnail":["https:\/\/back.mascotarea.com\/wp-content\/uploads\/2021\/04\/kong-rewards-tennis-s_21870-200x200.jpg",200,200,true],"woocommerce_single":["https:\/\/back.mascotarea.com\/wp-content\/uploads\/2021\/04\/kong-rewards-tennis-s_21870-200x250.jpg",200,250,true],"woocommerce_gallery_thumbnail":["https:\/\/back.mascotarea.com\/wp-content\/uploads\/2021\/04\/kong-rewards-tennis-s_21870-100x100.jpg",100,100,true],"dgwt-wcas-product-suggestion":["https:\/\/back.mascotarea.com\/wp-content\/uploads\/2021\/04\/kong-rewards-tennis-s_21870-64x80.jpg",64,80,true]},"uagb_author_info":{"display_name":"Roberto","author_link":"https:\/\/back.mascotarea.com\/?author=0"},"uagb_comment_info":0,"uagb_excerpt":"Kong Rewards Shell es un divertido juguete en forma de pelota que asegura muchos botes. Se caracteriza porque puedes insertar peque\u00f1as golosinas. El Kong Rewards Pelota de tenis logra dispensar autom\u00e1ticamente las golosinas que puedas poner en el interior, y as\u00ed mejorar la calidad de juego del perro ya que estar\u00e1 a la expectativa de&hellip;","_links":{"self":[{"href":"https:\/\/back.mascotarea.com\/index.php?rest_route=\/wp\/v2\/product\/8585","targetHints":{"allow":["GET"]}}],"collection":[{"href":"https:\/\/back.mascotarea.com\/index.php?rest_route=\/wp\/v2\/product"}],"about":[{"href":"https:\/\/back.mascotarea.com\/index.php?rest_route=\/wp\/v2\/types\/product"}],"replies":[{"embeddable":true,"href":"https:\/\/back.mascotarea.com\/index.php?rest_route=%2Fwp%2Fv2%2Fcomments&post=8585"}],"wp:featuredmedia":[{"embeddable":true,"href":"https:\/\/back.mascotarea.com\/index.php?rest_route=\/wp\/v2\/media\/8584"}],"wp:attachment":[{"href":"https:\/\/back.mascotarea.com\/index.php?rest_route=%2Fwp%2Fv2%2Fmedia&parent=8585"}],"wp:term":[{"taxonomy":"product_cat","embeddable":true,"href":"https:\/\/back.mascotarea.com\/index.php?rest_route=%2Fwp%2Fv2%2Fproduct_cat&post=8585"},{"taxonomy":"product_tag","embeddable":true,"href":"https:\/\/back.mascotarea.com\/index.php?rest_route=%2Fwp%2Fv2%2Fproduct_tag&post=8585"}],"curies":[{"name":"wp","href":"https:\/\/api.w.org\/{rel}","templated":true}]}}