{"id":8589,"date":"2021-04-15T17:15:24","date_gmt":"2021-04-15T17:15:24","guid":{"rendered":"https:\/\/back.mascotarea.com\/producto\/juguete-para-perros-kong-chewstix-hueso\/"},"modified":"2023-06-04T06:10:46","modified_gmt":"2023-06-04T06:10:46","slug":"juguete-para-perros-kong-chewstix-hueso","status":"publish","type":"product","link":"https:\/\/back.mascotarea.com\/?product=juguete-para-perros-kong-chewstix-hueso","title":{"rendered":"Juguete Para Perros Kong Chewstix Hueso"},"content":{"rendered":"<p>Contiene madera real que proporciona una soluci\u00f3n m\u00e1s segura para masticar.<\/p>\n<p>El aroma del tocino recompensa el comportamiento masticatorio apropiado.<\/p>\n<p>Se desmenuza cuando se mastican para aumentar el compromiso y la seguridad.<\/p>\n<p>Los surcos atraen y entretienen mientras se limpian los dientes y las enc\u00edas.<\/p>\n<p>Bordes redondeados para mayor seguridad.<\/p>\n<p>Construido con materiales duraderos.<\/p>\n","protected":false},"excerpt":{"rendered":"<p>KONG ChewSti es un juguete que contiene madera real, asegur\u00e1ndose de que deleita a los perros que aman perseguir y masticar palos, mientras que proporciona una soluci\u00f3n m\u00e1s segura para masticar. Los KONG ChewStix tambi\u00e9n tienen un aroma a tocino que atrae y recompensa el comportamiento masticatorio apropiado.<\/p>\n<p><\/p>\n<p>Mientras los perros lo mastican, el juguete se desmenuza de forma natural en lugar de astillarse. Est\u00e1 construido para ser muy duradero. Los bordes redondos hacen que los perros se entretengan mientras que aumentan la seguridad del juguete y ayudan a limpiar los dientes y las enc\u00edas.<\/p>\n","protected":false},"featured_media":8588,"comment_status":"open","ping_status":"closed","template":"","meta":{"_uag_custom_page_level_css":"","_themeisle_gutenberg_block_has_review":false},"product_cat":[181],"product_tag":[],"class_list":{"0":"post-8589","1":"product","2":"type-product","3":"status-publish","4":"has-post-thumbnail","6":"product_cat-juguetes-para-perro","8":"first","9":"outofstock","10":"taxable","11":"shipping-taxable","12":"purchasable","13":"product-type-simple","14":"customify-col"},"uagb_featured_image_src":{"full":["https:\/\/back.mascotarea.com\/wp-content\/uploads\/2021\/04\/juguete-para-perros-kong-chewstix-hueso_17335.jpg",800,1000,false],"thumbnail":["https:\/\/back.mascotarea.com\/wp-content\/uploads\/2021\/04\/juguete-para-perros-kong-chewstix-hueso_17335-150x150.jpg",150,150,true],"medium":["https:\/\/back.mascotarea.com\/wp-content\/uploads\/2021\/04\/juguete-para-perros-kong-chewstix-hueso_17335-240x300.jpg",240,300,true],"medium_large":["https:\/\/back.mascotarea.com\/wp-content\/uploads\/2021\/04\/juguete-para-perros-kong-chewstix-hueso_17335-768x960.jpg",768,960,true],"large":["https:\/\/back.mascotarea.com\/wp-content\/uploads\/2021\/04\/juguete-para-perros-kong-chewstix-hueso_17335.jpg",800,1000,false],"1536x1536":["https:\/\/back.mascotarea.com\/wp-content\/uploads\/2021\/04\/juguete-para-perros-kong-chewstix-hueso_17335.jpg",800,1000,false],"2048x2048":["https:\/\/back.mascotarea.com\/wp-content\/uploads\/2021\/04\/juguete-para-perros-kong-chewstix-hueso_17335.jpg",800,1000,false],"woocommerce_thumbnail":["https:\/\/back.mascotarea.com\/wp-content\/uploads\/2021\/04\/juguete-para-perros-kong-chewstix-hueso_17335-200x200.jpg",200,200,true],"woocommerce_single":["https:\/\/back.mascotarea.com\/wp-content\/uploads\/2021\/04\/juguete-para-perros-kong-chewstix-hueso_17335-200x250.jpg",200,250,true],"woocommerce_gallery_thumbnail":["https:\/\/back.mascotarea.com\/wp-content\/uploads\/2021\/04\/juguete-para-perros-kong-chewstix-hueso_17335-100x100.jpg",100,100,true],"dgwt-wcas-product-suggestion":["https:\/\/back.mascotarea.com\/wp-content\/uploads\/2021\/04\/juguete-para-perros-kong-chewstix-hueso_17335-64x80.jpg",64,80,true]},"uagb_author_info":{"display_name":"Roberto","author_link":"https:\/\/back.mascotarea.com\/?author=0"},"uagb_comment_info":0,"uagb_excerpt":"KONG ChewSti es un juguete que contiene madera real, asegur\u00e1ndose de que deleita a los perros que aman perseguir y masticar palos, mientras que proporciona una soluci\u00f3n m\u00e1s segura para masticar. Los KONG ChewStix tambi\u00e9n tienen un aroma a tocino que atrae y recompensa el comportamiento masticatorio apropiado.Mientras los perros lo mastican, el juguete se&hellip;","_links":{"self":[{"href":"https:\/\/back.mascotarea.com\/index.php?rest_route=\/wp\/v2\/product\/8589","targetHints":{"allow":["GET"]}}],"collection":[{"href":"https:\/\/back.mascotarea.com\/index.php?rest_route=\/wp\/v2\/product"}],"about":[{"href":"https:\/\/back.mascotarea.com\/index.php?rest_route=\/wp\/v2\/types\/product"}],"replies":[{"embeddable":true,"href":"https:\/\/back.mascotarea.com\/index.php?rest_route=%2Fwp%2Fv2%2Fcomments&post=8589"}],"wp:featuredmedia":[{"embeddable":true,"href":"https:\/\/back.mascotarea.com\/index.php?rest_route=\/wp\/v2\/media\/8588"}],"wp:attachment":[{"href":"https:\/\/back.mascotarea.com\/index.php?rest_route=%2Fwp%2Fv2%2Fmedia&parent=8589"}],"wp:term":[{"taxonomy":"product_cat","embeddable":true,"href":"https:\/\/back.mascotarea.com\/index.php?rest_route=%2Fwp%2Fv2%2Fproduct_cat&post=8589"},{"taxonomy":"product_tag","embeddable":true,"href":"https:\/\/back.mascotarea.com\/index.php?rest_route=%2Fwp%2Fv2%2Fproduct_tag&post=8589"}],"curies":[{"name":"wp","href":"https:\/\/api.w.org\/{rel}","templated":true}]}}