{"id":8641,"date":"2021-04-21T14:16:01","date_gmt":"2021-04-21T14:16:01","guid":{"rendered":"https:\/\/back.mascotarea.com\/producto\/kong-bounzer-ultra-large\/"},"modified":"2023-06-04T06:10:48","modified_gmt":"2023-06-04T06:10:48","slug":"kong-bounzer-ultra-large","status":"publish","type":"product","link":"https:\/\/back.mascotarea.com\/?product=kong-bounzer-ultra-large","title":{"rendered":"Kong Bounzer Ultra Large"},"content":{"rendered":"","protected":false},"excerpt":{"rendered":"<p>El KONG Ultra Bounzer est\u00e1 dise\u00f1ado exclusivamente para satisfacer las necesidades de los perros que nunca se cansan de jugar al juego de arrojar y buscar. El Ultra Bounzer est\u00e1 fabricado con material resistenteque brinda una mayor duraci\u00f3n, mientras que la cl\u00e1sica forma de KONG crea un rebote impredecible. El KONG Ultra Bounzer se comprime y recupera su forma original una y otra vez mientras el perro juega, juguete ideal para divertirse de manera independiente. El mango superior tambi\u00e9n facilita el juego interactivo de arrastrar y lanzar.<\/p>\n","protected":false},"featured_media":8640,"comment_status":"open","ping_status":"closed","template":"","meta":{"_uag_custom_page_level_css":"","_themeisle_gutenberg_block_has_review":false},"product_cat":[181],"product_tag":[],"class_list":{"0":"post-8641","1":"product","2":"type-product","3":"status-publish","4":"has-post-thumbnail","6":"product_cat-juguetes-para-perro","8":"first","9":"outofstock","10":"taxable","11":"shipping-taxable","12":"purchasable","13":"product-type-simple","14":"customify-col"},"uagb_featured_image_src":{"full":["https:\/\/back.mascotarea.com\/wp-content\/uploads\/2021\/04\/kong-bounzer-ultra-large_22709.jpg",800,1000,false],"thumbnail":["https:\/\/back.mascotarea.com\/wp-content\/uploads\/2021\/04\/kong-bounzer-ultra-large_22709-150x150.jpg",150,150,true],"medium":["https:\/\/back.mascotarea.com\/wp-content\/uploads\/2021\/04\/kong-bounzer-ultra-large_22709-240x300.jpg",240,300,true],"medium_large":["https:\/\/back.mascotarea.com\/wp-content\/uploads\/2021\/04\/kong-bounzer-ultra-large_22709-768x960.jpg",768,960,true],"large":["https:\/\/back.mascotarea.com\/wp-content\/uploads\/2021\/04\/kong-bounzer-ultra-large_22709.jpg",800,1000,false],"1536x1536":["https:\/\/back.mascotarea.com\/wp-content\/uploads\/2021\/04\/kong-bounzer-ultra-large_22709.jpg",800,1000,false],"2048x2048":["https:\/\/back.mascotarea.com\/wp-content\/uploads\/2021\/04\/kong-bounzer-ultra-large_22709.jpg",800,1000,false],"woocommerce_thumbnail":["https:\/\/back.mascotarea.com\/wp-content\/uploads\/2021\/04\/kong-bounzer-ultra-large_22709-200x200.jpg",200,200,true],"woocommerce_single":["https:\/\/back.mascotarea.com\/wp-content\/uploads\/2021\/04\/kong-bounzer-ultra-large_22709-200x250.jpg",200,250,true],"woocommerce_gallery_thumbnail":["https:\/\/back.mascotarea.com\/wp-content\/uploads\/2021\/04\/kong-bounzer-ultra-large_22709-100x100.jpg",100,100,true],"dgwt-wcas-product-suggestion":["https:\/\/back.mascotarea.com\/wp-content\/uploads\/2021\/04\/kong-bounzer-ultra-large_22709-64x80.jpg",64,80,true]},"uagb_author_info":{"display_name":"Roberto","author_link":"https:\/\/back.mascotarea.com\/?author=0"},"uagb_comment_info":0,"uagb_excerpt":"El KONG Ultra Bounzer est\u00e1 dise\u00f1ado exclusivamente para satisfacer las necesidades de los perros que nunca se cansan de jugar al juego de arrojar y buscar. El Ultra Bounzer est\u00e1 fabricado con material resistenteque brinda una mayor duraci\u00f3n, mientras que la cl\u00e1sica forma de KONG crea un rebote impredecible. El KONG Ultra Bounzer se comprime&hellip;","_links":{"self":[{"href":"https:\/\/back.mascotarea.com\/index.php?rest_route=\/wp\/v2\/product\/8641","targetHints":{"allow":["GET"]}}],"collection":[{"href":"https:\/\/back.mascotarea.com\/index.php?rest_route=\/wp\/v2\/product"}],"about":[{"href":"https:\/\/back.mascotarea.com\/index.php?rest_route=\/wp\/v2\/types\/product"}],"replies":[{"embeddable":true,"href":"https:\/\/back.mascotarea.com\/index.php?rest_route=%2Fwp%2Fv2%2Fcomments&post=8641"}],"wp:featuredmedia":[{"embeddable":true,"href":"https:\/\/back.mascotarea.com\/index.php?rest_route=\/wp\/v2\/media\/8640"}],"wp:attachment":[{"href":"https:\/\/back.mascotarea.com\/index.php?rest_route=%2Fwp%2Fv2%2Fmedia&parent=8641"}],"wp:term":[{"taxonomy":"product_cat","embeddable":true,"href":"https:\/\/back.mascotarea.com\/index.php?rest_route=%2Fwp%2Fv2%2Fproduct_cat&post=8641"},{"taxonomy":"product_tag","embeddable":true,"href":"https:\/\/back.mascotarea.com\/index.php?rest_route=%2Fwp%2Fv2%2Fproduct_tag&post=8641"}],"curies":[{"name":"wp","href":"https:\/\/api.w.org\/{rel}","templated":true}]}}