{"id":8671,"date":"2021-04-21T14:52:30","date_gmt":"2021-04-21T14:52:30","guid":{"rendered":"https:\/\/back.mascotarea.com\/producto\/dog-activity-snack-roll-6-5x14-cm-niv-1\/"},"modified":"2023-12-23T15:19:40","modified_gmt":"2023-12-23T15:19:40","slug":"dog-activity-snack-roll-6-5x14-cm-niv-1","status":"publish","type":"product","link":"https:\/\/back.mascotarea.com\/?product=dog-activity-snack-roll-6-5x14-cm-niv-1","title":{"rendered":"Dog Activity Snack Roll, \u00f86\/\u00f85&#215;14 Cm, Niv.1"},"content":{"rendered":"","protected":false},"excerpt":{"rendered":"<p>Como juguete nos ayuda a mejorar el v\u00ednculo con nuestro compa\u00f1ero, adem\u00e1s de activar sus procesos mentales y reducir el estr\u00e9s y el aburrimiento que es uno de los principales causantes de comportamientos no deseados.<\/p>\n<p><\/p>\n<p>Caracter\u00edsticas:<\/p>\n<p><\/p>\n<p>    Revestimiento de caucho.<\/p>\n<p>    Interior con laberinto de pl\u00e1stico para dificultar la salida de los snacks de Premio.<\/p>\n<p>    Desmontable para facilitar la limpieza y la introducci\u00f3n de los snacks de Premio.<\/p>\n<p><\/p>\n","protected":false},"featured_media":8670,"comment_status":"open","ping_status":"closed","template":"","meta":{"_uag_custom_page_level_css":"","_themeisle_gutenberg_block_has_review":false},"product_cat":[181],"product_tag":[],"class_list":{"0":"post-8671","1":"product","2":"type-product","3":"status-publish","4":"has-post-thumbnail","6":"product_cat-juguetes-para-perro","8":"first","9":"instock","10":"taxable","11":"shipping-taxable","12":"purchasable","13":"product-type-simple","14":"customify-col"},"uagb_featured_image_src":{"full":["https:\/\/back.mascotarea.com\/wp-content\/uploads\/2021\/04\/dog-activity-snack-roll-6-5x14-cm-niv-1_10222.jpg",800,1000,false],"thumbnail":["https:\/\/back.mascotarea.com\/wp-content\/uploads\/2021\/04\/dog-activity-snack-roll-6-5x14-cm-niv-1_10222-150x150.jpg",150,150,true],"medium":["https:\/\/back.mascotarea.com\/wp-content\/uploads\/2021\/04\/dog-activity-snack-roll-6-5x14-cm-niv-1_10222-240x300.jpg",240,300,true],"medium_large":["https:\/\/back.mascotarea.com\/wp-content\/uploads\/2021\/04\/dog-activity-snack-roll-6-5x14-cm-niv-1_10222-768x960.jpg",768,960,true],"large":["https:\/\/back.mascotarea.com\/wp-content\/uploads\/2021\/04\/dog-activity-snack-roll-6-5x14-cm-niv-1_10222.jpg",800,1000,false],"1536x1536":["https:\/\/back.mascotarea.com\/wp-content\/uploads\/2021\/04\/dog-activity-snack-roll-6-5x14-cm-niv-1_10222.jpg",800,1000,false],"2048x2048":["https:\/\/back.mascotarea.com\/wp-content\/uploads\/2021\/04\/dog-activity-snack-roll-6-5x14-cm-niv-1_10222.jpg",800,1000,false],"woocommerce_thumbnail":["https:\/\/back.mascotarea.com\/wp-content\/uploads\/2021\/04\/dog-activity-snack-roll-6-5x14-cm-niv-1_10222-200x200.jpg",200,200,true],"woocommerce_single":["https:\/\/back.mascotarea.com\/wp-content\/uploads\/2021\/04\/dog-activity-snack-roll-6-5x14-cm-niv-1_10222-200x250.jpg",200,250,true],"woocommerce_gallery_thumbnail":["https:\/\/back.mascotarea.com\/wp-content\/uploads\/2021\/04\/dog-activity-snack-roll-6-5x14-cm-niv-1_10222-100x100.jpg",100,100,true],"dgwt-wcas-product-suggestion":["https:\/\/back.mascotarea.com\/wp-content\/uploads\/2021\/04\/dog-activity-snack-roll-6-5x14-cm-niv-1_10222-64x80.jpg",64,80,true]},"uagb_author_info":{"display_name":"Roberto","author_link":"https:\/\/back.mascotarea.com\/?author=0"},"uagb_comment_info":0,"uagb_excerpt":"Como juguete nos ayuda a mejorar el v\u00ednculo con nuestro compa\u00f1ero, adem\u00e1s de activar sus procesos mentales y reducir el estr\u00e9s y el aburrimiento que es uno de los principales causantes de comportamientos no deseados.Caracter\u00edsticas: Revestimiento de caucho. Interior con laberinto de pl\u00e1stico para dificultar la salida de los snacks de Premio. Desmontable para facilitar&hellip;","_links":{"self":[{"href":"https:\/\/back.mascotarea.com\/index.php?rest_route=\/wp\/v2\/product\/8671","targetHints":{"allow":["GET"]}}],"collection":[{"href":"https:\/\/back.mascotarea.com\/index.php?rest_route=\/wp\/v2\/product"}],"about":[{"href":"https:\/\/back.mascotarea.com\/index.php?rest_route=\/wp\/v2\/types\/product"}],"replies":[{"embeddable":true,"href":"https:\/\/back.mascotarea.com\/index.php?rest_route=%2Fwp%2Fv2%2Fcomments&post=8671"}],"wp:featuredmedia":[{"embeddable":true,"href":"https:\/\/back.mascotarea.com\/index.php?rest_route=\/wp\/v2\/media\/8670"}],"wp:attachment":[{"href":"https:\/\/back.mascotarea.com\/index.php?rest_route=%2Fwp%2Fv2%2Fmedia&parent=8671"}],"wp:term":[{"taxonomy":"product_cat","embeddable":true,"href":"https:\/\/back.mascotarea.com\/index.php?rest_route=%2Fwp%2Fv2%2Fproduct_cat&post=8671"},{"taxonomy":"product_tag","embeddable":true,"href":"https:\/\/back.mascotarea.com\/index.php?rest_route=%2Fwp%2Fv2%2Fproduct_tag&post=8671"}],"curies":[{"name":"wp","href":"https:\/\/api.w.org\/{rel}","templated":true}]}}