{"id":8690,"date":"2021-04-28T16:13:29","date_gmt":"2021-04-28T16:13:29","guid":{"rendered":"https:\/\/back.mascotarea.com\/producto\/dental-toy-estrella\/"},"modified":"2024-06-17T11:26:08","modified_gmt":"2024-06-17T11:26:08","slug":"dental-toy-estrella","status":"publish","type":"product","link":"https:\/\/back.mascotarea.com\/?product=dental-toy-estrella","title":{"rendered":"Dental Toy Estrella"},"content":{"rendered":"","protected":false},"excerpt":{"rendered":"<p>100% vegetal natural Dental Juguete de pepino. Limpia los dientes y mantiene las enc\u00edas saludables mientras se divierten! Espec\u00edficamente dise\u00f1ado para ser roto y &#8216;destrozado&#8217;. A los perros les encanta! Es seguro y f\u00e1cil de asimilar si se ingiere, pero no una merienda.<\/p>\n","protected":false},"featured_media":8689,"comment_status":"open","ping_status":"closed","template":"","meta":{"_uag_custom_page_level_css":"","_themeisle_gutenberg_block_has_review":false},"product_cat":[181],"product_tag":[],"class_list":{"0":"post-8690","1":"product","2":"type-product","3":"status-publish","4":"has-post-thumbnail","6":"product_cat-juguetes-para-perro","8":"first","9":"outofstock","10":"taxable","11":"shipping-taxable","12":"purchasable","13":"product-type-simple","14":"customify-col"},"uagb_featured_image_src":{"full":["https:\/\/back.mascotarea.com\/wp-content\/uploads\/2021\/04\/dental-toy-estrella_14199.jpg",800,1000,false],"thumbnail":["https:\/\/back.mascotarea.com\/wp-content\/uploads\/2021\/04\/dental-toy-estrella_14199-150x150.jpg",150,150,true],"medium":["https:\/\/back.mascotarea.com\/wp-content\/uploads\/2021\/04\/dental-toy-estrella_14199-240x300.jpg",240,300,true],"medium_large":["https:\/\/back.mascotarea.com\/wp-content\/uploads\/2021\/04\/dental-toy-estrella_14199-768x960.jpg",768,960,true],"large":["https:\/\/back.mascotarea.com\/wp-content\/uploads\/2021\/04\/dental-toy-estrella_14199.jpg",800,1000,false],"1536x1536":["https:\/\/back.mascotarea.com\/wp-content\/uploads\/2021\/04\/dental-toy-estrella_14199.jpg",800,1000,false],"2048x2048":["https:\/\/back.mascotarea.com\/wp-content\/uploads\/2021\/04\/dental-toy-estrella_14199.jpg",800,1000,false],"woocommerce_thumbnail":["https:\/\/back.mascotarea.com\/wp-content\/uploads\/2021\/04\/dental-toy-estrella_14199-200x200.jpg",200,200,true],"woocommerce_single":["https:\/\/back.mascotarea.com\/wp-content\/uploads\/2021\/04\/dental-toy-estrella_14199-200x250.jpg",200,250,true],"woocommerce_gallery_thumbnail":["https:\/\/back.mascotarea.com\/wp-content\/uploads\/2021\/04\/dental-toy-estrella_14199-100x100.jpg",100,100,true],"dgwt-wcas-product-suggestion":["https:\/\/back.mascotarea.com\/wp-content\/uploads\/2021\/04\/dental-toy-estrella_14199-64x80.jpg",64,80,true]},"uagb_author_info":{"display_name":"Roberto","author_link":"https:\/\/back.mascotarea.com\/?author=0"},"uagb_comment_info":0,"uagb_excerpt":"100% vegetal natural Dental Juguete de pepino. Limpia los dientes y mantiene las enc\u00edas saludables mientras se divierten! Espec\u00edficamente dise\u00f1ado para ser roto y 'destrozado'. A los perros les encanta! Es seguro y f\u00e1cil de asimilar si se ingiere, pero no una merienda.","_links":{"self":[{"href":"https:\/\/back.mascotarea.com\/index.php?rest_route=\/wp\/v2\/product\/8690","targetHints":{"allow":["GET"]}}],"collection":[{"href":"https:\/\/back.mascotarea.com\/index.php?rest_route=\/wp\/v2\/product"}],"about":[{"href":"https:\/\/back.mascotarea.com\/index.php?rest_route=\/wp\/v2\/types\/product"}],"replies":[{"embeddable":true,"href":"https:\/\/back.mascotarea.com\/index.php?rest_route=%2Fwp%2Fv2%2Fcomments&post=8690"}],"wp:featuredmedia":[{"embeddable":true,"href":"https:\/\/back.mascotarea.com\/index.php?rest_route=\/wp\/v2\/media\/8689"}],"wp:attachment":[{"href":"https:\/\/back.mascotarea.com\/index.php?rest_route=%2Fwp%2Fv2%2Fmedia&parent=8690"}],"wp:term":[{"taxonomy":"product_cat","embeddable":true,"href":"https:\/\/back.mascotarea.com\/index.php?rest_route=%2Fwp%2Fv2%2Fproduct_cat&post=8690"},{"taxonomy":"product_tag","embeddable":true,"href":"https:\/\/back.mascotarea.com\/index.php?rest_route=%2Fwp%2Fv2%2Fproduct_tag&post=8690"}],"curies":[{"name":"wp","href":"https:\/\/api.w.org\/{rel}","templated":true}]}}