{"id":8766,"date":"2021-04-30T16:39:41","date_gmt":"2021-04-30T16:39:41","guid":{"rendered":"https:\/\/back.mascotarea.com\/producto\/pelota-nudo-multicolor-10-cm\/"},"modified":"2024-06-06T11:25:34","modified_gmt":"2024-06-06T11:25:34","slug":"pelota-nudo-multicolor-10-cm","status":"publish","type":"product","link":"https:\/\/back.mascotarea.com\/?product=pelota-nudo-multicolor-10-cm","title":{"rendered":"Pelota Nudo Multicolor, \u00f810 Cm"},"content":{"rendered":"","protected":false},"excerpt":{"rendered":"<p>Pelota nudo multicolor, \u00f8 10 cm Esta pelota es ideal para los juegos de recuperaci\u00f3n y los perros activos a los que les gusta cazar su juguete. <\/p>\n","protected":false},"featured_media":8765,"comment_status":"open","ping_status":"closed","template":"","meta":{"_uag_custom_page_level_css":"","_themeisle_gutenberg_block_has_review":false},"product_cat":[181],"product_tag":[],"class_list":{"0":"post-8766","1":"product","2":"type-product","3":"status-publish","4":"has-post-thumbnail","6":"product_cat-juguetes-para-perro","8":"first","9":"instock","10":"taxable","11":"shipping-taxable","12":"purchasable","13":"product-type-simple","14":"customify-col"},"uagb_featured_image_src":{"full":["https:\/\/back.mascotarea.com\/wp-content\/uploads\/2021\/04\/pelota-nudo-multicolor-10-cm_5177.jpg",800,1000,false],"thumbnail":["https:\/\/back.mascotarea.com\/wp-content\/uploads\/2021\/04\/pelota-nudo-multicolor-10-cm_5177-150x150.jpg",150,150,true],"medium":["https:\/\/back.mascotarea.com\/wp-content\/uploads\/2021\/04\/pelota-nudo-multicolor-10-cm_5177-240x300.jpg",240,300,true],"medium_large":["https:\/\/back.mascotarea.com\/wp-content\/uploads\/2021\/04\/pelota-nudo-multicolor-10-cm_5177-768x960.jpg",768,960,true],"large":["https:\/\/back.mascotarea.com\/wp-content\/uploads\/2021\/04\/pelota-nudo-multicolor-10-cm_5177.jpg",800,1000,false],"1536x1536":["https:\/\/back.mascotarea.com\/wp-content\/uploads\/2021\/04\/pelota-nudo-multicolor-10-cm_5177.jpg",800,1000,false],"2048x2048":["https:\/\/back.mascotarea.com\/wp-content\/uploads\/2021\/04\/pelota-nudo-multicolor-10-cm_5177.jpg",800,1000,false],"woocommerce_thumbnail":["https:\/\/back.mascotarea.com\/wp-content\/uploads\/2021\/04\/pelota-nudo-multicolor-10-cm_5177-200x200.jpg",200,200,true],"woocommerce_single":["https:\/\/back.mascotarea.com\/wp-content\/uploads\/2021\/04\/pelota-nudo-multicolor-10-cm_5177-200x250.jpg",200,250,true],"woocommerce_gallery_thumbnail":["https:\/\/back.mascotarea.com\/wp-content\/uploads\/2021\/04\/pelota-nudo-multicolor-10-cm_5177-100x100.jpg",100,100,true],"dgwt-wcas-product-suggestion":["https:\/\/back.mascotarea.com\/wp-content\/uploads\/2021\/04\/pelota-nudo-multicolor-10-cm_5177-64x80.jpg",64,80,true]},"uagb_author_info":{"display_name":"Roberto","author_link":"https:\/\/back.mascotarea.com\/?author=0"},"uagb_comment_info":0,"uagb_excerpt":"Pelota nudo multicolor, \u00f8 10 cm Esta pelota es ideal para los juegos de recuperaci\u00f3n y los perros activos a los que les gusta cazar su juguete.","_links":{"self":[{"href":"https:\/\/back.mascotarea.com\/index.php?rest_route=\/wp\/v2\/product\/8766","targetHints":{"allow":["GET"]}}],"collection":[{"href":"https:\/\/back.mascotarea.com\/index.php?rest_route=\/wp\/v2\/product"}],"about":[{"href":"https:\/\/back.mascotarea.com\/index.php?rest_route=\/wp\/v2\/types\/product"}],"replies":[{"embeddable":true,"href":"https:\/\/back.mascotarea.com\/index.php?rest_route=%2Fwp%2Fv2%2Fcomments&post=8766"}],"wp:featuredmedia":[{"embeddable":true,"href":"https:\/\/back.mascotarea.com\/index.php?rest_route=\/wp\/v2\/media\/8765"}],"wp:attachment":[{"href":"https:\/\/back.mascotarea.com\/index.php?rest_route=%2Fwp%2Fv2%2Fmedia&parent=8766"}],"wp:term":[{"taxonomy":"product_cat","embeddable":true,"href":"https:\/\/back.mascotarea.com\/index.php?rest_route=%2Fwp%2Fv2%2Fproduct_cat&post=8766"},{"taxonomy":"product_tag","embeddable":true,"href":"https:\/\/back.mascotarea.com\/index.php?rest_route=%2Fwp%2Fv2%2Fproduct_tag&post=8766"}],"curies":[{"name":"wp","href":"https:\/\/api.w.org\/{rel}","templated":true}]}}