{"id":8811,"date":"2021-05-05T14:06:00","date_gmt":"2021-05-05T14:06:00","guid":{"rendered":"https:\/\/back.mascotarea.com\/producto\/rosewood-biosafe-sandia-20-cm\/"},"modified":"2023-06-04T06:10:59","modified_gmt":"2023-06-04T06:10:59","slug":"rosewood-biosafe-sandia-20-cm","status":"publish","type":"product","link":"https:\/\/back.mascotarea.com\/?product=rosewood-biosafe-sandia-20-cm","title":{"rendered":"Rosewood Biosafe Sand\u00eda 20 Cm"},"content":{"rendered":"","protected":false},"excerpt":{"rendered":"<p>\u2022 Juguete inteligente para perros. Con protecci\u00f3n BioCote. Un juguete m\u00e1s higi\u00e9nico para tu mascota y tu familia.<\/p>\n<p><\/p>\n<p>\u2022 BioCote es una tecnolog\u00eda antimicrobiana. Un antimicrobiano es algo que impide el crecimiento y la supervivencia de los microbios, incluidas las bacterias, el moho y los hongos.<\/p>\n<p><\/p>\n<p>\u2022 Niveles m\u00e1s bajos de bacterias suponen una mejor higiene, menos manchas y olores y la degradaci\u00f3n prematura de los materiales. Por lo tanto, la tecnolog\u00eda BioCote har\u00e1 que este producto sea m\u00e1s higi\u00e9nico, lo mantendr\u00e1 fresco por m\u00e1s tiempo y extender\u00e1 su vida \u00fatil.<\/p>\n<p><\/p>\n<p>\u2022 Masajea las enc\u00edas y reduce la acumulaci\u00f3n de placa y sarro. Elaborado a partir de pl\u00e1sticos duros pero suaves, con aroma a fruta. \u00a1Y flota!<\/p>\n<p><\/p>\n<p>\u2022 Puede llenarse con agua y meterse en el congelador.<\/p>\n","protected":false},"featured_media":8810,"comment_status":"open","ping_status":"closed","template":"","meta":{"_uag_custom_page_level_css":"","_themeisle_gutenberg_block_has_review":false},"product_cat":[181],"product_tag":[],"class_list":{"0":"post-8811","1":"product","2":"type-product","3":"status-publish","4":"has-post-thumbnail","6":"product_cat-juguetes-para-perro","8":"first","9":"outofstock","10":"taxable","11":"shipping-taxable","12":"purchasable","13":"product-type-simple","14":"customify-col"},"uagb_featured_image_src":{"full":["https:\/\/back.mascotarea.com\/wp-content\/uploads\/2021\/05\/rosewood-biosafe-sandia-20-cm_26320.jpg",800,1000,false],"thumbnail":["https:\/\/back.mascotarea.com\/wp-content\/uploads\/2021\/05\/rosewood-biosafe-sandia-20-cm_26320-150x150.jpg",150,150,true],"medium":["https:\/\/back.mascotarea.com\/wp-content\/uploads\/2021\/05\/rosewood-biosafe-sandia-20-cm_26320-240x300.jpg",240,300,true],"medium_large":["https:\/\/back.mascotarea.com\/wp-content\/uploads\/2021\/05\/rosewood-biosafe-sandia-20-cm_26320-768x960.jpg",768,960,true],"large":["https:\/\/back.mascotarea.com\/wp-content\/uploads\/2021\/05\/rosewood-biosafe-sandia-20-cm_26320.jpg",800,1000,false],"1536x1536":["https:\/\/back.mascotarea.com\/wp-content\/uploads\/2021\/05\/rosewood-biosafe-sandia-20-cm_26320.jpg",800,1000,false],"2048x2048":["https:\/\/back.mascotarea.com\/wp-content\/uploads\/2021\/05\/rosewood-biosafe-sandia-20-cm_26320.jpg",800,1000,false],"woocommerce_thumbnail":["https:\/\/back.mascotarea.com\/wp-content\/uploads\/2021\/05\/rosewood-biosafe-sandia-20-cm_26320-200x200.jpg",200,200,true],"woocommerce_single":["https:\/\/back.mascotarea.com\/wp-content\/uploads\/2021\/05\/rosewood-biosafe-sandia-20-cm_26320-200x250.jpg",200,250,true],"woocommerce_gallery_thumbnail":["https:\/\/back.mascotarea.com\/wp-content\/uploads\/2021\/05\/rosewood-biosafe-sandia-20-cm_26320-100x100.jpg",100,100,true],"dgwt-wcas-product-suggestion":["https:\/\/back.mascotarea.com\/wp-content\/uploads\/2021\/05\/rosewood-biosafe-sandia-20-cm_26320-64x80.jpg",64,80,true]},"uagb_author_info":{"display_name":"Roberto","author_link":"https:\/\/back.mascotarea.com\/?author=0"},"uagb_comment_info":0,"uagb_excerpt":"\u2022 Juguete inteligente para perros. Con protecci\u00f3n BioCote. Un juguete m\u00e1s higi\u00e9nico para tu mascota y tu familia.\u2022 BioCote es una tecnolog\u00eda antimicrobiana. Un antimicrobiano es algo que impide el crecimiento y la supervivencia de los microbios, incluidas las bacterias, el moho y los hongos.\u2022 Niveles m\u00e1s bajos de bacterias suponen una mejor higiene, menos&hellip;","_links":{"self":[{"href":"https:\/\/back.mascotarea.com\/index.php?rest_route=\/wp\/v2\/product\/8811","targetHints":{"allow":["GET"]}}],"collection":[{"href":"https:\/\/back.mascotarea.com\/index.php?rest_route=\/wp\/v2\/product"}],"about":[{"href":"https:\/\/back.mascotarea.com\/index.php?rest_route=\/wp\/v2\/types\/product"}],"replies":[{"embeddable":true,"href":"https:\/\/back.mascotarea.com\/index.php?rest_route=%2Fwp%2Fv2%2Fcomments&post=8811"}],"wp:featuredmedia":[{"embeddable":true,"href":"https:\/\/back.mascotarea.com\/index.php?rest_route=\/wp\/v2\/media\/8810"}],"wp:attachment":[{"href":"https:\/\/back.mascotarea.com\/index.php?rest_route=%2Fwp%2Fv2%2Fmedia&parent=8811"}],"wp:term":[{"taxonomy":"product_cat","embeddable":true,"href":"https:\/\/back.mascotarea.com\/index.php?rest_route=%2Fwp%2Fv2%2Fproduct_cat&post=8811"},{"taxonomy":"product_tag","embeddable":true,"href":"https:\/\/back.mascotarea.com\/index.php?rest_route=%2Fwp%2Fv2%2Fproduct_tag&post=8811"}],"curies":[{"name":"wp","href":"https:\/\/api.w.org\/{rel}","templated":true}]}}