{"id":8815,"date":"2021-05-05T14:40:01","date_gmt":"2021-05-05T14:40:01","guid":{"rendered":"https:\/\/back.mascotarea.com\/producto\/rosewood-grab-salmon\/"},"modified":"2023-06-04T06:10:59","modified_gmt":"2023-06-04T06:10:59","slug":"rosewood-grab-salmon","status":"publish","type":"product","link":"https:\/\/back.mascotarea.com\/?product=rosewood-grab-salmon","title":{"rendered":"Rosewood Grab Salm\u00f3n"},"content":{"rendered":"","protected":false},"excerpt":{"rendered":"<p>Peluche para perros con divertida forma de salm\u00f3n. Tu perro podr\u00e1 jugar durante horas mordisque\u00e1ndolo o simplemente dormir a su lado. Este juguete para perros es la opci\u00f3n perfecta para que tu perro tenga infinitas horas de diversi\u00f3n. Consiste en un peluche plubber que se trata de una combinaci\u00f3n de felpa (plush) y goma (rubber) de alta calidad para resistir el juego brusco y los mordiscos de cualquier perro.<\/p>\n","protected":false},"featured_media":8814,"comment_status":"open","ping_status":"closed","template":"","meta":{"_uag_custom_page_level_css":"","_themeisle_gutenberg_block_has_review":false},"product_cat":[181],"product_tag":[],"class_list":{"0":"post-8815","1":"product","2":"type-product","3":"status-publish","4":"has-post-thumbnail","6":"product_cat-juguetes-para-perro","8":"first","9":"outofstock","10":"taxable","11":"shipping-taxable","12":"purchasable","13":"product-type-simple","14":"customify-col"},"uagb_featured_image_src":{"full":["https:\/\/back.mascotarea.com\/wp-content\/uploads\/2021\/05\/rosewood-grab-salmon_8712.jpg",800,1000,false],"thumbnail":["https:\/\/back.mascotarea.com\/wp-content\/uploads\/2021\/05\/rosewood-grab-salmon_8712-150x150.jpg",150,150,true],"medium":["https:\/\/back.mascotarea.com\/wp-content\/uploads\/2021\/05\/rosewood-grab-salmon_8712-240x300.jpg",240,300,true],"medium_large":["https:\/\/back.mascotarea.com\/wp-content\/uploads\/2021\/05\/rosewood-grab-salmon_8712-768x960.jpg",768,960,true],"large":["https:\/\/back.mascotarea.com\/wp-content\/uploads\/2021\/05\/rosewood-grab-salmon_8712.jpg",800,1000,false],"1536x1536":["https:\/\/back.mascotarea.com\/wp-content\/uploads\/2021\/05\/rosewood-grab-salmon_8712.jpg",800,1000,false],"2048x2048":["https:\/\/back.mascotarea.com\/wp-content\/uploads\/2021\/05\/rosewood-grab-salmon_8712.jpg",800,1000,false],"woocommerce_thumbnail":["https:\/\/back.mascotarea.com\/wp-content\/uploads\/2021\/05\/rosewood-grab-salmon_8712-200x200.jpg",200,200,true],"woocommerce_single":["https:\/\/back.mascotarea.com\/wp-content\/uploads\/2021\/05\/rosewood-grab-salmon_8712-200x250.jpg",200,250,true],"woocommerce_gallery_thumbnail":["https:\/\/back.mascotarea.com\/wp-content\/uploads\/2021\/05\/rosewood-grab-salmon_8712-100x100.jpg",100,100,true],"dgwt-wcas-product-suggestion":["https:\/\/back.mascotarea.com\/wp-content\/uploads\/2021\/05\/rosewood-grab-salmon_8712-64x80.jpg",64,80,true]},"uagb_author_info":{"display_name":"Roberto","author_link":"https:\/\/back.mascotarea.com\/?author=0"},"uagb_comment_info":0,"uagb_excerpt":"Peluche para perros con divertida forma de salm\u00f3n. Tu perro podr\u00e1 jugar durante horas mordisque\u00e1ndolo o simplemente dormir a su lado. Este juguete para perros es la opci\u00f3n perfecta para que tu perro tenga infinitas horas de diversi\u00f3n. Consiste en un peluche plubber que se trata de una combinaci\u00f3n de felpa (plush) y goma (rubber)&hellip;","_links":{"self":[{"href":"https:\/\/back.mascotarea.com\/index.php?rest_route=\/wp\/v2\/product\/8815","targetHints":{"allow":["GET"]}}],"collection":[{"href":"https:\/\/back.mascotarea.com\/index.php?rest_route=\/wp\/v2\/product"}],"about":[{"href":"https:\/\/back.mascotarea.com\/index.php?rest_route=\/wp\/v2\/types\/product"}],"replies":[{"embeddable":true,"href":"https:\/\/back.mascotarea.com\/index.php?rest_route=%2Fwp%2Fv2%2Fcomments&post=8815"}],"wp:featuredmedia":[{"embeddable":true,"href":"https:\/\/back.mascotarea.com\/index.php?rest_route=\/wp\/v2\/media\/8814"}],"wp:attachment":[{"href":"https:\/\/back.mascotarea.com\/index.php?rest_route=%2Fwp%2Fv2%2Fmedia&parent=8815"}],"wp:term":[{"taxonomy":"product_cat","embeddable":true,"href":"https:\/\/back.mascotarea.com\/index.php?rest_route=%2Fwp%2Fv2%2Fproduct_cat&post=8815"},{"taxonomy":"product_tag","embeddable":true,"href":"https:\/\/back.mascotarea.com\/index.php?rest_route=%2Fwp%2Fv2%2Fproduct_tag&post=8815"}],"curies":[{"name":"wp","href":"https:\/\/api.w.org\/{rel}","templated":true}]}}