{"id":8925,"date":"2021-05-19T14:07:51","date_gmt":"2021-05-19T14:07:51","guid":{"rendered":"https:\/\/back.mascotarea.com\/producto\/juguete-natural-tirador\/"},"modified":"2023-06-04T06:11:06","modified_gmt":"2023-06-04T06:11:06","slug":"juguete-natural-tirador","status":"publish","type":"product","link":"https:\/\/back.mascotarea.com\/?product=juguete-natural-tirador","title":{"rendered":"Juguete Natural Tirador"},"content":{"rendered":"","protected":false},"excerpt":{"rendered":"<p>Biozoo Juguete Natural Tirador es un gracioso juguete-tirador para perros, con el que tu mascota y t\u00fa pasar\u00e1n gratos momentos. Su dise\u00f1o consiste en una forma rectangular con 1 asa en uno de los extremos. Tu perro podr\u00e1 agarrar por un extremo y t\u00fa por el asa, tirando cada uno hacia su lado. Esto fortalece las mand\u00edbulas, limpia los dientes y mejora el aliento.<\/p>\n","protected":false},"featured_media":8924,"comment_status":"open","ping_status":"closed","template":"","meta":{"_uag_custom_page_level_css":"","_themeisle_gutenberg_block_has_review":false},"product_cat":[181],"product_tag":[],"class_list":{"0":"post-8925","1":"product","2":"type-product","3":"status-publish","4":"has-post-thumbnail","6":"product_cat-juguetes-para-perro","8":"first","9":"outofstock","10":"taxable","11":"shipping-taxable","12":"purchasable","13":"product-type-simple","14":"customify-col"},"uagb_featured_image_src":{"full":["https:\/\/back.mascotarea.com\/wp-content\/uploads\/2021\/05\/juguete-natural-tirador_20940.jpg",800,1000,false],"thumbnail":["https:\/\/back.mascotarea.com\/wp-content\/uploads\/2021\/05\/juguete-natural-tirador_20940-150x150.jpg",150,150,true],"medium":["https:\/\/back.mascotarea.com\/wp-content\/uploads\/2021\/05\/juguete-natural-tirador_20940-240x300.jpg",240,300,true],"medium_large":["https:\/\/back.mascotarea.com\/wp-content\/uploads\/2021\/05\/juguete-natural-tirador_20940-768x960.jpg",768,960,true],"large":["https:\/\/back.mascotarea.com\/wp-content\/uploads\/2021\/05\/juguete-natural-tirador_20940.jpg",800,1000,false],"1536x1536":["https:\/\/back.mascotarea.com\/wp-content\/uploads\/2021\/05\/juguete-natural-tirador_20940.jpg",800,1000,false],"2048x2048":["https:\/\/back.mascotarea.com\/wp-content\/uploads\/2021\/05\/juguete-natural-tirador_20940.jpg",800,1000,false],"woocommerce_thumbnail":["https:\/\/back.mascotarea.com\/wp-content\/uploads\/2021\/05\/juguete-natural-tirador_20940-200x200.jpg",200,200,true],"woocommerce_single":["https:\/\/back.mascotarea.com\/wp-content\/uploads\/2021\/05\/juguete-natural-tirador_20940-200x250.jpg",200,250,true],"woocommerce_gallery_thumbnail":["https:\/\/back.mascotarea.com\/wp-content\/uploads\/2021\/05\/juguete-natural-tirador_20940-100x100.jpg",100,100,true],"dgwt-wcas-product-suggestion":["https:\/\/back.mascotarea.com\/wp-content\/uploads\/2021\/05\/juguete-natural-tirador_20940-64x80.jpg",64,80,true]},"uagb_author_info":{"display_name":"Roberto","author_link":"https:\/\/back.mascotarea.com\/?author=0"},"uagb_comment_info":0,"uagb_excerpt":"Biozoo Juguete Natural Tirador es un gracioso juguete-tirador para perros, con el que tu mascota y t\u00fa pasar\u00e1n gratos momentos. Su dise\u00f1o consiste en una forma rectangular con 1 asa en uno de los extremos. Tu perro podr\u00e1 agarrar por un extremo y t\u00fa por el asa, tirando cada uno hacia su lado. Esto fortalece&hellip;","_links":{"self":[{"href":"https:\/\/back.mascotarea.com\/index.php?rest_route=\/wp\/v2\/product\/8925","targetHints":{"allow":["GET"]}}],"collection":[{"href":"https:\/\/back.mascotarea.com\/index.php?rest_route=\/wp\/v2\/product"}],"about":[{"href":"https:\/\/back.mascotarea.com\/index.php?rest_route=\/wp\/v2\/types\/product"}],"replies":[{"embeddable":true,"href":"https:\/\/back.mascotarea.com\/index.php?rest_route=%2Fwp%2Fv2%2Fcomments&post=8925"}],"wp:featuredmedia":[{"embeddable":true,"href":"https:\/\/back.mascotarea.com\/index.php?rest_route=\/wp\/v2\/media\/8924"}],"wp:attachment":[{"href":"https:\/\/back.mascotarea.com\/index.php?rest_route=%2Fwp%2Fv2%2Fmedia&parent=8925"}],"wp:term":[{"taxonomy":"product_cat","embeddable":true,"href":"https:\/\/back.mascotarea.com\/index.php?rest_route=%2Fwp%2Fv2%2Fproduct_cat&post=8925"},{"taxonomy":"product_tag","embeddable":true,"href":"https:\/\/back.mascotarea.com\/index.php?rest_route=%2Fwp%2Fv2%2Fproduct_tag&post=8925"}],"curies":[{"name":"wp","href":"https:\/\/api.w.org\/{rel}","templated":true}]}}