{"id":8943,"date":"2021-05-19T14:18:18","date_gmt":"2021-05-19T14:18:18","guid":{"rendered":"https:\/\/back.mascotarea.com\/producto\/palo-azul-super-resistente\/"},"modified":"2024-06-13T08:25:52","modified_gmt":"2024-06-13T08:25:52","slug":"palo-azul-super-resistente","status":"publish","type":"product","link":"https:\/\/back.mascotarea.com\/?product=palo-azul-super-resistente","title":{"rendered":"Palo Azul Super Resistente"},"content":{"rendered":"","protected":false},"excerpt":{"rendered":"<p>Juguete de TPR para perros, de forma alargada en color azul. Ideal para ser lanzado y que el perro vaya a buscarlo y nos lo traiga. Tambi\u00e9n para que se entretenga mastic\u00e1ndolo. Tiene huecos y pinchos que masajean las enc\u00edas y ayudan a la higiene dental, favoreciendo la eliminaci\u00f3n del sarro y previniendo la formaci\u00f3n de la placa.<\/p>\n","protected":false},"featured_media":8942,"comment_status":"open","ping_status":"closed","template":"","meta":{"_uag_custom_page_level_css":"","_themeisle_gutenberg_block_has_review":false},"product_cat":[181],"product_tag":[],"class_list":{"0":"post-8943","1":"product","2":"type-product","3":"status-publish","4":"has-post-thumbnail","6":"product_cat-juguetes-para-perro","8":"first","9":"instock","10":"taxable","11":"shipping-taxable","12":"purchasable","13":"product-type-simple","14":"customify-col"},"uagb_featured_image_src":{"full":["https:\/\/back.mascotarea.com\/wp-content\/uploads\/2021\/05\/palo-azul-super-resistente_32174.jpg",800,1000,false],"thumbnail":["https:\/\/back.mascotarea.com\/wp-content\/uploads\/2021\/05\/palo-azul-super-resistente_32174-150x150.jpg",150,150,true],"medium":["https:\/\/back.mascotarea.com\/wp-content\/uploads\/2021\/05\/palo-azul-super-resistente_32174-240x300.jpg",240,300,true],"medium_large":["https:\/\/back.mascotarea.com\/wp-content\/uploads\/2021\/05\/palo-azul-super-resistente_32174-768x960.jpg",768,960,true],"large":["https:\/\/back.mascotarea.com\/wp-content\/uploads\/2021\/05\/palo-azul-super-resistente_32174.jpg",800,1000,false],"1536x1536":["https:\/\/back.mascotarea.com\/wp-content\/uploads\/2021\/05\/palo-azul-super-resistente_32174.jpg",800,1000,false],"2048x2048":["https:\/\/back.mascotarea.com\/wp-content\/uploads\/2021\/05\/palo-azul-super-resistente_32174.jpg",800,1000,false],"woocommerce_thumbnail":["https:\/\/back.mascotarea.com\/wp-content\/uploads\/2021\/05\/palo-azul-super-resistente_32174-200x200.jpg",200,200,true],"woocommerce_single":["https:\/\/back.mascotarea.com\/wp-content\/uploads\/2021\/05\/palo-azul-super-resistente_32174-200x250.jpg",200,250,true],"woocommerce_gallery_thumbnail":["https:\/\/back.mascotarea.com\/wp-content\/uploads\/2021\/05\/palo-azul-super-resistente_32174-100x100.jpg",100,100,true],"dgwt-wcas-product-suggestion":["https:\/\/back.mascotarea.com\/wp-content\/uploads\/2021\/05\/palo-azul-super-resistente_32174-64x80.jpg",64,80,true]},"uagb_author_info":{"display_name":"Roberto","author_link":"https:\/\/back.mascotarea.com\/?author=0"},"uagb_comment_info":0,"uagb_excerpt":"Juguete de TPR para perros, de forma alargada en color azul. Ideal para ser lanzado y que el perro vaya a buscarlo y nos lo traiga. Tambi\u00e9n para que se entretenga mastic\u00e1ndolo. Tiene huecos y pinchos que masajean las enc\u00edas y ayudan a la higiene dental, favoreciendo la eliminaci\u00f3n del sarro y previniendo la formaci\u00f3n&hellip;","_links":{"self":[{"href":"https:\/\/back.mascotarea.com\/index.php?rest_route=\/wp\/v2\/product\/8943","targetHints":{"allow":["GET"]}}],"collection":[{"href":"https:\/\/back.mascotarea.com\/index.php?rest_route=\/wp\/v2\/product"}],"about":[{"href":"https:\/\/back.mascotarea.com\/index.php?rest_route=\/wp\/v2\/types\/product"}],"replies":[{"embeddable":true,"href":"https:\/\/back.mascotarea.com\/index.php?rest_route=%2Fwp%2Fv2%2Fcomments&post=8943"}],"wp:featuredmedia":[{"embeddable":true,"href":"https:\/\/back.mascotarea.com\/index.php?rest_route=\/wp\/v2\/media\/8942"}],"wp:attachment":[{"href":"https:\/\/back.mascotarea.com\/index.php?rest_route=%2Fwp%2Fv2%2Fmedia&parent=8943"}],"wp:term":[{"taxonomy":"product_cat","embeddable":true,"href":"https:\/\/back.mascotarea.com\/index.php?rest_route=%2Fwp%2Fv2%2Fproduct_cat&post=8943"},{"taxonomy":"product_tag","embeddable":true,"href":"https:\/\/back.mascotarea.com\/index.php?rest_route=%2Fwp%2Fv2%2Fproduct_tag&post=8943"}],"curies":[{"name":"wp","href":"https:\/\/api.w.org\/{rel}","templated":true}]}}