{"id":8949,"date":"2021-05-19T14:18:28","date_gmt":"2021-05-19T14:18:28","guid":{"rendered":"https:\/\/back.mascotarea.com\/producto\/pelota-2-en-1-con-puas\/"},"modified":"2024-07-10T11:27:12","modified_gmt":"2024-07-10T11:27:12","slug":"pelota-2-en-1-con-puas","status":"publish","type":"product","link":"https:\/\/back.mascotarea.com\/?product=pelota-2-en-1-con-puas","title":{"rendered":"Pelota 2 En 1 Con P\u00faas"},"content":{"rendered":"","protected":false},"excerpt":{"rendered":"<p>Pelota transparente con p\u00faas semiblandas que contiene otra pelota azul en su interior.<\/p>\n<p>Ideal para ser lanzada y que el perro vaya a buscarla y nos lo traiga.<\/p>\n<p>Tambi\u00e9n para que se entretenga mastic\u00e1ndola.<\/p>\n<p>con p\u00faas semiblandas para masajear las enc\u00edas y ayudar a la higiene dental, favoreciendo la eliminaci\u00f3n del sarro y previniendo la formaci\u00f3n de la placa.<\/p>\n","protected":false},"featured_media":8948,"comment_status":"open","ping_status":"closed","template":"","meta":{"_uag_custom_page_level_css":"","_themeisle_gutenberg_block_has_review":false},"product_cat":[181],"product_tag":[],"class_list":{"0":"post-8949","1":"product","2":"type-product","3":"status-publish","4":"has-post-thumbnail","6":"product_cat-juguetes-para-perro","8":"first","9":"instock","10":"taxable","11":"shipping-taxable","12":"purchasable","13":"product-type-simple","14":"customify-col"},"uagb_featured_image_src":{"full":["https:\/\/back.mascotarea.com\/wp-content\/uploads\/2021\/05\/pelota-2-en-1-con-puas_22656.jpg",800,1000,false],"thumbnail":["https:\/\/back.mascotarea.com\/wp-content\/uploads\/2021\/05\/pelota-2-en-1-con-puas_22656-150x150.jpg",150,150,true],"medium":["https:\/\/back.mascotarea.com\/wp-content\/uploads\/2021\/05\/pelota-2-en-1-con-puas_22656-240x300.jpg",240,300,true],"medium_large":["https:\/\/back.mascotarea.com\/wp-content\/uploads\/2021\/05\/pelota-2-en-1-con-puas_22656-768x960.jpg",768,960,true],"large":["https:\/\/back.mascotarea.com\/wp-content\/uploads\/2021\/05\/pelota-2-en-1-con-puas_22656.jpg",800,1000,false],"1536x1536":["https:\/\/back.mascotarea.com\/wp-content\/uploads\/2021\/05\/pelota-2-en-1-con-puas_22656.jpg",800,1000,false],"2048x2048":["https:\/\/back.mascotarea.com\/wp-content\/uploads\/2021\/05\/pelota-2-en-1-con-puas_22656.jpg",800,1000,false],"woocommerce_thumbnail":["https:\/\/back.mascotarea.com\/wp-content\/uploads\/2021\/05\/pelota-2-en-1-con-puas_22656-200x200.jpg",200,200,true],"woocommerce_single":["https:\/\/back.mascotarea.com\/wp-content\/uploads\/2021\/05\/pelota-2-en-1-con-puas_22656-200x250.jpg",200,250,true],"woocommerce_gallery_thumbnail":["https:\/\/back.mascotarea.com\/wp-content\/uploads\/2021\/05\/pelota-2-en-1-con-puas_22656-100x100.jpg",100,100,true],"dgwt-wcas-product-suggestion":["https:\/\/back.mascotarea.com\/wp-content\/uploads\/2021\/05\/pelota-2-en-1-con-puas_22656-64x80.jpg",64,80,true]},"uagb_author_info":{"display_name":"Roberto","author_link":"https:\/\/back.mascotarea.com\/?author=0"},"uagb_comment_info":0,"uagb_excerpt":"Pelota transparente con p\u00faas semiblandas que contiene otra pelota azul en su interior.Ideal para ser lanzada y que el perro vaya a buscarla y nos lo traiga.Tambi\u00e9n para que se entretenga mastic\u00e1ndola.con p\u00faas semiblandas para masajear las enc\u00edas y ayudar a la higiene dental, favoreciendo la eliminaci\u00f3n del sarro y previniendo la formaci\u00f3n de la&hellip;","_links":{"self":[{"href":"https:\/\/back.mascotarea.com\/index.php?rest_route=\/wp\/v2\/product\/8949","targetHints":{"allow":["GET"]}}],"collection":[{"href":"https:\/\/back.mascotarea.com\/index.php?rest_route=\/wp\/v2\/product"}],"about":[{"href":"https:\/\/back.mascotarea.com\/index.php?rest_route=\/wp\/v2\/types\/product"}],"replies":[{"embeddable":true,"href":"https:\/\/back.mascotarea.com\/index.php?rest_route=%2Fwp%2Fv2%2Fcomments&post=8949"}],"wp:featuredmedia":[{"embeddable":true,"href":"https:\/\/back.mascotarea.com\/index.php?rest_route=\/wp\/v2\/media\/8948"}],"wp:attachment":[{"href":"https:\/\/back.mascotarea.com\/index.php?rest_route=%2Fwp%2Fv2%2Fmedia&parent=8949"}],"wp:term":[{"taxonomy":"product_cat","embeddable":true,"href":"https:\/\/back.mascotarea.com\/index.php?rest_route=%2Fwp%2Fv2%2Fproduct_cat&post=8949"},{"taxonomy":"product_tag","embeddable":true,"href":"https:\/\/back.mascotarea.com\/index.php?rest_route=%2Fwp%2Fv2%2Fproduct_tag&post=8949"}],"curies":[{"name":"wp","href":"https:\/\/api.w.org\/{rel}","templated":true}]}}