{"id":8995,"date":"2021-07-07T16:35:55","date_gmt":"2021-07-07T16:35:55","guid":{"rendered":"https:\/\/back.mascotarea.com\/producto\/rodillo-antipelos-con-cepillo-23cm-naranja-negro\/"},"modified":"2023-06-04T06:11:09","modified_gmt":"2023-06-04T06:11:09","slug":"rodillo-antipelos-con-cepillo-23cm-naranja-negro","status":"publish","type":"product","link":"https:\/\/back.mascotarea.com\/?product=rodillo-antipelos-con-cepillo-23cm-naranja-negro","title":{"rendered":"Rodillo Antipelos Con Cepillo, 23cm"},"content":{"rendered":"","protected":false},"excerpt":{"rendered":"<p>    caucho termopl\u00e1stico (TPR)<\/p>\n<p>    p. ej. para tapicer\u00edas y tejidos<\/p>\n<p>    retirada de pelusa y pelo de animales<\/p>\n<p>    las p\u00faas de silicona eliminan el pelo suelto de los tejidos<\/p>\n<p>    los pelos de los animales se adhieren a la superficie del rodillo<\/p>\n<p>    rodillo de silicona reutilizable: se limpia el con agua<\/p>\n<p>    pr\u00e1ctico gracias a la cubierta protectora que se abre<\/p>\n<p><\/p>\n","protected":false},"featured_media":8994,"comment_status":"open","ping_status":"closed","template":"","meta":{"_uag_custom_page_level_css":"","_themeisle_gutenberg_block_has_review":false},"product_cat":[179],"product_tag":[],"class_list":{"0":"post-8995","1":"product","2":"type-product","3":"status-publish","4":"has-post-thumbnail","6":"product_cat-higiene-y-peluqueria","8":"first","9":"outofstock","10":"taxable","11":"shipping-taxable","12":"purchasable","13":"product-type-simple","14":"customify-col"},"uagb_featured_image_src":{"full":["https:\/\/back.mascotarea.com\/wp-content\/uploads\/2021\/07\/rodillo-antipelos-con-cepillo-23cm_1574114822.jpg",800,1000,false],"thumbnail":["https:\/\/back.mascotarea.com\/wp-content\/uploads\/2021\/07\/rodillo-antipelos-con-cepillo-23cm_1574114822-150x150.jpg",150,150,true],"medium":["https:\/\/back.mascotarea.com\/wp-content\/uploads\/2021\/07\/rodillo-antipelos-con-cepillo-23cm_1574114822-240x300.jpg",240,300,true],"medium_large":["https:\/\/back.mascotarea.com\/wp-content\/uploads\/2021\/07\/rodillo-antipelos-con-cepillo-23cm_1574114822-768x960.jpg",768,960,true],"large":["https:\/\/back.mascotarea.com\/wp-content\/uploads\/2021\/07\/rodillo-antipelos-con-cepillo-23cm_1574114822.jpg",800,1000,false],"1536x1536":["https:\/\/back.mascotarea.com\/wp-content\/uploads\/2021\/07\/rodillo-antipelos-con-cepillo-23cm_1574114822.jpg",800,1000,false],"2048x2048":["https:\/\/back.mascotarea.com\/wp-content\/uploads\/2021\/07\/rodillo-antipelos-con-cepillo-23cm_1574114822.jpg",800,1000,false],"woocommerce_thumbnail":["https:\/\/back.mascotarea.com\/wp-content\/uploads\/2021\/07\/rodillo-antipelos-con-cepillo-23cm_1574114822-200x200.jpg",200,200,true],"woocommerce_single":["https:\/\/back.mascotarea.com\/wp-content\/uploads\/2021\/07\/rodillo-antipelos-con-cepillo-23cm_1574114822-200x250.jpg",200,250,true],"woocommerce_gallery_thumbnail":["https:\/\/back.mascotarea.com\/wp-content\/uploads\/2021\/07\/rodillo-antipelos-con-cepillo-23cm_1574114822-100x100.jpg",100,100,true],"dgwt-wcas-product-suggestion":["https:\/\/back.mascotarea.com\/wp-content\/uploads\/2021\/07\/rodillo-antipelos-con-cepillo-23cm_1574114822-64x80.jpg",64,80,true]},"uagb_author_info":{"display_name":"Roberto","author_link":"https:\/\/back.mascotarea.com\/?author=0"},"uagb_comment_info":0,"uagb_excerpt":"caucho termopl\u00e1stico (TPR) p. ej. para tapicer\u00edas y tejidos retirada de pelusa y pelo de animales las p\u00faas de silicona eliminan el pelo suelto de los tejidos los pelos de los animales se adhieren a la superficie del rodillo rodillo de silicona reutilizable: se limpia el con agua pr\u00e1ctico gracias a la cubierta protectora que&hellip;","_links":{"self":[{"href":"https:\/\/back.mascotarea.com\/index.php?rest_route=\/wp\/v2\/product\/8995","targetHints":{"allow":["GET"]}}],"collection":[{"href":"https:\/\/back.mascotarea.com\/index.php?rest_route=\/wp\/v2\/product"}],"about":[{"href":"https:\/\/back.mascotarea.com\/index.php?rest_route=\/wp\/v2\/types\/product"}],"replies":[{"embeddable":true,"href":"https:\/\/back.mascotarea.com\/index.php?rest_route=%2Fwp%2Fv2%2Fcomments&post=8995"}],"wp:featuredmedia":[{"embeddable":true,"href":"https:\/\/back.mascotarea.com\/index.php?rest_route=\/wp\/v2\/media\/8994"}],"wp:attachment":[{"href":"https:\/\/back.mascotarea.com\/index.php?rest_route=%2Fwp%2Fv2%2Fmedia&parent=8995"}],"wp:term":[{"taxonomy":"product_cat","embeddable":true,"href":"https:\/\/back.mascotarea.com\/index.php?rest_route=%2Fwp%2Fv2%2Fproduct_cat&post=8995"},{"taxonomy":"product_tag","embeddable":true,"href":"https:\/\/back.mascotarea.com\/index.php?rest_route=%2Fwp%2Fv2%2Fproduct_tag&post=8995"}],"curies":[{"name":"wp","href":"https:\/\/api.w.org\/{rel}","templated":true}]}}