{"id":9007,"date":"2021-07-07T17:18:42","date_gmt":"2021-07-07T17:18:42","guid":{"rendered":"https:\/\/back.mascotarea.com\/producto\/cortaunas-guillotina-8-cm\/"},"modified":"2023-06-04T06:11:09","modified_gmt":"2023-06-04T06:11:09","slug":"cortaunas-guillotina-8-cm","status":"publish","type":"product","link":"https:\/\/back.mascotarea.com\/?product=cortaunas-guillotina-8-cm","title":{"rendered":"Corta\u00fa\u00f1as Guillotina, 8 Cm"},"content":{"rendered":"","protected":false},"excerpt":{"rendered":"<p> Para la u\u00f1as de mascotas peque\u00f1as &#8211; metal &#8211; mango de pl\u00e1stico antideslizante Siempre se debe de estar pendiente de que las u\u00f1as de las mascotas no est \u00e9 n demasiado largas <\/p>\n","protected":false},"featured_media":9006,"comment_status":"open","ping_status":"closed","template":"","meta":{"_uag_custom_page_level_css":"","_themeisle_gutenberg_block_has_review":false},"product_cat":[180,179],"product_tag":[],"class_list":{"0":"post-9007","1":"product","2":"type-product","3":"status-publish","4":"has-post-thumbnail","6":"product_cat-accesorios-de-peluqueria-para-perros","7":"product_cat-higiene-y-peluqueria","9":"first","10":"outofstock","11":"taxable","12":"shipping-taxable","13":"purchasable","14":"product-type-simple","15":"customify-col"},"uagb_featured_image_src":{"full":["https:\/\/back.mascotarea.com\/wp-content\/uploads\/2021\/07\/cortaunas-guillotina-8-cm_829868912.jpg",800,1000,false],"thumbnail":["https:\/\/back.mascotarea.com\/wp-content\/uploads\/2021\/07\/cortaunas-guillotina-8-cm_829868912-150x150.jpg",150,150,true],"medium":["https:\/\/back.mascotarea.com\/wp-content\/uploads\/2021\/07\/cortaunas-guillotina-8-cm_829868912-240x300.jpg",240,300,true],"medium_large":["https:\/\/back.mascotarea.com\/wp-content\/uploads\/2021\/07\/cortaunas-guillotina-8-cm_829868912-768x960.jpg",768,960,true],"large":["https:\/\/back.mascotarea.com\/wp-content\/uploads\/2021\/07\/cortaunas-guillotina-8-cm_829868912.jpg",800,1000,false],"1536x1536":["https:\/\/back.mascotarea.com\/wp-content\/uploads\/2021\/07\/cortaunas-guillotina-8-cm_829868912.jpg",800,1000,false],"2048x2048":["https:\/\/back.mascotarea.com\/wp-content\/uploads\/2021\/07\/cortaunas-guillotina-8-cm_829868912.jpg",800,1000,false],"woocommerce_thumbnail":["https:\/\/back.mascotarea.com\/wp-content\/uploads\/2021\/07\/cortaunas-guillotina-8-cm_829868912-200x200.jpg",200,200,true],"woocommerce_single":["https:\/\/back.mascotarea.com\/wp-content\/uploads\/2021\/07\/cortaunas-guillotina-8-cm_829868912-200x250.jpg",200,250,true],"woocommerce_gallery_thumbnail":["https:\/\/back.mascotarea.com\/wp-content\/uploads\/2021\/07\/cortaunas-guillotina-8-cm_829868912-100x100.jpg",100,100,true],"dgwt-wcas-product-suggestion":["https:\/\/back.mascotarea.com\/wp-content\/uploads\/2021\/07\/cortaunas-guillotina-8-cm_829868912-64x80.jpg",64,80,true]},"uagb_author_info":{"display_name":"Roberto","author_link":"https:\/\/back.mascotarea.com\/?author=0"},"uagb_comment_info":0,"uagb_excerpt":"Para la u\u00f1as de mascotas peque\u00f1as - metal - mango de pl\u00e1stico antideslizante Siempre se debe de estar pendiente de que las u\u00f1as de las mascotas no est \u00e9 n demasiado largas","_links":{"self":[{"href":"https:\/\/back.mascotarea.com\/index.php?rest_route=\/wp\/v2\/product\/9007","targetHints":{"allow":["GET"]}}],"collection":[{"href":"https:\/\/back.mascotarea.com\/index.php?rest_route=\/wp\/v2\/product"}],"about":[{"href":"https:\/\/back.mascotarea.com\/index.php?rest_route=\/wp\/v2\/types\/product"}],"replies":[{"embeddable":true,"href":"https:\/\/back.mascotarea.com\/index.php?rest_route=%2Fwp%2Fv2%2Fcomments&post=9007"}],"wp:featuredmedia":[{"embeddable":true,"href":"https:\/\/back.mascotarea.com\/index.php?rest_route=\/wp\/v2\/media\/9006"}],"wp:attachment":[{"href":"https:\/\/back.mascotarea.com\/index.php?rest_route=%2Fwp%2Fv2%2Fmedia&parent=9007"}],"wp:term":[{"taxonomy":"product_cat","embeddable":true,"href":"https:\/\/back.mascotarea.com\/index.php?rest_route=%2Fwp%2Fv2%2Fproduct_cat&post=9007"},{"taxonomy":"product_tag","embeddable":true,"href":"https:\/\/back.mascotarea.com\/index.php?rest_route=%2Fwp%2Fv2%2Fproduct_tag&post=9007"}],"curies":[{"name":"wp","href":"https:\/\/api.w.org\/{rel}","templated":true}]}}