{"id":9076,"date":"2021-07-20T15:25:18","date_gmt":"2021-07-20T15:25:18","guid":{"rendered":"https:\/\/back.mascotarea.com\/producto\/manopla-de-goma-grande-19-cm\/"},"modified":"2023-06-04T06:11:14","modified_gmt":"2023-06-04T06:11:14","slug":"manopla-de-goma-grande-19-cm","status":"publish","type":"product","link":"https:\/\/back.mascotarea.com\/?product=manopla-de-goma-grande-19-cm","title":{"rendered":"Manopla De Goma Grande  19 Cm"},"content":{"rendered":"","protected":false},"excerpt":{"rendered":"<p>Cepillado en profundidad de pelo semilargo, pelo duro y pelo corto.<\/p>\n<p><\/p>\n<p>Se puede usar en seco en razas de pelo corto para eliminar el pelo.<\/p>\n<p><\/p>\n<p>Para razas peque\u00f1as y medianas.<\/p>\n<p><\/p>\n<p>P\u00faas de 3 cabezas.<\/p>\n<p><\/p>\n<p>Para razas peque\u00f1as y medianas. <\/p>\n","protected":false},"featured_media":9075,"comment_status":"open","ping_status":"closed","template":"","meta":{"_uag_custom_page_level_css":"","_themeisle_gutenberg_block_has_review":false},"product_cat":[180],"product_tag":[],"class_list":{"0":"post-9076","1":"product","2":"type-product","3":"status-publish","4":"has-post-thumbnail","6":"product_cat-accesorios-de-peluqueria-para-perros","8":"first","9":"outofstock","10":"taxable","11":"shipping-taxable","12":"purchasable","13":"product-type-simple","14":"customify-col"},"uagb_featured_image_src":{"full":["https:\/\/back.mascotarea.com\/wp-content\/uploads\/2021\/07\/manopla-de-goma-grande-19-cm_867123678.jpg",800,1000,false],"thumbnail":["https:\/\/back.mascotarea.com\/wp-content\/uploads\/2021\/07\/manopla-de-goma-grande-19-cm_867123678-150x150.jpg",150,150,true],"medium":["https:\/\/back.mascotarea.com\/wp-content\/uploads\/2021\/07\/manopla-de-goma-grande-19-cm_867123678-240x300.jpg",240,300,true],"medium_large":["https:\/\/back.mascotarea.com\/wp-content\/uploads\/2021\/07\/manopla-de-goma-grande-19-cm_867123678-768x960.jpg",768,960,true],"large":["https:\/\/back.mascotarea.com\/wp-content\/uploads\/2021\/07\/manopla-de-goma-grande-19-cm_867123678.jpg",800,1000,false],"1536x1536":["https:\/\/back.mascotarea.com\/wp-content\/uploads\/2021\/07\/manopla-de-goma-grande-19-cm_867123678.jpg",800,1000,false],"2048x2048":["https:\/\/back.mascotarea.com\/wp-content\/uploads\/2021\/07\/manopla-de-goma-grande-19-cm_867123678.jpg",800,1000,false],"woocommerce_thumbnail":["https:\/\/back.mascotarea.com\/wp-content\/uploads\/2021\/07\/manopla-de-goma-grande-19-cm_867123678-200x200.jpg",200,200,true],"woocommerce_single":["https:\/\/back.mascotarea.com\/wp-content\/uploads\/2021\/07\/manopla-de-goma-grande-19-cm_867123678-200x250.jpg",200,250,true],"woocommerce_gallery_thumbnail":["https:\/\/back.mascotarea.com\/wp-content\/uploads\/2021\/07\/manopla-de-goma-grande-19-cm_867123678-100x100.jpg",100,100,true],"dgwt-wcas-product-suggestion":["https:\/\/back.mascotarea.com\/wp-content\/uploads\/2021\/07\/manopla-de-goma-grande-19-cm_867123678-64x80.jpg",64,80,true]},"uagb_author_info":{"display_name":"Roberto","author_link":"https:\/\/back.mascotarea.com\/?author=0"},"uagb_comment_info":0,"uagb_excerpt":"Cepillado en profundidad de pelo semilargo, pelo duro y pelo corto.Se puede usar en seco en razas de pelo corto para eliminar el pelo.Para razas peque\u00f1as y medianas.P\u00faas de 3 cabezas.Para razas peque\u00f1as y medianas.","_links":{"self":[{"href":"https:\/\/back.mascotarea.com\/index.php?rest_route=\/wp\/v2\/product\/9076","targetHints":{"allow":["GET"]}}],"collection":[{"href":"https:\/\/back.mascotarea.com\/index.php?rest_route=\/wp\/v2\/product"}],"about":[{"href":"https:\/\/back.mascotarea.com\/index.php?rest_route=\/wp\/v2\/types\/product"}],"replies":[{"embeddable":true,"href":"https:\/\/back.mascotarea.com\/index.php?rest_route=%2Fwp%2Fv2%2Fcomments&post=9076"}],"wp:featuredmedia":[{"embeddable":true,"href":"https:\/\/back.mascotarea.com\/index.php?rest_route=\/wp\/v2\/media\/9075"}],"wp:attachment":[{"href":"https:\/\/back.mascotarea.com\/index.php?rest_route=%2Fwp%2Fv2%2Fmedia&parent=9076"}],"wp:term":[{"taxonomy":"product_cat","embeddable":true,"href":"https:\/\/back.mascotarea.com\/index.php?rest_route=%2Fwp%2Fv2%2Fproduct_cat&post=9076"},{"taxonomy":"product_tag","embeddable":true,"href":"https:\/\/back.mascotarea.com\/index.php?rest_route=%2Fwp%2Fv2%2Fproduct_tag&post=9076"}],"curies":[{"name":"wp","href":"https:\/\/api.w.org\/{rel}","templated":true}]}}